{"id":9384,"date":"2018-05-03T21:48:59","date_gmt":"2018-05-03T21:48:59","guid":{"rendered":"https:\/\/https:\/\/www.unemi.edu.ec\/\/wordpress\/?page_id=9384"},"modified":"2018-06-07T19:34:42","modified_gmt":"2018-06-07T19:34:42","slug":"universidad-tecnica-estatal-de-quevedo-3","status":"publish","type":"page","link":"https:\/\/www.unemi.edu.ec\/index.php\/universidad-tecnica-estatal-de-quevedo-3\/","title":{"rendered":"Universidad T\u00e9cnica Estatal de Quevedo"},"content":{"rendered":"<table width=\"561\">\n<tbody>\n<tr>\n<td width=\"237\"><strong>Responsable contraparte<\/strong><\/td>\n<td style=\"text-align: left;\" width=\"324\">Director de Investigaci\u00f3n<\/td>\n<\/tr>\n<tr>\n<td width=\"237\"><strong>Responsable Unemi<\/strong><\/td>\n<td style=\"text-align: left;\">Directores de Carrera<\/td>\n<\/tr>\n<tr>\n<td width=\"237\"><strong>Objetivo<\/strong><\/td>\n<td style=\"text-align: left;\" width=\"324\">Establecer relaciones de cooperaci\u00f3n interinstitucional.<\/td>\n<\/tr>\n<tr>\n<td width=\"237\"><strong>Actividades<\/strong><\/td>\n<td style=\"text-align: left;\" width=\"324\">\n<ul>\n<li>Proyectos de vinculaci\u00f3n con la colectividad.<\/li>\n<li>Proyectos de investigaci\u00f3n cient\u00edfica y colaborativa<\/li>\n<li>Programas colaborativos de pasant\u00edas y\/o pr\u00e1cticas pre profesionales.<\/li>\n<li>Conferencias, seminarios, simposios, talleres y eventos.<\/li>\n<li>Uso de infraestructura.<\/li>\n<\/ul>\n<\/td>\n<\/tr>\n<tr>\n<td><strong>Tipo de convenio\u00a0<\/strong><\/td>\n<td style=\"text-align: left;\" width=\"324\">Convenio Marco de Cooperaci\u00f3n Interinstitucional<\/td>\n<\/tr>\n<\/tbody>\n<\/table>\n","protected":false},"excerpt":{"rendered":"<p>Responsable contraparte Director de Investigaci\u00f3n Responsable Unemi Directores de Carrera Objetivo Establecer relaciones de cooperaci\u00f3n interinstitucional. Actividades Proyectos de vinculaci\u00f3n con la colectividad. Proyectos de investigaci\u00f3n cient\u00edfica y colaborativa Programas [&hellip;]<\/p>\n","protected":false},"author":23,"featured_media":0,"parent":0,"menu_order":0,"comment_status":"closed","ping_status":"closed","template":"","meta":{"_joinchat":[],"footnotes":""},"class_list":["post-9384","page","type-page","status-publish","hentry"],"_links":{"self":[{"href":"https:\/\/www.unemi.edu.ec\/index.php\/wp-json\/wp\/v2\/pages\/9384","targetHints":{"allow":["GET"]}}],"collection":[{"href":"https:\/\/www.unemi.edu.ec\/index.php\/wp-json\/wp\/v2\/pages"}],"about":[{"href":"https:\/\/www.unemi.edu.ec\/index.php\/wp-json\/wp\/v2\/types\/page"}],"author":[{"embeddable":true,"href":"https:\/\/www.unemi.edu.ec\/index.php\/wp-json\/wp\/v2\/users\/23"}],"replies":[{"embeddable":true,"href":"https:\/\/www.unemi.edu.ec\/index.php\/wp-json\/wp\/v2\/comments?post=9384"}],"version-history":[{"count":0,"href":"https:\/\/www.unemi.edu.ec\/index.php\/wp-json\/wp\/v2\/pages\/9384\/revisions"}],"wp:attachment":[{"href":"https:\/\/www.unemi.edu.ec\/index.php\/wp-json\/wp\/v2\/media?parent=9384"}],"curies":[{"name":"wp","href":"https:\/\/api.w.org\/{rel}","templated":true}]}}