{"id":9306,"date":"2018-05-03T20:19:18","date_gmt":"2018-05-03T20:19:18","guid":{"rendered":"https:\/\/https:\/\/www.unemi.edu.ec\/\/wordpress\/?page_id=9306"},"modified":"2018-05-29T20:58:51","modified_gmt":"2018-05-29T20:58:51","slug":"papelera-nacional-s-a-2","status":"publish","type":"page","link":"https:\/\/www.unemi.edu.ec\/index.php\/papelera-nacional-s-a-2\/","title":{"rendered":"Papelera Nacional S.A."},"content":{"rendered":"<table width=\"561\">\n<tbody>\n<tr>\n<td width=\"237\"><strong>Responsable contraparte<\/strong><\/td>\n<td style=\"text-align: left;\" width=\"324\">Secretaria-Gesti\u00f3n Humana<\/td>\n<\/tr>\n<tr>\n<td width=\"237\"><strong>Responsable Unemi<\/strong><\/td>\n<td style=\"text-align: left;\">Coordinador de Vinculaci\u00f3n<\/td>\n<\/tr>\n<tr>\n<td width=\"237\"><strong>Objetivo<\/strong><\/td>\n<td style=\"text-align: left;\" width=\"324\">Establecer relaciones de cooperaci\u00f3n interinstitucional.<\/td>\n<\/tr>\n<tr>\n<td width=\"237\"><strong>Actividades<\/strong><\/td>\n<td style=\"text-align: left;\" width=\"324\">Programas colaborativos de Pasant\u00edas y\/o Pr\u00e1cticas Pre Profesionales.<\/td>\n<\/tr>\n<tr>\n<td><strong>Tipo de convenio\u00a0<\/strong><\/td>\n<td style=\"text-align: left;\">Convenio Marco de Cooperaci\u00f3n Interinstitucional<\/td>\n<\/tr>\n<\/tbody>\n<\/table>\n","protected":false},"excerpt":{"rendered":"<p>Responsable contraparte Secretaria-Gesti\u00f3n Humana Responsable Unemi Coordinador de Vinculaci\u00f3n Objetivo Establecer relaciones de cooperaci\u00f3n interinstitucional. Actividades Programas colaborativos de Pasant\u00edas y\/o Pr\u00e1cticas Pre Profesionales. Tipo de convenio\u00a0 Convenio Marco de [&hellip;]<\/p>\n","protected":false},"author":23,"featured_media":0,"parent":0,"menu_order":0,"comment_status":"closed","ping_status":"closed","template":"","meta":{"_joinchat":[],"footnotes":""},"class_list":["post-9306","page","type-page","status-publish","hentry"],"_links":{"self":[{"href":"https:\/\/www.unemi.edu.ec\/index.php\/wp-json\/wp\/v2\/pages\/9306","targetHints":{"allow":["GET"]}}],"collection":[{"href":"https:\/\/www.unemi.edu.ec\/index.php\/wp-json\/wp\/v2\/pages"}],"about":[{"href":"https:\/\/www.unemi.edu.ec\/index.php\/wp-json\/wp\/v2\/types\/page"}],"author":[{"embeddable":true,"href":"https:\/\/www.unemi.edu.ec\/index.php\/wp-json\/wp\/v2\/users\/23"}],"replies":[{"embeddable":true,"href":"https:\/\/www.unemi.edu.ec\/index.php\/wp-json\/wp\/v2\/comments?post=9306"}],"version-history":[{"count":0,"href":"https:\/\/www.unemi.edu.ec\/index.php\/wp-json\/wp\/v2\/pages\/9306\/revisions"}],"wp:attachment":[{"href":"https:\/\/www.unemi.edu.ec\/index.php\/wp-json\/wp\/v2\/media?parent=9306"}],"curies":[{"name":"wp","href":"https:\/\/api.w.org\/{rel}","templated":true}]}}