{"id":9223,"date":"2018-05-02T19:54:02","date_gmt":"2018-05-02T19:54:02","guid":{"rendered":"https:\/\/https:\/\/www.unemi.edu.ec\/\/wordpress\/?page_id=9223"},"modified":"2018-05-18T21:35:19","modified_gmt":"2018-05-18T21:35:19","slug":"ministerio-de-salud-publica-del-ecuador","status":"publish","type":"page","link":"https:\/\/www.unemi.edu.ec\/index.php\/ministerio-de-salud-publica-del-ecuador\/","title":{"rendered":"Ministerio de Salud P\u00fablica Del Ecuador"},"content":{"rendered":"<table style=\"height: 574px;\" width=\"824\">\n<tbody>\n<tr>\n<td style=\"width: 341px;\"><strong>Responsable contraparte<\/strong><\/td>\n<td style=\"width: 467px; text-align: left;\">Delegado<\/td>\n<\/tr>\n<tr>\n<td style=\"width: 341px;\"><strong>Responsable Unemi<\/strong><\/td>\n<td style=\"width: 467px; text-align: left;\">Decano de Ciencias de Salud<\/td>\n<\/tr>\n<tr>\n<td style=\"width: 341px;\"><strong>Objetivo<\/strong><\/td>\n<td style=\"width: 467px; text-align: left;\">Fomentar la cooperaci\u00f3n interinstitucional entre el MSP y la UNEMI, como una herramienta que permita promover la formaci\u00f3n de talento humano en salud, de acuerdo a la brecha de profesionales de salud y las necesidades nacionales establecidas por la Autoridad Sanitaria Nacional.<\/td>\n<\/tr>\n<tr>\n<td style=\"width: 341px;\"><strong>Actividades<\/strong><\/td>\n<td style=\"width: 467px; text-align: left;\">\n<ul>\n<li>Coordinar sus procesos tomando en cuenta a la Bio\u00e9tica como eje longitudinal y transversal en el marco de la normativa establecida.<\/li>\n<li>Facilitar la gesti\u00f3n interinstitucional a trav\u00e9s de la coordinaci\u00f3n de los grupos de trabajo.<\/li>\n<li>Coordinar las estrategias y actividades que sean necesarias para la efectiva implementaci\u00f3n de este convenio.<\/li>\n<\/ul>\n<\/td>\n<\/tr>\n<tr>\n<td style=\"width: 341px;\"><strong>Tipo de convenio\u00a0<\/strong><\/td>\n<td style=\"width: 467px; text-align: left;\">Convenio Marco de Cooperaci\u00f3n Interinstitucional para desarrollar la capacidad de gesti\u00f3n institucional en la persona del MSP.<\/td>\n<\/tr>\n<\/tbody>\n<\/table>\n","protected":false},"excerpt":{"rendered":"<p>Responsable contraparte Delegado Responsable Unemi Decano de Ciencias de Salud Objetivo Fomentar la cooperaci\u00f3n interinstitucional entre el MSP y la UNEMI, como una herramienta que permita promover la formaci\u00f3n de [&hellip;]<\/p>\n","protected":false},"author":23,"featured_media":0,"parent":0,"menu_order":0,"comment_status":"closed","ping_status":"closed","template":"","meta":{"_joinchat":[],"footnotes":""},"class_list":["post-9223","page","type-page","status-publish","hentry"],"_links":{"self":[{"href":"https:\/\/www.unemi.edu.ec\/index.php\/wp-json\/wp\/v2\/pages\/9223","targetHints":{"allow":["GET"]}}],"collection":[{"href":"https:\/\/www.unemi.edu.ec\/index.php\/wp-json\/wp\/v2\/pages"}],"about":[{"href":"https:\/\/www.unemi.edu.ec\/index.php\/wp-json\/wp\/v2\/types\/page"}],"author":[{"embeddable":true,"href":"https:\/\/www.unemi.edu.ec\/index.php\/wp-json\/wp\/v2\/users\/23"}],"replies":[{"embeddable":true,"href":"https:\/\/www.unemi.edu.ec\/index.php\/wp-json\/wp\/v2\/comments?post=9223"}],"version-history":[{"count":0,"href":"https:\/\/www.unemi.edu.ec\/index.php\/wp-json\/wp\/v2\/pages\/9223\/revisions"}],"wp:attachment":[{"href":"https:\/\/www.unemi.edu.ec\/index.php\/wp-json\/wp\/v2\/media?parent=9223"}],"curies":[{"name":"wp","href":"https:\/\/api.w.org\/{rel}","templated":true}]}}