{"id":9136,"date":"2018-04-25T22:02:42","date_gmt":"2018-04-25T22:02:42","guid":{"rendered":"https:\/\/https:\/\/www.unemi.edu.ec\/\/wordpress\/?page_id=9136"},"modified":"2018-05-23T20:37:42","modified_gmt":"2018-05-23T20:37:42","slug":"ministerio-del-interior","status":"publish","type":"page","link":"https:\/\/www.unemi.edu.ec\/index.php\/ministerio-del-interior\/","title":{"rendered":"Ministerio del Interior"},"content":{"rendered":"<table width=\"561\">\n<tbody>\n<tr>\n<td width=\"237\"><strong>Responsable contraparte<\/strong><\/td>\n<td style=\"text-align: left;\" width=\"324\">Crnel. Maciel Oswaldo Ochoa Ben\u00edtez<\/td>\n<\/tr>\n<tr>\n<td width=\"237\"><strong>Responsable Unemi<\/strong><\/td>\n<td style=\"text-align: left;\">Director de Extensi\u00f3n Universitaria<\/td>\n<\/tr>\n<tr>\n<td width=\"237\"><strong>Objetivo<\/strong><\/td>\n<td style=\"text-align: left;\" width=\"324\">Establecer relaciones acad\u00e9micas, cient\u00edficas y de transferencia de informaci\u00f3n. Delincuencial por territorio a docentes, alumnos e investigadores entre la UNEMI y la polic\u00eda nacional del Ecuador<\/td>\n<\/tr>\n<tr>\n<td width=\"237\"><strong>Actividades<\/strong><\/td>\n<td style=\"text-align: left;\" width=\"324\">\n<ul>\n<li>Propiciar la participaci\u00f3n de docentes, investigadores y estudiantes de la UNEMI, en conferencia, seminarios, simposios, talleres y eventos que promocione y desarrolle la polic\u00eda nacional.<\/li>\n<li>Posibilitar la c\u00e1tedra en relaciones humanas a funcionarios de la polic\u00eda nacional, con el apoyo de la UNEMI.<\/li>\n<li>Elaborar programas y mallas curriculares sobre carreras, cursos, seminarios, talleres y conferencias que oferte la UNEMI, designando para ello docentes que se requieran entre las partes<\/li>\n<\/ul>\n<\/td>\n<\/tr>\n<tr>\n<td><strong>Tipo de convenio\u00a0<\/strong><\/td>\n<td style=\"text-align: left;\">Convenio Marco de Cooperaci\u00f3n Interinstitucional<\/td>\n<\/tr>\n<\/tbody>\n<\/table>\n","protected":false},"excerpt":{"rendered":"<p>Responsable contraparte Crnel. Maciel Oswaldo Ochoa Ben\u00edtez Responsable Unemi Director de Extensi\u00f3n Universitaria Objetivo Establecer relaciones acad\u00e9micas, cient\u00edficas y de transferencia de informaci\u00f3n. Delincuencial por territorio a docentes, alumnos e [&hellip;]<\/p>\n","protected":false},"author":23,"featured_media":0,"parent":0,"menu_order":0,"comment_status":"closed","ping_status":"closed","template":"","meta":{"_joinchat":[],"footnotes":""},"class_list":["post-9136","page","type-page","status-publish","hentry"],"_links":{"self":[{"href":"https:\/\/www.unemi.edu.ec\/index.php\/wp-json\/wp\/v2\/pages\/9136","targetHints":{"allow":["GET"]}}],"collection":[{"href":"https:\/\/www.unemi.edu.ec\/index.php\/wp-json\/wp\/v2\/pages"}],"about":[{"href":"https:\/\/www.unemi.edu.ec\/index.php\/wp-json\/wp\/v2\/types\/page"}],"author":[{"embeddable":true,"href":"https:\/\/www.unemi.edu.ec\/index.php\/wp-json\/wp\/v2\/users\/23"}],"replies":[{"embeddable":true,"href":"https:\/\/www.unemi.edu.ec\/index.php\/wp-json\/wp\/v2\/comments?post=9136"}],"version-history":[{"count":0,"href":"https:\/\/www.unemi.edu.ec\/index.php\/wp-json\/wp\/v2\/pages\/9136\/revisions"}],"wp:attachment":[{"href":"https:\/\/www.unemi.edu.ec\/index.php\/wp-json\/wp\/v2\/media?parent=9136"}],"curies":[{"name":"wp","href":"https:\/\/api.w.org\/{rel}","templated":true}]}}