{"id":9129,"date":"2018-04-25T21:59:31","date_gmt":"2018-04-25T21:59:31","guid":{"rendered":"https:\/\/https:\/\/www.unemi.edu.ec\/\/wordpress\/?page_id=9129"},"modified":"2018-05-23T20:59:42","modified_gmt":"2018-05-23T20:59:42","slug":"banco-del-pacifico","status":"publish","type":"page","link":"https:\/\/www.unemi.edu.ec\/index.php\/banco-del-pacifico\/","title":{"rendered":"Banco del Pacifico"},"content":{"rendered":"<table width=\"561\">\n<tbody>\n<tr>\n<td width=\"237\"><strong>Responsable contraparte<\/strong><\/td>\n<td style=\"text-align: left;\" width=\"324\">\u00c1rea de medios de pagos del Banco<\/td>\n<\/tr>\n<tr>\n<td width=\"237\"><strong>Responsable Unemi<\/strong><\/td>\n<td style=\"text-align: left;\"><\/td>\n<\/tr>\n<tr>\n<td width=\"237\"><strong>Objetivo<\/strong><\/td>\n<td style=\"text-align: left;\" width=\"324\">Poner a disposici\u00f3n del Cliente un cajero autom\u00e1tico tipo Lobby<\/td>\n<\/tr>\n<tr>\n<td width=\"237\"><strong>Actividades<\/strong><\/td>\n<td style=\"text-align: left;\" width=\"324\"><\/td>\n<\/tr>\n<tr>\n<td><strong>Tipo de convenio\u00a0<\/strong><\/td>\n<td style=\"text-align: left;\" width=\"324\">Convenio para la prestaci\u00f3n de servicios bancarios a trav\u00e9s de cajeros autom\u00e1ticos.<\/td>\n<\/tr>\n<\/tbody>\n<\/table>\n","protected":false},"excerpt":{"rendered":"<p>Responsable contraparte \u00c1rea de medios de pagos del Banco Responsable Unemi Objetivo Poner a disposici\u00f3n del Cliente un cajero autom\u00e1tico tipo Lobby Actividades Tipo de convenio\u00a0 Convenio para la prestaci\u00f3n [&hellip;]<\/p>\n","protected":false},"author":23,"featured_media":0,"parent":0,"menu_order":0,"comment_status":"closed","ping_status":"closed","template":"","meta":{"_joinchat":[],"footnotes":""},"class_list":["post-9129","page","type-page","status-publish","hentry"],"_links":{"self":[{"href":"https:\/\/www.unemi.edu.ec\/index.php\/wp-json\/wp\/v2\/pages\/9129","targetHints":{"allow":["GET"]}}],"collection":[{"href":"https:\/\/www.unemi.edu.ec\/index.php\/wp-json\/wp\/v2\/pages"}],"about":[{"href":"https:\/\/www.unemi.edu.ec\/index.php\/wp-json\/wp\/v2\/types\/page"}],"author":[{"embeddable":true,"href":"https:\/\/www.unemi.edu.ec\/index.php\/wp-json\/wp\/v2\/users\/23"}],"replies":[{"embeddable":true,"href":"https:\/\/www.unemi.edu.ec\/index.php\/wp-json\/wp\/v2\/comments?post=9129"}],"version-history":[{"count":0,"href":"https:\/\/www.unemi.edu.ec\/index.php\/wp-json\/wp\/v2\/pages\/9129\/revisions"}],"wp:attachment":[{"href":"https:\/\/www.unemi.edu.ec\/index.php\/wp-json\/wp\/v2\/media?parent=9129"}],"curies":[{"name":"wp","href":"https:\/\/api.w.org\/{rel}","templated":true}]}}