{"id":9098,"date":"2018-04-25T21:38:51","date_gmt":"2018-04-25T21:38:51","guid":{"rendered":"https:\/\/https:\/\/www.unemi.edu.ec\/\/wordpress\/?page_id=9098"},"modified":"2018-05-21T17:18:21","modified_gmt":"2018-05-21T17:18:21","slug":"radio-vega-mega","status":"publish","type":"page","link":"https:\/\/www.unemi.edu.ec\/index.php\/radio-vega-mega\/","title":{"rendered":"Radio Vega Mega"},"content":{"rendered":"<table width=\"561\">\n<tbody>\n<tr>\n<td width=\"237\"><strong>Responsable contraparte<\/strong><\/td>\n<td style=\"text-align: left;\" width=\"324\">Presley Vega<\/td>\n<\/tr>\n<tr>\n<td width=\"237\"><strong>Responsable Unemi<\/strong><\/td>\n<td style=\"text-align: left;\">Decanos de Facultades<\/td>\n<\/tr>\n<tr>\n<td width=\"237\"><strong>Objetivo<\/strong><\/td>\n<td style=\"text-align: left;\" width=\"324\">Establecer relaciones de cooperaci\u00f3n interinstitucional pero no limitadamente, a actividades de inter\u00e9s mutuo entre ambas instituciones<\/td>\n<\/tr>\n<tr>\n<td width=\"237\"><strong>Actividades<\/strong><\/td>\n<td style=\"text-align: left;\" width=\"324\">\n<ul>\n<li>Proyectos de vinculaci\u00f3n con la colectividad.<\/li>\n<li>Proyectos de investigaci\u00f3n cient\u00edfica y colaborativa<\/li>\n<li>Programas colaborativos de pasant\u00edas y\/o pr\u00e1cticas pre profesionales.<\/li>\n<li>Conferencias, seminarios, simposios, talleres y eventos.<\/li>\n<li>Capacitaci\u00f3n te\u00f3rico-pr\u00e1ctica para los estudiantes de la UNEMI.<\/li>\n<\/ul>\n<\/td>\n<\/tr>\n<tr>\n<td><strong>Tipo de convenio\u00a0<\/strong><\/td>\n<td style=\"text-align: left;\">Convenio Marco de Cooperaci\u00f3n Interinstitucional<\/td>\n<\/tr>\n<\/tbody>\n<\/table>\n","protected":false},"excerpt":{"rendered":"<p>Responsable contraparte Presley Vega Responsable Unemi Decanos de Facultades Objetivo Establecer relaciones de cooperaci\u00f3n interinstitucional pero no limitadamente, a actividades de inter\u00e9s mutuo entre ambas instituciones Actividades Proyectos de vinculaci\u00f3n [&hellip;]<\/p>\n","protected":false},"author":23,"featured_media":0,"parent":0,"menu_order":0,"comment_status":"closed","ping_status":"closed","template":"","meta":{"_joinchat":[],"footnotes":""},"class_list":["post-9098","page","type-page","status-publish","hentry"],"_links":{"self":[{"href":"https:\/\/www.unemi.edu.ec\/index.php\/wp-json\/wp\/v2\/pages\/9098","targetHints":{"allow":["GET"]}}],"collection":[{"href":"https:\/\/www.unemi.edu.ec\/index.php\/wp-json\/wp\/v2\/pages"}],"about":[{"href":"https:\/\/www.unemi.edu.ec\/index.php\/wp-json\/wp\/v2\/types\/page"}],"author":[{"embeddable":true,"href":"https:\/\/www.unemi.edu.ec\/index.php\/wp-json\/wp\/v2\/users\/23"}],"replies":[{"embeddable":true,"href":"https:\/\/www.unemi.edu.ec\/index.php\/wp-json\/wp\/v2\/comments?post=9098"}],"version-history":[{"count":0,"href":"https:\/\/www.unemi.edu.ec\/index.php\/wp-json\/wp\/v2\/pages\/9098\/revisions"}],"wp:attachment":[{"href":"https:\/\/www.unemi.edu.ec\/index.php\/wp-json\/wp\/v2\/media?parent=9098"}],"curies":[{"name":"wp","href":"https:\/\/api.w.org\/{rel}","templated":true}]}}