{"id":8982,"date":"2018-04-25T20:24:34","date_gmt":"2018-04-25T20:24:34","guid":{"rendered":"https:\/\/https:\/\/www.unemi.edu.ec\/\/wordpress\/?page_id=8982"},"modified":"2018-05-22T17:03:42","modified_gmt":"2018-05-22T17:03:42","slug":"universidad-rey-juan-carlos","status":"publish","type":"page","link":"https:\/\/www.unemi.edu.ec\/index.php\/universidad-rey-juan-carlos\/","title":{"rendered":"Universidad Rey Juan Carlos"},"content":{"rendered":"<table width=\"561\">\n<tbody>\n<tr>\n<td width=\"237\"><strong>Responsable contraparte<\/strong><\/td>\n<td style=\"text-align: left;\" width=\"324\">Vicerrector de T\u00edtulos Propios, Formaci\u00f3n Continua, Postgrado y Relaciones Internacionales<\/td>\n<\/tr>\n<tr>\n<td width=\"237\"><strong>Responsable Unemi<\/strong><\/td>\n<td style=\"text-align: left;\">Dr. Patricio \u00c1lvarez<\/td>\n<\/tr>\n<tr>\n<td width=\"237\"><strong>Objetivo<\/strong><\/td>\n<td style=\"text-align: left;\" width=\"324\">Facilitar cooperaci\u00f3n interuniversitaria en los campos de la ense\u00f1anza y de la investigaci\u00f3n, as\u00ed como fomentar las relaciones interinstitucionales para lograr mayores niveles de internacionalizaci\u00f3n<\/td>\n<\/tr>\n<tr>\n<td width=\"237\"><strong>Actividades<\/strong><\/td>\n<td style=\"text-align: left;\">\u00a0Intercambio de estudiantes de grado y postgrado<\/td>\n<\/tr>\n<tr>\n<td><strong>Tipo de convenio\u00a0<\/strong><\/td>\n<td style=\"text-align: left;\" width=\"324\">Convenio Marco de Cooperaci\u00f3n Interinstitucional (Internacional)<\/td>\n<\/tr>\n<\/tbody>\n<\/table>\n","protected":false},"excerpt":{"rendered":"<p>Responsable contraparte Vicerrector de T\u00edtulos Propios, Formaci\u00f3n Continua, Postgrado y Relaciones Internacionales Responsable Unemi Dr. Patricio \u00c1lvarez Objetivo Facilitar cooperaci\u00f3n interuniversitaria en los campos de la ense\u00f1anza y de la [&hellip;]<\/p>\n","protected":false},"author":23,"featured_media":0,"parent":0,"menu_order":0,"comment_status":"closed","ping_status":"closed","template":"","meta":{"_joinchat":[],"footnotes":""},"class_list":["post-8982","page","type-page","status-publish","hentry"],"_links":{"self":[{"href":"https:\/\/www.unemi.edu.ec\/index.php\/wp-json\/wp\/v2\/pages\/8982","targetHints":{"allow":["GET"]}}],"collection":[{"href":"https:\/\/www.unemi.edu.ec\/index.php\/wp-json\/wp\/v2\/pages"}],"about":[{"href":"https:\/\/www.unemi.edu.ec\/index.php\/wp-json\/wp\/v2\/types\/page"}],"author":[{"embeddable":true,"href":"https:\/\/www.unemi.edu.ec\/index.php\/wp-json\/wp\/v2\/users\/23"}],"replies":[{"embeddable":true,"href":"https:\/\/www.unemi.edu.ec\/index.php\/wp-json\/wp\/v2\/comments?post=8982"}],"version-history":[{"count":0,"href":"https:\/\/www.unemi.edu.ec\/index.php\/wp-json\/wp\/v2\/pages\/8982\/revisions"}],"wp:attachment":[{"href":"https:\/\/www.unemi.edu.ec\/index.php\/wp-json\/wp\/v2\/media?parent=8982"}],"curies":[{"name":"wp","href":"https:\/\/api.w.org\/{rel}","templated":true}]}}