{"id":7177,"date":"2018-03-23T14:39:09","date_gmt":"2018-03-23T14:39:09","guid":{"rendered":"https:\/\/https:\/\/www.unemi.edu.ec\/\/wordpress\/?page_id=7177"},"modified":"2025-10-06T15:12:24","modified_gmt":"2025-10-06T20:12:24","slug":"requisitos-de-matriculacion-al-curso-de-nivelacion","status":"publish","type":"page","link":"https:\/\/www.unemi.edu.ec\/index.php\/admision\/requisitos-de-matriculacion-al-curso-de-nivelacion\/","title":{"rendered":"Requisitos de matriculaci\u00f3n al Curso de Nivelaci\u00f3n de Carreras de UNEMI"},"content":{"rendered":"[vc_section css=&#8221;.vc_custom_1667940932236{padding-bottom: 40px !important;}&#8221;][vc_row disable_element=&#8221;yes&#8221;][vc_column width=&#8221;3\/4&#8243;][vc_column_text css=&#8221;.vc_custom_1693858115774{padding-top: 50px !important;padding-bottom: 30px !important;}&#8221;]\n<h1><span data-sheets-value=\"{&quot;1&quot;:2,&quot;2&quot;:&quot;Conoce los requisitos de nuestros Cursos de Nivelaci\u00f3n UNEMI&quot;}\" data-sheets-userformat=\"{&quot;2&quot;:15299,&quot;3&quot;:{&quot;1&quot;:0},&quot;4&quot;:{&quot;1&quot;:2,&quot;2&quot;:14281427},&quot;9&quot;:1,&quot;10&quot;:1,&quot;11&quot;:4,&quot;12&quot;:0,&quot;14&quot;:{&quot;1&quot;:2,&quot;2&quot;:16711680},&quot;15&quot;:&quot;Lora&quot;,&quot;16&quot;:10}\">Conoce los requisitos de nuestros Cursos de Nivelaci\u00f3n UNEMI<\/span><\/h1>\n[\/vc_column_text][vc_column_text]\n<h2 style=\"text-align: justify;\"><strong>Requisitos obligatorios<\/strong><\/h2>\n<ul style=\"text-align: justify;\">\n<li>C\u00e9dula de ciudadan\u00eda o pasaporte (Extranjeros) a color.<\/li>\n<li>T\u00edtulo de bachiller o Acta de grado a color. En el caso de no tener estos documentos, puede subir el Certificado del T\u00edtulo que se descarga de la <a href=\"http:\/\/servicios.educacion.gob.ec\/titulacion25-web\/faces\/paginas\/consulta-titulos-refrendados.xhtml\" target=\"_blank\" rel=\"noopener\">p\u00e1gina del Ministerio de Educaci\u00f3n<\/a>.<\/li>\n<\/ul>\n<h2 style=\"text-align: justify;\"><strong>Requisitos opcionales<\/strong><\/h2>\n<p style=\"text-align: justify;\">Subir un documento de respaldo en el caso de encontrarse inmerso en los siguientes \u00edtems:<\/p>\n<ul style=\"text-align: justify;\">\n<li><strong>Personas con Discapacidad:<\/strong> Carnet emitido por el Ministerio de Salud P\u00fablica, sellado y firmado por la autoridad respectiva.<\/li>\n<li><strong>Persona Privada de Libertad (PPL):<\/strong> Documento sellado y firmado por el director del centro carcelario donde se evidencie que el ciudadano actualmente se encuentra detenido en un Centro de Privaci\u00f3n de Libertad de nuestro pa\u00eds, o del exterior.<\/li>\n<li><strong>Aspirantes que profesan una religi\u00f3n:<\/strong> Documento emitido en hoja membretada por el pastor de la iglesia, sellado y firmado por \u00e9l, donde certifique el ciudadano tiene horarios en los cuales no podr\u00e1 realizar ninguna actividad acad\u00e9mica por dedicarse a practicar fielmente su culto.<\/li>\n<li><strong>Aspirantes que residen en extranjero:<\/strong> Contrato de vivienda del ciudadano donde se evidencie que reside en un determinado pa\u00eds del exterior.<\/li>\n<\/ul>\n[\/vc_column_text][gt3_spacing height=&#8221;32px&#8221;][\/vc_column][vc_column width=&#8221;1\/4&#8243;][vc_wp_custommenu nav_menu=&#8221;69&#8243;][\/vc_column][\/vc_row][vc_row][vc_column width=&#8221;3\/4&#8243;][gt3_spacing height=&#8221;50px&#8221;][vc_column_text]\n<h1><span>Conoce los requisitos de nuestros Cursos de Nivelaci\u00f3n de Carreras UNEMI<\/span><\/h1>\n[\/vc_column_text][gt3_spacing height=&#8221;30px&#8221;][vc_column_text]Aplica para los aspirantes que obtuvieron cupo en el actual proceso de admisi\u00f3n.[\/vc_column_text][gt3_spacing height=&#8221;30px&#8221;][vc_column_text]\n<h2 style=\"text-align: justify;\"><strong>Requisitos obligatorios<\/strong><\/h2>\n<ul style=\"text-align: justify;\">\n<li>C\u00e9dula de ciudadan\u00eda o pasaporte (Extranjeros) a color.<\/li>\n<li>T\u00edtulo de bachiller o Acta de grado a color. En el caso de no tener estos documentos, puede subir el Certificado del T\u00edtulo que se descarga de la <a href=\"http:\/\/servicios.educacion.gob.ec\/titulacion25-web\/faces\/paginas\/consulta-titulos-refrendados.xhtml\" target=\"_blank\" rel=\"noopener\">p\u00e1gina del Ministerio de Educaci\u00f3n<\/a>.<\/li>\n<\/ul>\n[\/vc_column_text][gt3_spacing height=&#8221;30px&#8221;][vc_column_text]\n<h2 style=\"text-align: justify;\"><strong>Requisitos opcionales<\/strong><\/h2>\n<p style=\"text-align: justify;\">Subir un documento de respaldo en el caso de encontrarse inmerso en los siguientes \u00edtems:<\/p>\n<ul style=\"text-align: justify;\">\n<li><strong>Personas con Discapacidad:<\/strong> Carnet emitido por el Ministerio de Salud P\u00fablica, sellado y firmado por la autoridad respectiva.<\/li>\n<li><strong>Persona Privada de Libertad (PPL):<\/strong> Documento sellado y firmado por el director del centro carcelario donde se evidencie que el ciudadano actualmente se encuentra detenido en un Centro de Privaci\u00f3n de Libertad de nuestro pa\u00eds, o del exterior.<\/li>\n<li><strong>Aspirantes que profesan una religi\u00f3n:<\/strong> Documento emitido en hoja membretada por el pastor de la iglesia, sellado y firmado por \u00e9l, donde certifique el ciudadano tiene horarios en los cuales no podr\u00e1 realizar ninguna actividad acad\u00e9mica por dedicarse a practicar fielmente su culto.<\/li>\n<li><strong>Aspirantes que residen en extranjero:<\/strong> Contrato de vivienda del ciudadano donde se evidencie que reside en un determinado pa\u00eds del exterior.<\/li>\n<\/ul>\n[\/vc_column_text][vc_column_text]La documentaci\u00f3n se debe subir en la plataforma asignada para la matriculaci\u00f3n en forma individual y en formato .PDF con un peso m\u00e1ximo de 2 Mb.[\/vc_column_text][gt3_spacing height=&#8221;50px&#8221;][vc_column_text]\n<h2 style=\"text-align: justify;\"><strong>Lineas de atenci\u00f3n UNEMI<\/strong><\/h2>\n<p style=\"text-align: justify;\">Si a\u00fan as\u00ed no pudiste ingresar, solicita ayuda mediante nuestros canales de atenci\u00f3n:<\/p>\n<p><strong>Atenci\u00f3n virtual<\/strong><\/p>\n<ul>\n<li style=\"text-align: justify;\"><strong>Balc\u00f3n de Servicios: <\/strong><a href=\"https:\/\/sga.unemi.edu.ec\/alu_solicitudbalconexterno\" target=\"_blank\" rel=\"noopener\">https:\/\/sga.unemi.edu.ec\/alu_solicitudbalconexterno<\/a><\/li>\n<\/ul>\n<p><strong>Atenci\u00f3n presencial<\/strong><\/p>\n<ul>\n<li style=\"text-align: justify;\"><strong>Oficina de Admisi\u00f3n y Nivelaci\u00f3n:<br \/>\n<\/strong><a href=\"https:\/\/www.google.com\/maps\/place\/UNEMI+-+Universidad+Estatal+de+Milagro\/@-2.1504445,-79.603539,19z\/data=!4m5!3m4!1s0x0:0x70a5136e6272715f!8m2!3d-2.1504166!4d-79.6029936?shorturl=1\" target=\"_blank\" rel=\"noopener\">Cdla. Universitaria &#8220;Dr. R\u00f3mulo Minchala M.&#8221; &#8211; Edificio CRAI, planta baja.<\/a><\/li>\n<\/ul>\n<p>Si presentantes inconvenientes en la plataforma para realizar el proceso de admisi\u00f3n o de nivelaci\u00f3n de carrera accede al siguiente enlace:<\/p>\n<ul>\n<li><strong>Soporte tecnol\u00f3gico: <\/strong><a href=\"https:\/\/meet.google.com\/xvi-zdgu-ser\" target=\"_blank\" rel=\"noopener\">https:\/\/meet.google.com\/xvi-zdgu-ser<\/a><\/li>\n<\/ul>\n[\/vc_column_text][\/vc_column][vc_column width=&#8221;1\/4&#8243;][vc_wp_custommenu nav_menu=&#8221;69&#8243;][\/vc_column][\/vc_row][\/vc_section]\n","protected":false},"excerpt":{"rendered":"<p>[vc_section css=&#8221;.vc_custom_1667940932236{padding-bottom: 40px !important;}&#8221;][vc_row disable_element=&#8221;yes&#8221;][vc_column width=&#8221;3\/4&#8243;][vc_column_text css=&#8221;.vc_custom_1693858115774{padding-top: 50px !important;padding-bottom: 30px !important;}&#8221;] Conoce los requisitos de nuestros Cursos de Nivelaci\u00f3n UNEMI [\/vc_column_text][vc_column_text] Requisitos obligatorios C\u00e9dula de ciudadan\u00eda o pasaporte (Extranjeros) a [&hellip;]<\/p>\n","protected":false},"author":23,"featured_media":0,"parent":7091,"menu_order":0,"comment_status":"closed","ping_status":"closed","template":"","meta":{"_joinchat":[],"footnotes":""},"class_list":["post-7177","page","type-page","status-publish","hentry"],"_links":{"self":[{"href":"https:\/\/www.unemi.edu.ec\/index.php\/wp-json\/wp\/v2\/pages\/7177","targetHints":{"allow":["GET"]}}],"collection":[{"href":"https:\/\/www.unemi.edu.ec\/index.php\/wp-json\/wp\/v2\/pages"}],"about":[{"href":"https:\/\/www.unemi.edu.ec\/index.php\/wp-json\/wp\/v2\/types\/page"}],"author":[{"embeddable":true,"href":"https:\/\/www.unemi.edu.ec\/index.php\/wp-json\/wp\/v2\/users\/23"}],"replies":[{"embeddable":true,"href":"https:\/\/www.unemi.edu.ec\/index.php\/wp-json\/wp\/v2\/comments?post=7177"}],"version-history":[{"count":35,"href":"https:\/\/www.unemi.edu.ec\/index.php\/wp-json\/wp\/v2\/pages\/7177\/revisions"}],"predecessor-version":[{"id":50510,"href":"https:\/\/www.unemi.edu.ec\/index.php\/wp-json\/wp\/v2\/pages\/7177\/revisions\/50510"}],"up":[{"embeddable":true,"href":"https:\/\/www.unemi.edu.ec\/index.php\/wp-json\/wp\/v2\/pages\/7091"}],"wp:attachment":[{"href":"https:\/\/www.unemi.edu.ec\/index.php\/wp-json\/wp\/v2\/media?parent=7177"}],"curies":[{"name":"wp","href":"https:\/\/api.w.org\/{rel}","templated":true}]}}