{"id":6798,"date":"2018-03-15T15:00:01","date_gmt":"2018-03-15T15:00:01","guid":{"rendered":"https:\/\/https:\/\/www.unemi.edu.ec\/\/wordpress\/?page_id=6798"},"modified":"2023-03-09T15:55:36","modified_gmt":"2023-03-09T20:55:36","slug":"grupo-de-investigacion-en-nutricion-dietetica-biotecnologia-y-analisis-de-alimentos-gindba","status":"publish","type":"page","link":"https:\/\/www.unemi.edu.ec\/index.php\/grupo-de-investigacion-en-nutricion-dietetica-biotecnologia-y-analisis-de-alimentos-gindba\/","title":{"rendered":"Grupo de investigaci\u00f3n en nutrici\u00f3n, diet\u00e9tica, biotecnolog\u00eda y an\u00e1lisis de alimentos (GINDBA)"},"content":{"rendered":"<p>El grupo de investigaci\u00f3n GINDBA est\u00e1 formado por un equipo interdisciplinario de expertos que aborda de esta manera las problem\u00e1ticas existentes en el \u00e1rea de Nutrici\u00f3n y Diet\u00e9tica brindando herramientas a comunidades de bajos recursos para que ampl\u00eden sus opciones nutricionales y tengan acceso a alimentos saludables de bajo costo. Siendo parte de los objetivos del \u00e1rea de Biotecnolog\u00eda y an\u00e1lisis de alimentos.<\/p>\n<h2>L\u00edneas de investigaci\u00f3n<\/h2>\n<ul>\n<li>Salud y bienestar humano integral<\/li>\n<\/ul>\n<h2>Director\/a<\/h2>\n<ul>\n<li><a href=\"\/index.php\/team\/angelica-solis-manzano\/\">Ang\u00e9lica Sol\u00eds Manzano<\/a><\/li>\n<\/ul>\n<h2>Integrantes<\/h2>\n<ul>\n<li>Victoria Padilla Samaniego<\/li>\n<li>Ver\u00f3nica Sandoval Tamayo<\/li>\n<li>Vanessa Vargas<\/li>\n<li>Katiuska Mederos<\/li>\n<li>Lorena Dom\u00ednguez<\/li>\n<li>Delia Noriega<\/li>\n<\/ul>\n","protected":false},"excerpt":{"rendered":"<p>El grupo de investigaci\u00f3n GINDBA est\u00e1 formado por un equipo interdisciplinario de expertos que aborda de esta manera las problem\u00e1ticas existentes en el \u00e1rea de Nutrici\u00f3n y Diet\u00e9tica brindando herramientas [&hellip;]<\/p>\n","protected":false},"author":23,"featured_media":0,"parent":0,"menu_order":0,"comment_status":"closed","ping_status":"closed","template":"","meta":{"_joinchat":[],"footnotes":""},"class_list":["post-6798","page","type-page","status-publish","hentry"],"_links":{"self":[{"href":"https:\/\/www.unemi.edu.ec\/index.php\/wp-json\/wp\/v2\/pages\/6798","targetHints":{"allow":["GET"]}}],"collection":[{"href":"https:\/\/www.unemi.edu.ec\/index.php\/wp-json\/wp\/v2\/pages"}],"about":[{"href":"https:\/\/www.unemi.edu.ec\/index.php\/wp-json\/wp\/v2\/types\/page"}],"author":[{"embeddable":true,"href":"https:\/\/www.unemi.edu.ec\/index.php\/wp-json\/wp\/v2\/users\/23"}],"replies":[{"embeddable":true,"href":"https:\/\/www.unemi.edu.ec\/index.php\/wp-json\/wp\/v2\/comments?post=6798"}],"version-history":[{"count":2,"href":"https:\/\/www.unemi.edu.ec\/index.php\/wp-json\/wp\/v2\/pages\/6798\/revisions"}],"predecessor-version":[{"id":34628,"href":"https:\/\/www.unemi.edu.ec\/index.php\/wp-json\/wp\/v2\/pages\/6798\/revisions\/34628"}],"wp:attachment":[{"href":"https:\/\/www.unemi.edu.ec\/index.php\/wp-json\/wp\/v2\/media?parent=6798"}],"curies":[{"name":"wp","href":"https:\/\/api.w.org\/{rel}","templated":true}]}}