{"id":6664,"date":"2018-03-13T19:56:09","date_gmt":"2018-03-13T19:56:09","guid":{"rendered":"https:\/\/https:\/\/www.unemi.edu.ec\/\/wordpress\/?page_id=6664"},"modified":"2018-09-20T17:38:50","modified_gmt":"2018-09-20T17:38:50","slug":"gestion-del-conocimiento-y-comunicacion-cientifica-gescon","status":"publish","type":"page","link":"https:\/\/www.unemi.edu.ec\/index.php\/grupos-de-investigacion\/gestion-del-conocimiento-y-comunicacion-cientifica-gescon\/","title":{"rendered":"Gesti\u00f3n del Conocimiento y Comunicaci\u00f3n Cient\u00edfica (GESCON)"},"content":{"rendered":"<h2>Descripci\u00f3n<\/h2>\n<p>El grupo abordar\u00e1 como lineas relacionadas de la Gesti\u00f3n del Conocimiento y la Comunicaci\u00f3n Cient\u00edfica.<\/p>\n<p>En la actualidad ha surgido una nueva cultura empresarial que dispone los recursos humano como el principal activo y basa su poder de competitividad en la posibilidad de compartir informaci\u00f3n, experiencias , as\u00ed como el conocimiento, ya sea individual o colectivo . Esto es la gesti\u00f3n del conocimiento.<\/p>\n<p>Adem\u00e1s , se entiende como comunicaci\u00f3n cient\u00edfica al sistema mediante el que los cient\u00edficos e investigadores crean , compartes, emplean y archivan sus trabajos.<\/p>\n<p>Es de conocimiento de la comunidad cient\u00edfica que el panorama de la producci\u00f3n cient\u00edfica cambia a un ritmo vertiginoso , por lo que gracias a una buena gesti\u00f3n del conocimiento y una buena comunicaci\u00f3n cient\u00edfica , se obtienen una excelente oportunidad dirigida a los profesionales de la informaci\u00f3n para difundir sus conocimientos y experiencia gracias a un adecuado empleo de los recursos externos de una manera organizada , consiguiendo que su difusi\u00f3n sea mayor.<\/p>\n<p>Este grupo de investigaci\u00f3n pretende estudiar el proceso de la gesti\u00f3n del conocimiento y la comunicaci\u00f3n cient\u00edfica , con el objetivo de fomentar la visibilidad del pa\u00eds en lo que a su producci\u00f3n cient\u00edfica y generaci\u00f3n de conocimiento se refiere. Ademas los productos que genere el grupo de investigaci\u00f3n GESCON pretenden ser una herramienta de informaci\u00f3n indispensable para la toma de decisiones de los hacedores de pol\u00edticas publicas de educaci\u00f3n y de econom\u00eda del pa\u00eds.<\/p>\n<h2><strong>L\u00edneas de Investigaci\u00f3n<\/strong><\/h2>\n<ul>\n<li>Tecnolog\u00eda de la Informaci\u00f3n y la Comunicaci\u00f3n<\/li>\n<\/ul>\n<p>&nbsp;<\/p>\n<table style=\"height: 386px;\" width=\"771\">\n<tbody>\n<tr>\n<td style=\"text-align: center; width: 761px;\" colspan=\"3\"><strong>Equipo investigador<\/strong><\/td>\n<\/tr>\n<tr>\n<td style=\"width: 207px; text-align: left;\"><strong>Integrantes<\/strong><\/td>\n<td style=\"width: 227px; text-align: left;\"><strong>Correo<\/strong><\/td>\n<td style=\"width: 103px; text-align: left;\"><strong>Rol<\/strong><\/td>\n<\/tr>\n<tr>\n<td style=\"width: 146px; text-align: left;\"><a href=\"\/index.php\/team\/patricio-alvarez-munoz\/\">Patricio \u00c1lvarez Mu\u00f1oz<\/a><\/td>\n<td style=\"width: 353px; text-align: left;\">palvarezm@unemi.edu.ec<\/td>\n<td style=\"width: 162px; text-align: left;\">Director<\/td>\n<\/tr>\n<tr>\n<td style=\"width: 146px; text-align: left;\">Exio Chaparro Mart\u00ednez<\/td>\n<td style=\"width: 353px; text-align: left;\">echaparrom@unemi.edu.ec<\/td>\n<td style=\"width: 162px; text-align: left;\">Investigador<\/td>\n<\/tr>\n<tr>\n<td style=\"width: 146px; text-align: left;\">Carmen Hern\u00e1ndez Dom\u00ednguez<\/td>\n<td style=\"width: 353px; text-align: left;\">chernandezd@unemi.edu.ec<\/td>\n<td style=\"width: 162px; text-align: left;\">Investigador<\/td>\n<\/tr>\n<tr>\n<td style=\"width: 146px; text-align: left;\">Josmel Pacheco Mendoza<\/td>\n<td style=\"width: 353px; text-align: left;\"><\/td>\n<td style=\"width: 162px; text-align: left;\">Investigador<\/td>\n<\/tr>\n<tr>\n<td style=\"width: 146px; text-align: left;\">Ren\u00e9 Ram\u00edrez Gallegos<\/td>\n<td style=\"width: 353px; text-align: left;\"><\/td>\n<td style=\"width: 162px; text-align: left;\">Investigador<\/td>\n<\/tr>\n<\/tbody>\n<\/table>\n","protected":false},"excerpt":{"rendered":"<p>Descripci\u00f3n El grupo abordar\u00e1 como lineas relacionadas de la Gesti\u00f3n del Conocimiento y la Comunicaci\u00f3n Cient\u00edfica. En la actualidad ha surgido una nueva cultura empresarial que dispone los recursos humano [&hellip;]<\/p>\n","protected":false},"author":23,"featured_media":0,"parent":6584,"menu_order":0,"comment_status":"closed","ping_status":"closed","template":"","meta":{"_joinchat":[],"footnotes":""},"class_list":["post-6664","page","type-page","status-publish","hentry"],"_links":{"self":[{"href":"https:\/\/www.unemi.edu.ec\/index.php\/wp-json\/wp\/v2\/pages\/6664","targetHints":{"allow":["GET"]}}],"collection":[{"href":"https:\/\/www.unemi.edu.ec\/index.php\/wp-json\/wp\/v2\/pages"}],"about":[{"href":"https:\/\/www.unemi.edu.ec\/index.php\/wp-json\/wp\/v2\/types\/page"}],"author":[{"embeddable":true,"href":"https:\/\/www.unemi.edu.ec\/index.php\/wp-json\/wp\/v2\/users\/23"}],"replies":[{"embeddable":true,"href":"https:\/\/www.unemi.edu.ec\/index.php\/wp-json\/wp\/v2\/comments?post=6664"}],"version-history":[{"count":0,"href":"https:\/\/www.unemi.edu.ec\/index.php\/wp-json\/wp\/v2\/pages\/6664\/revisions"}],"up":[{"embeddable":true,"href":"https:\/\/www.unemi.edu.ec\/index.php\/wp-json\/wp\/v2\/pages\/6584"}],"wp:attachment":[{"href":"https:\/\/www.unemi.edu.ec\/index.php\/wp-json\/wp\/v2\/media?parent=6664"}],"curies":[{"name":"wp","href":"https:\/\/api.w.org\/{rel}","templated":true}]}}