{"id":6662,"date":"2018-03-13T19:55:34","date_gmt":"2018-03-13T19:55:34","guid":{"rendered":"https:\/\/https:\/\/www.unemi.edu.ec\/\/wordpress\/?page_id=6662"},"modified":"2023-03-11T07:17:54","modified_gmt":"2023-03-11T12:17:54","slug":"renacer","status":"publish","type":"page","link":"https:\/\/www.unemi.edu.ec\/index.php\/grupos-de-investigacion\/renacer\/","title":{"rendered":"Renacer"},"content":{"rendered":"<p>Docentes dispuestos y comprometidos a encontrar caminos que orienten a asumir retos a trav\u00e9s de nuevos paradigmas epistemol\u00f3gicos para alcanzar los prop\u00f3sitos que develen la realidad circundante con el fin de erradicar los fen\u00f3menos que obstaculizan el desarrollo biopsicosocial en los \u00e1mbitos: familiar, psicol\u00f3gico y educativo del pa\u00eds.<\/p>\n<h2>L\u00edneas de investigaci\u00f3n<\/h2>\n<ul>\n<li>Educaci\u00f3n, cultura, tecnolog\u00eda e innovaci\u00f3n para la sociedad<\/li>\n<\/ul>\n<h2>Director\/a<\/h2>\n<ul>\n<li><a href=\"\/index.php\/team\/gloria-solis-beltran\/\">Gloria Sol\u00eds Beltr\u00e1n <\/a><a href=\"\/index.php\/team\/gloria-solis-beltran\/\"><\/a><\/li>\n<\/ul>\n<h2>Integrantes<\/h2>\n<ul>\n<li>Jazm\u00edn P\u00e9rez Salazar<\/li>\n<li>Mario Fern\u00e1ndez<\/li>\n<li>Patricia Santos<\/li>\n<li>Ely Borja Pazmi\u00f1o<\/li>\n<li>Mario Fern\u00e1ndez Sol\u00eds<\/li>\n<\/ul>\n","protected":false},"excerpt":{"rendered":"<p>Docentes dispuestos y comprometidos a encontrar caminos que orienten a asumir retos a trav\u00e9s de nuevos paradigmas epistemol\u00f3gicos para alcanzar los prop\u00f3sitos que develen la realidad circundante con el fin [&hellip;]<\/p>\n","protected":false},"author":23,"featured_media":0,"parent":6584,"menu_order":0,"comment_status":"closed","ping_status":"closed","template":"","meta":{"_joinchat":[],"footnotes":""},"class_list":["post-6662","page","type-page","status-publish","hentry"],"_links":{"self":[{"href":"https:\/\/www.unemi.edu.ec\/index.php\/wp-json\/wp\/v2\/pages\/6662","targetHints":{"allow":["GET"]}}],"collection":[{"href":"https:\/\/www.unemi.edu.ec\/index.php\/wp-json\/wp\/v2\/pages"}],"about":[{"href":"https:\/\/www.unemi.edu.ec\/index.php\/wp-json\/wp\/v2\/types\/page"}],"author":[{"embeddable":true,"href":"https:\/\/www.unemi.edu.ec\/index.php\/wp-json\/wp\/v2\/users\/23"}],"replies":[{"embeddable":true,"href":"https:\/\/www.unemi.edu.ec\/index.php\/wp-json\/wp\/v2\/comments?post=6662"}],"version-history":[{"count":3,"href":"https:\/\/www.unemi.edu.ec\/index.php\/wp-json\/wp\/v2\/pages\/6662\/revisions"}],"predecessor-version":[{"id":34698,"href":"https:\/\/www.unemi.edu.ec\/index.php\/wp-json\/wp\/v2\/pages\/6662\/revisions\/34698"}],"up":[{"embeddable":true,"href":"https:\/\/www.unemi.edu.ec\/index.php\/wp-json\/wp\/v2\/pages\/6584"}],"wp:attachment":[{"href":"https:\/\/www.unemi.edu.ec\/index.php\/wp-json\/wp\/v2\/media?parent=6662"}],"curies":[{"name":"wp","href":"https:\/\/api.w.org\/{rel}","templated":true}]}}