{"id":6660,"date":"2018-03-13T19:55:12","date_gmt":"2018-03-13T19:55:12","guid":{"rendered":"https:\/\/https:\/\/www.unemi.edu.ec\/\/wordpress\/?page_id=6660"},"modified":"2022-11-23T09:56:36","modified_gmt":"2022-11-23T14:56:36","slug":"corporate-social-responsibility-and-human-health-rse-hh","status":"publish","type":"page","link":"https:\/\/www.unemi.edu.ec\/index.php\/grupos-de-investigacion\/corporate-social-responsibility-and-human-health-rse-hh\/","title":{"rendered":"Corporate Social Responsibility and Human Health (RSE-HH)"},"content":{"rendered":"<h2 style=\"text-align: left;\">Descripci\u00f3n<\/h2>\n<p style=\"text-align: left;\"><span data-sheets-value=\"{&quot;1&quot;:2,&quot;2&quot;:&quot;El grupo de investigaci\u00f3n realizar\u00e1 investigaci\u00f3n en el campo de la din\u00e1mica\\nempresarial p\u00fablica y privada y su gesti\u00f3n en RSE - Responsabilidad Social Empresarial con la salud\\nde la poblaci\u00f3n del entorno.&quot;}\" data-sheets-userformat=\"{&quot;2&quot;:14847,&quot;3&quot;:{&quot;1&quot;:0,&quot;3&quot;:1},&quot;4&quot;:{&quot;1&quot;:2,&quot;2&quot;:12968115},&quot;5&quot;:{&quot;1&quot;:[{&quot;1&quot;:2,&quot;2&quot;:0,&quot;5&quot;:{&quot;1&quot;:2,&quot;2&quot;:0}},{&quot;1&quot;:0,&quot;2&quot;:0,&quot;3&quot;:3},{&quot;1&quot;:1,&quot;2&quot;:0,&quot;4&quot;:1}]},&quot;6&quot;:{&quot;1&quot;:[{&quot;1&quot;:2,&quot;2&quot;:0,&quot;5&quot;:{&quot;1&quot;:2,&quot;2&quot;:0}},{&quot;1&quot;:0,&quot;2&quot;:0,&quot;3&quot;:3},{&quot;1&quot;:1,&quot;2&quot;:0,&quot;4&quot;:1}]},&quot;7&quot;:{&quot;1&quot;:[{&quot;1&quot;:2,&quot;2&quot;:0,&quot;5&quot;:{&quot;1&quot;:2,&quot;2&quot;:0}},{&quot;1&quot;:0,&quot;2&quot;:0,&quot;3&quot;:3},{&quot;1&quot;:1,&quot;2&quot;:0,&quot;4&quot;:1}]},&quot;8&quot;:{&quot;1&quot;:[{&quot;1&quot;:2,&quot;2&quot;:0,&quot;5&quot;:{&quot;1&quot;:2,&quot;2&quot;:0}},{&quot;1&quot;:0,&quot;2&quot;:0,&quot;3&quot;:3},{&quot;1&quot;:1,&quot;2&quot;:0,&quot;4&quot;:1}]},&quot;9&quot;:0,&quot;10&quot;:1,&quot;11&quot;:4,&quot;14&quot;:{&quot;1&quot;:3,&quot;3&quot;:1},&quot;15&quot;:&quot;Calibri&quot;,&quot;16&quot;:11}\">El grupo de investigaci\u00f3n realizar\u00e1 investigaci\u00f3n en el campo de la din\u00e1mica empresarial p\u00fablica y privada y su gesti\u00f3n en RSE &#8211; Responsabilidad Social Empresarial con la salud de la poblaci\u00f3n del entorno.<\/span><\/p>\n<h2 style=\"text-align: left;\">Objetivos<\/h2>\n<p style=\"text-align: left;\"><span data-sheets-value=\"{&quot;1&quot;:2,&quot;2&quot;:&quot;El objetivo de este grupo es incurrir en la investigaci\u00f3n cient\u00edfica con el prop\u00f3sito exclusivo de\\nmejorar la condici\u00f3n de vida de la comunidad, determinando los problemas de salud y posibles\\nsoluciones&quot;}\" data-sheets-userformat=\"{&quot;2&quot;:14783,&quot;3&quot;:{&quot;1&quot;:0,&quot;3&quot;:1},&quot;4&quot;:{&quot;1&quot;:2,&quot;2&quot;:12968115},&quot;5&quot;:{&quot;1&quot;:[{&quot;1&quot;:2,&quot;2&quot;:0,&quot;5&quot;:{&quot;1&quot;:2,&quot;2&quot;:0}},{&quot;1&quot;:0,&quot;2&quot;:0,&quot;3&quot;:3},{&quot;1&quot;:1,&quot;2&quot;:0,&quot;4&quot;:1}]},&quot;6&quot;:{&quot;1&quot;:[{&quot;1&quot;:2,&quot;2&quot;:0,&quot;5&quot;:{&quot;1&quot;:2,&quot;2&quot;:0}},{&quot;1&quot;:0,&quot;2&quot;:0,&quot;3&quot;:3},{&quot;1&quot;:1,&quot;2&quot;:0,&quot;4&quot;:1}]},&quot;7&quot;:{&quot;1&quot;:[{&quot;1&quot;:2,&quot;2&quot;:0,&quot;5&quot;:{&quot;1&quot;:2,&quot;2&quot;:0}},{&quot;1&quot;:0,&quot;2&quot;:0,&quot;3&quot;:3},{&quot;1&quot;:1,&quot;2&quot;:0,&quot;4&quot;:1}]},&quot;8&quot;:{&quot;1&quot;:[{&quot;1&quot;:2,&quot;2&quot;:0,&quot;5&quot;:{&quot;1&quot;:2,&quot;2&quot;:0}},{&quot;1&quot;:0,&quot;2&quot;:0,&quot;3&quot;:3},{&quot;1&quot;:1,&quot;2&quot;:0,&quot;4&quot;:1}]},&quot;10&quot;:1,&quot;11&quot;:4,&quot;14&quot;:{&quot;1&quot;:3,&quot;3&quot;:1},&quot;15&quot;:&quot;Calibri&quot;,&quot;16&quot;:9}\">El objetivo de este grupo es incurrir en la investigaci\u00f3n cient\u00edfica con el prop\u00f3sito exclusivo de mejorar la condici\u00f3n de vida de la comunidad, determinando los problemas de salud y posibles soluciones<\/span><\/p>\n<h2 style=\"text-align: left;\">L\u00edneas de Investigaci\u00f3n<\/h2>\n<ul style=\"text-align: left;\">\n<li><span data-sheets-value=\"{&quot;1&quot;:2,&quot;2&quot;:&quot;SALUD Y BIENESTAR HUMANO INTEGRAL&quot;}\" data-sheets-userformat=\"{&quot;2&quot;:14847,&quot;3&quot;:{&quot;1&quot;:0,&quot;3&quot;:1},&quot;4&quot;:{&quot;1&quot;:2,&quot;2&quot;:12968115},&quot;5&quot;:{&quot;1&quot;:[{&quot;1&quot;:2,&quot;2&quot;:0,&quot;5&quot;:{&quot;1&quot;:2,&quot;2&quot;:0}},{&quot;1&quot;:0,&quot;2&quot;:0,&quot;3&quot;:3},{&quot;1&quot;:1,&quot;2&quot;:0,&quot;4&quot;:1}]},&quot;6&quot;:{&quot;1&quot;:[{&quot;1&quot;:2,&quot;2&quot;:0,&quot;5&quot;:{&quot;1&quot;:2,&quot;2&quot;:0}},{&quot;1&quot;:0,&quot;2&quot;:0,&quot;3&quot;:3},{&quot;1&quot;:1,&quot;2&quot;:0,&quot;4&quot;:1}]},&quot;7&quot;:{&quot;1&quot;:[{&quot;1&quot;:2,&quot;2&quot;:0,&quot;5&quot;:{&quot;1&quot;:2,&quot;2&quot;:0}},{&quot;1&quot;:0,&quot;2&quot;:0,&quot;3&quot;:3},{&quot;1&quot;:1,&quot;2&quot;:0,&quot;4&quot;:1}]},&quot;8&quot;:{&quot;1&quot;:[{&quot;1&quot;:2,&quot;2&quot;:0,&quot;5&quot;:{&quot;1&quot;:2,&quot;2&quot;:0}},{&quot;1&quot;:0,&quot;2&quot;:0,&quot;3&quot;:3},{&quot;1&quot;:1,&quot;2&quot;:0,&quot;4&quot;:1}]},&quot;9&quot;:0,&quot;10&quot;:1,&quot;11&quot;:4,&quot;14&quot;:{&quot;1&quot;:3,&quot;3&quot;:1},&quot;15&quot;:&quot;Calibri&quot;,&quot;16&quot;:9}\">Salud y bienestar humano integral<\/span><\/li>\n<\/ul>\n<p>&nbsp;<\/p>\n<table class=\" alignleft\" style=\"height: 386px;\" width=\"771\">\n<tbody>\n<tr>\n<td style=\"text-align: center; width: 761px;\" colspan=\"2\"><strong>Equipo investigador<\/strong><\/td>\n<\/tr>\n<tr>\n<td style=\"width: 207px; text-align: left;\"><strong>Integrantes<\/strong><\/td>\n<td style=\"width: 103px; text-align: left;\"><strong>Rol<\/strong><\/td>\n<\/tr>\n<tr>\n<td style=\"width: 140px; text-align: left;\"><a href=\"\/index.php\/team\/mauricio-guillen-godoy\/\">Mauricio Alfredo Guill\u00e9n Godoy<\/a><\/td>\n<td style=\"width: 162px; text-align: left;\">Director<\/td>\n<\/tr>\n<tr>\n<td style=\"width: 140px; text-align: left;\"><span>Santiago Lude\u00f1a <\/span><\/td>\n<td style=\"width: 162px; text-align: left;\">Investigador<\/td>\n<\/tr>\n<tr>\n<td style=\"width: 140px; text-align: left;\"><span>Freddy Espinoza <\/span><\/td>\n<td style=\"width: 162px; text-align: left;\">Investigador<\/td>\n<\/tr>\n<tr>\n<td style=\"width: 140px; text-align: left;\"><span>Guillermo Le\u00f3n<\/span><\/td>\n<td style=\"width: 162px; text-align: left;\">Investigador<\/td>\n<\/tr>\n<\/tbody>\n<\/table>\n","protected":false},"excerpt":{"rendered":"<p>Descripci\u00f3n El grupo de investigaci\u00f3n realizar\u00e1 investigaci\u00f3n en el campo de la din\u00e1mica empresarial p\u00fablica y privada y su gesti\u00f3n en RSE &#8211; Responsabilidad Social Empresarial con la salud de [&hellip;]<\/p>\n","protected":false},"author":23,"featured_media":0,"parent":6584,"menu_order":0,"comment_status":"closed","ping_status":"closed","template":"","meta":{"_joinchat":[],"footnotes":""},"class_list":["post-6660","page","type-page","status-publish","hentry"],"_links":{"self":[{"href":"https:\/\/www.unemi.edu.ec\/index.php\/wp-json\/wp\/v2\/pages\/6660","targetHints":{"allow":["GET"]}}],"collection":[{"href":"https:\/\/www.unemi.edu.ec\/index.php\/wp-json\/wp\/v2\/pages"}],"about":[{"href":"https:\/\/www.unemi.edu.ec\/index.php\/wp-json\/wp\/v2\/types\/page"}],"author":[{"embeddable":true,"href":"https:\/\/www.unemi.edu.ec\/index.php\/wp-json\/wp\/v2\/users\/23"}],"replies":[{"embeddable":true,"href":"https:\/\/www.unemi.edu.ec\/index.php\/wp-json\/wp\/v2\/comments?post=6660"}],"version-history":[{"count":2,"href":"https:\/\/www.unemi.edu.ec\/index.php\/wp-json\/wp\/v2\/pages\/6660\/revisions"}],"predecessor-version":[{"id":33277,"href":"https:\/\/www.unemi.edu.ec\/index.php\/wp-json\/wp\/v2\/pages\/6660\/revisions\/33277"}],"up":[{"embeddable":true,"href":"https:\/\/www.unemi.edu.ec\/index.php\/wp-json\/wp\/v2\/pages\/6584"}],"wp:attachment":[{"href":"https:\/\/www.unemi.edu.ec\/index.php\/wp-json\/wp\/v2\/media?parent=6660"}],"curies":[{"name":"wp","href":"https:\/\/api.w.org\/{rel}","templated":true}]}}