{"id":6656,"date":"2018-03-13T19:54:23","date_gmt":"2018-03-13T19:54:23","guid":{"rendered":"https:\/\/https:\/\/www.unemi.edu.ec\/\/wordpress\/?page_id=6656"},"modified":"2018-04-22T02:01:22","modified_gmt":"2018-04-22T02:01:22","slug":"identidad-cultural","status":"publish","type":"page","link":"https:\/\/www.unemi.edu.ec\/index.php\/grupos-de-investigacion\/identidad-cultural\/","title":{"rendered":"Identidad Cultural"},"content":{"rendered":"<p><strong>Identidad\u00a0<\/strong>es la cualidad de id\u00e9ntico. La identidad tambi\u00e9n es un conjunto de caracter\u00edsticas propias de una persona o un grupo y que permiten distinguirlos del resto.<\/p>\n<h2 style=\"text-align: center;\">Descripci\u00f3n<\/h2>\n<p>Concepci\u00f3n que tiene una persona o un colectivo sobre s\u00ed mismo en relaci\u00f3n a otros.<\/p>\n<h2>L\u00edneas de investigaci\u00f3n<\/h2>\n<ul>\n<li>Desarrollo humano y calidad de vida<\/li>\n<\/ul>\n<h2>Posibles temas a investigar<\/h2>\n<ul>\n<li>Uso del material did\u00e1ctico para el rescate de la formaci\u00f3n de valores a trav\u00e9s de la Identidad Cultural en los adolescentes del octavo semestre del colegio Jos\u00e9 Mar\u00eda Velasco Ibarra.<\/li>\n<li>Estrategia Pedag\u00f3gica de Difusi\u00f3n Publicitaria de T\u00e9cnicas artesanales en las instituciones de nivel primaria de la cuidad de Milagro.<\/li>\n<li>Estrategia did\u00e1ctica para potenciar la habilidad creativa en la fluidez del pensamiento en los alumnos de Dise\u00f1o Gr\u00e1fico y Publicidad de la universidad Estatal de Milagro.<\/li>\n<li>Modelo hol\u00edstico e interdiscipinario como eje transversal en la investigaci\u00f3n y vinculaci\u00f3n con la sociedad desde la UNEMI<\/li>\n<\/ul>\n<table style=\"height: 386px;\" width=\"771\">\n<tbody>\n<tr>\n<td style=\"text-align: center; width: 761px;\" colspan=\"2\">\n<h3><strong>Equipo investigador<\/strong><\/h3>\n<\/td>\n<\/tr>\n<tr>\n<td style=\"width: 207px; text-align: left;\"><strong>Integrantes<\/strong><\/td>\n<td style=\"width: 103px; text-align: left;\"><strong>Rol<\/strong><\/td>\n<\/tr>\n<tr style=\"height: 13px;\">\n<td style=\"width: 210px; height: 13px; text-align: left;\"><a href=\"\/index.php\/team\/germanico-tovar-arcos\/\">Rene\u00e9 Tovar Arco<\/a><\/td>\n<td style=\"width: 115px; height: 13px; text-align: left;\">Director<\/td>\n<\/tr>\n<tr style=\"height: 6px;\">\n<td style=\"width: 210px; height: 13px; text-align: left;\">Chaparro Mart\u00ednez Exio Isaac<\/td>\n<td style=\"width: 115px; height: 13px; text-align: left;\">Investigador<\/td>\n<\/tr>\n<tr style=\"height: 5px;\">\n<td style=\"width: 210px; height: 13px; text-align: left;\">Pl\u00faas Salazar Rita Maricela<\/td>\n<td style=\"width: 115px; height: 13px; text-align: left;\">Docente<\/td>\n<\/tr>\n<tr style=\"height: 24px;\">\n<td style=\"width: 210px; height: 24px; text-align: left;\">Newton Gallardo P\u00e9rez<\/td>\n<td style=\"width: 115px; height: 24px; text-align: left;\">Investigador<\/td>\n<\/tr>\n<tr style=\"height: 20px;\">\n<td style=\"width: 210px; height: 20px; text-align: left;\">Edison Andrade S\u00e1nchez<\/td>\n<td style=\"width: 115px; height: 20px; text-align: left;\">Investigador<\/td>\n<\/tr>\n<tr style=\"height: 24px;\">\n<td style=\"width: 210px; height: 24px; text-align: left;\">Adriana Parco Saltos<\/td>\n<td style=\"width: 115px; height: 24px; text-align: left;\">Investigador<\/td>\n<\/tr>\n<tr style=\"height: 24px;\">\n<td style=\"width: 210px; height: 24px; text-align: left;\">Francisco Alvarado Naranjo<\/td>\n<td style=\"width: 115px; height: 24px; text-align: left;\">Investigador<\/td>\n<\/tr>\n<tr style=\"height: 24px;\">\n<td style=\"width: 210px; height: 24px; text-align: left;\">Mary Moreno Zambrano<\/td>\n<td style=\"width: 115px; height: 24px; text-align: left;\">Investigador<\/td>\n<\/tr>\n<tr style=\"height: 12px;\">\n<td style=\"width: 210px; height: 12px; text-align: left;\"><a href=\"\/index.php\/team\/roberto-gomez-torres\/\">Roberto G\u00f3mez Torres<\/a><\/td>\n<td style=\"width: 115px; height: 12px; text-align: left;\">Investigador<\/td>\n<\/tr>\n<\/tbody>\n<\/table>\n","protected":false},"excerpt":{"rendered":"<p>Identidad\u00a0es la cualidad de id\u00e9ntico. La identidad tambi\u00e9n es un conjunto de caracter\u00edsticas propias de una persona o un grupo y que permiten distinguirlos del resto. Descripci\u00f3n Concepci\u00f3n que tiene [&hellip;]<\/p>\n","protected":false},"author":23,"featured_media":0,"parent":6584,"menu_order":0,"comment_status":"closed","ping_status":"closed","template":"","meta":{"_joinchat":[],"footnotes":""},"class_list":["post-6656","page","type-page","status-publish","hentry"],"_links":{"self":[{"href":"https:\/\/www.unemi.edu.ec\/index.php\/wp-json\/wp\/v2\/pages\/6656","targetHints":{"allow":["GET"]}}],"collection":[{"href":"https:\/\/www.unemi.edu.ec\/index.php\/wp-json\/wp\/v2\/pages"}],"about":[{"href":"https:\/\/www.unemi.edu.ec\/index.php\/wp-json\/wp\/v2\/types\/page"}],"author":[{"embeddable":true,"href":"https:\/\/www.unemi.edu.ec\/index.php\/wp-json\/wp\/v2\/users\/23"}],"replies":[{"embeddable":true,"href":"https:\/\/www.unemi.edu.ec\/index.php\/wp-json\/wp\/v2\/comments?post=6656"}],"version-history":[{"count":0,"href":"https:\/\/www.unemi.edu.ec\/index.php\/wp-json\/wp\/v2\/pages\/6656\/revisions"}],"up":[{"embeddable":true,"href":"https:\/\/www.unemi.edu.ec\/index.php\/wp-json\/wp\/v2\/pages\/6584"}],"wp:attachment":[{"href":"https:\/\/www.unemi.edu.ec\/index.php\/wp-json\/wp\/v2\/media?parent=6656"}],"curies":[{"name":"wp","href":"https:\/\/api.w.org\/{rel}","templated":true}]}}