{"id":6652,"date":"2018-03-13T19:53:38","date_gmt":"2018-03-13T19:53:38","guid":{"rendered":"https:\/\/https:\/\/www.unemi.edu.ec\/\/wordpress\/?page_id=6652"},"modified":"2024-06-28T16:11:14","modified_gmt":"2024-06-28T21:11:14","slug":"research-for-health-welfare","status":"publish","type":"page","link":"https:\/\/www.unemi.edu.ec\/index.php\/grupos-de-investigacion\/research-for-health-welfare\/","title":{"rendered":"Research for Health Welfare"},"content":{"rendered":"<h2>Descripci\u00f3n<\/h2>\n<p><span data-sheets-value=\"{&quot;1&quot;:2,&quot;2&quot;:&quot;El grupo de investigaci\u00f3n desarrollar\u00e1 investigaciones en problem\u00e1ticas y soluciones sobre salud de la comunidad&quot;}\" data-sheets-userformat=\"{&quot;2&quot;:14847,&quot;3&quot;:{&quot;1&quot;:0,&quot;3&quot;:1},&quot;4&quot;:{&quot;1&quot;:2,&quot;2&quot;:16776960},&quot;5&quot;:{&quot;1&quot;:[{&quot;1&quot;:2,&quot;2&quot;:0,&quot;5&quot;:{&quot;1&quot;:2,&quot;2&quot;:0}},{&quot;1&quot;:0,&quot;2&quot;:0,&quot;3&quot;:3},{&quot;1&quot;:1,&quot;2&quot;:0,&quot;4&quot;:1}]},&quot;6&quot;:{&quot;1&quot;:[{&quot;1&quot;:2,&quot;2&quot;:0,&quot;5&quot;:{&quot;1&quot;:2,&quot;2&quot;:0}},{&quot;1&quot;:0,&quot;2&quot;:0,&quot;3&quot;:3},{&quot;1&quot;:1,&quot;2&quot;:0,&quot;4&quot;:1}]},&quot;7&quot;:{&quot;1&quot;:[{&quot;1&quot;:2,&quot;2&quot;:0,&quot;5&quot;:{&quot;1&quot;:2,&quot;2&quot;:0}},{&quot;1&quot;:0,&quot;2&quot;:0,&quot;3&quot;:3},{&quot;1&quot;:1,&quot;2&quot;:0,&quot;4&quot;:1}]},&quot;8&quot;:{&quot;1&quot;:[{&quot;1&quot;:2,&quot;2&quot;:0,&quot;5&quot;:{&quot;1&quot;:2,&quot;2&quot;:0}},{&quot;1&quot;:0,&quot;2&quot;:0,&quot;3&quot;:3},{&quot;1&quot;:1,&quot;2&quot;:0,&quot;4&quot;:1}]},&quot;9&quot;:0,&quot;10&quot;:1,&quot;11&quot;:4,&quot;14&quot;:{&quot;1&quot;:3,&quot;3&quot;:1},&quot;15&quot;:&quot;Calibri&quot;,&quot;16&quot;:11}\">El grupo de investigaci\u00f3n desarrollar\u00e1 investigaciones en problem\u00e1ticas y soluciones sobre salud de la comunidad<\/span><\/p>\n<h2>Objetivos<\/h2>\n<p><span data-sheets-value=\"{&quot;1&quot;:2,&quot;2&quot;:&quot;El objetivo de este grupo es incurrir en la investigaci\u00f3n cient\u00edfica con el prop\u00f3sito exclusivo de\\nmejorar la condici\u00f3n de vida de la comunidad, determinando los problemas de salud y posibles\\nsoluciones.&quot;}\" data-sheets-userformat=\"{&quot;2&quot;:14847,&quot;3&quot;:{&quot;1&quot;:0,&quot;3&quot;:1},&quot;4&quot;:{&quot;1&quot;:2,&quot;2&quot;:16776960},&quot;5&quot;:{&quot;1&quot;:[{&quot;1&quot;:2,&quot;2&quot;:0,&quot;5&quot;:{&quot;1&quot;:2,&quot;2&quot;:0}},{&quot;1&quot;:0,&quot;2&quot;:0,&quot;3&quot;:3},{&quot;1&quot;:1,&quot;2&quot;:0,&quot;4&quot;:1}]},&quot;6&quot;:{&quot;1&quot;:[{&quot;1&quot;:2,&quot;2&quot;:0,&quot;5&quot;:{&quot;1&quot;:2,&quot;2&quot;:0}},{&quot;1&quot;:0,&quot;2&quot;:0,&quot;3&quot;:3},{&quot;1&quot;:1,&quot;2&quot;:0,&quot;4&quot;:1}]},&quot;7&quot;:{&quot;1&quot;:[{&quot;1&quot;:2,&quot;2&quot;:0,&quot;5&quot;:{&quot;1&quot;:2,&quot;2&quot;:0}},{&quot;1&quot;:0,&quot;2&quot;:0,&quot;3&quot;:3},{&quot;1&quot;:1,&quot;2&quot;:0,&quot;4&quot;:1}]},&quot;8&quot;:{&quot;1&quot;:[{&quot;1&quot;:2,&quot;2&quot;:0,&quot;5&quot;:{&quot;1&quot;:2,&quot;2&quot;:0}},{&quot;1&quot;:0,&quot;2&quot;:0,&quot;3&quot;:3},{&quot;1&quot;:1,&quot;2&quot;:0,&quot;4&quot;:1}]},&quot;9&quot;:0,&quot;10&quot;:1,&quot;11&quot;:4,&quot;14&quot;:{&quot;1&quot;:3,&quot;3&quot;:1},&quot;15&quot;:&quot;Calibri&quot;,&quot;16&quot;:9}\">El objetivo de este grupo es incurrir en la investigaci\u00f3n cient\u00edfica con el prop\u00f3sito exclusivo de mejorar la condici\u00f3n de vida de la comunidad, determinando los problemas de salud y posibles soluciones.<\/span><\/p>\n<h2>L\u00edneas de Investigaci\u00f3n<\/h2>\n<ul>\n<li><span data-sheets-value=\"{&quot;1&quot;:2,&quot;2&quot;:&quot;SALUD P\u00daBLICA Y BIENESTAR HUMANO INTEGRAL&quot;}\" data-sheets-userformat=\"{&quot;2&quot;:14847,&quot;3&quot;:{&quot;1&quot;:0,&quot;3&quot;:1},&quot;4&quot;:{&quot;1&quot;:2,&quot;2&quot;:16776960},&quot;5&quot;:{&quot;1&quot;:[{&quot;1&quot;:2,&quot;2&quot;:0,&quot;5&quot;:{&quot;1&quot;:2,&quot;2&quot;:0}},{&quot;1&quot;:0,&quot;2&quot;:0,&quot;3&quot;:3},{&quot;1&quot;:1,&quot;2&quot;:0,&quot;4&quot;:1}]},&quot;6&quot;:{&quot;1&quot;:[{&quot;1&quot;:2,&quot;2&quot;:0,&quot;5&quot;:{&quot;1&quot;:2,&quot;2&quot;:0}},{&quot;1&quot;:0,&quot;2&quot;:0,&quot;3&quot;:3},{&quot;1&quot;:1,&quot;2&quot;:0,&quot;4&quot;:1}]},&quot;7&quot;:{&quot;1&quot;:[{&quot;1&quot;:2,&quot;2&quot;:0,&quot;5&quot;:{&quot;1&quot;:2,&quot;2&quot;:0}},{&quot;1&quot;:0,&quot;2&quot;:0,&quot;3&quot;:3},{&quot;1&quot;:1,&quot;2&quot;:0,&quot;4&quot;:1}]},&quot;8&quot;:{&quot;1&quot;:[{&quot;1&quot;:2,&quot;2&quot;:0,&quot;5&quot;:{&quot;1&quot;:2,&quot;2&quot;:0}},{&quot;1&quot;:0,&quot;2&quot;:0,&quot;3&quot;:3},{&quot;1&quot;:1,&quot;2&quot;:0,&quot;4&quot;:1}]},&quot;9&quot;:0,&quot;10&quot;:1,&quot;11&quot;:4,&quot;14&quot;:{&quot;1&quot;:3,&quot;3&quot;:1},&quot;15&quot;:&quot;Calibri&quot;,&quot;16&quot;:9}\">Salud p\u00fablica y bienestar humano integral\u00a0<\/span><\/li>\n<\/ul>\n<table style=\"height: 386px;\" width=\"771\">\n<tbody>\n<tr>\n<td style=\"text-align: center; width: 761px;\" colspan=\"2\">\n<h3><strong>Equipo investigador<\/strong><\/h3>\n<\/td>\n<\/tr>\n<tr>\n<td style=\"width: 207px; text-align: left;\"><strong>Integrantes<\/strong><\/td>\n<td style=\"width: 103px; text-align: left;\"><strong>Rol<\/strong><\/td>\n<\/tr>\n<tr>\n<td style=\"width: 268px; text-align: left;\"><a href=\"https:\/\/web.archive.org\/web\/20220703030847\/https:\/\/www.unemi.edu.ec\/index.php\/team\/holguer-romero-urrea\/\">Holguer Romero Urr\u00e9a<\/a><\/td>\n<td style=\"width: 220px; text-align: left;\">Director<\/td>\n<\/tr>\n<tr>\n<td style=\"width: 268px; text-align: left;\"><span>Guillermo Le\u00f3n<\/span><\/td>\n<td style=\"width: 220px; text-align: left;\">Investigador<\/td>\n<\/tr>\n<tr>\n<td style=\"width: 268px; text-align: left;\"><span>Fredy Espinoza <\/span><\/td>\n<td style=\"width: 220px; text-align: left;\">Investigador<\/td>\n<\/tr>\n<tr>\n<td style=\"width: 268px; text-align: left;\"><span>Gabriel Suarez<\/span><\/td>\n<td style=\"width: 220px; text-align: left;\">Investigador<\/td>\n<\/tr>\n<tr>\n<td style=\"width: 268px; text-align: left;\"><span>Katiuska Echeverr\u00eda <\/span><\/td>\n<td style=\"width: 220px; text-align: left;\">Investigador<\/td>\n<\/tr>\n<tr>\n<td style=\"width: 268px; text-align: left;\"><span>Carmen Zambrano <\/span><\/td>\n<td style=\"width: 220px; text-align: left;\">Investigador<\/td>\n<\/tr>\n<tr>\n<td style=\"width: 268px; text-align: left;\"><span>Maritza Plasencia <\/span><\/td>\n<td style=\"width: 220px; text-align: left;\">Investigador<\/td>\n<\/tr>\n<tr>\n<td style=\"width: 268px; text-align: left;\"><span>Roci\u00f3 Ponce <\/span><\/td>\n<td style=\"width: 220px; text-align: left;\">Investigador<\/td>\n<\/tr>\n<tr>\n<td style=\"width: 268px; text-align: left;\"><span>Elsa Vera Lorenty<\/span><\/td>\n<td style=\"width: 220px; text-align: left;\">Investigador<\/td>\n<\/tr>\n<\/tbody>\n<\/table>\n","protected":false},"excerpt":{"rendered":"<p>Descripci\u00f3n El grupo de investigaci\u00f3n desarrollar\u00e1 investigaciones en problem\u00e1ticas y soluciones sobre salud de la comunidad Objetivos El objetivo de este grupo es incurrir en la investigaci\u00f3n cient\u00edfica con el [&hellip;]<\/p>\n","protected":false},"author":23,"featured_media":0,"parent":6584,"menu_order":0,"comment_status":"closed","ping_status":"closed","template":"","meta":{"_joinchat":[],"footnotes":""},"class_list":["post-6652","page","type-page","status-publish","hentry"],"_links":{"self":[{"href":"https:\/\/www.unemi.edu.ec\/index.php\/wp-json\/wp\/v2\/pages\/6652","targetHints":{"allow":["GET"]}}],"collection":[{"href":"https:\/\/www.unemi.edu.ec\/index.php\/wp-json\/wp\/v2\/pages"}],"about":[{"href":"https:\/\/www.unemi.edu.ec\/index.php\/wp-json\/wp\/v2\/types\/page"}],"author":[{"embeddable":true,"href":"https:\/\/www.unemi.edu.ec\/index.php\/wp-json\/wp\/v2\/users\/23"}],"replies":[{"embeddable":true,"href":"https:\/\/www.unemi.edu.ec\/index.php\/wp-json\/wp\/v2\/comments?post=6652"}],"version-history":[{"count":7,"href":"https:\/\/www.unemi.edu.ec\/index.php\/wp-json\/wp\/v2\/pages\/6652\/revisions"}],"predecessor-version":[{"id":42196,"href":"https:\/\/www.unemi.edu.ec\/index.php\/wp-json\/wp\/v2\/pages\/6652\/revisions\/42196"}],"up":[{"embeddable":true,"href":"https:\/\/www.unemi.edu.ec\/index.php\/wp-json\/wp\/v2\/pages\/6584"}],"wp:attachment":[{"href":"https:\/\/www.unemi.edu.ec\/index.php\/wp-json\/wp\/v2\/media?parent=6652"}],"curies":[{"name":"wp","href":"https:\/\/api.w.org\/{rel}","templated":true}]}}