{"id":6644,"date":"2018-03-13T19:52:00","date_gmt":"2018-03-13T19:52:00","guid":{"rendered":"https:\/\/https:\/\/www.unemi.edu.ec\/\/wordpress\/?page_id=6644"},"modified":"2023-03-11T06:36:13","modified_gmt":"2023-03-11T11:36:13","slug":"salud-y-bienestar","status":"publish","type":"page","link":"https:\/\/www.unemi.edu.ec\/index.php\/grupos-de-investigacion\/salud-y-bienestar\/","title":{"rendered":"Salud y bienestar"},"content":{"rendered":"<h2 style=\"text-align: left;\">Descripci\u00f3n<\/h2>\n<p style=\"text-align: left;\"><span>Es un grupo de investigadores dispuestos a trabajar en equipo para tratar de solucionar problemas de la comunidad de la regi\u00f3n 5 y de todo el Pa\u00eds, para escribir luego art\u00edculos como incentivo para el aumento del nivel de investigaci\u00f3n de la Facultad Ciencias de la Salud.<\/span><\/p>\n<h2 style=\"text-align: left;\">L\u00edneas de Investigaci\u00f3n<\/h2>\n<ul style=\"text-align: left;\">\n<li><span data-sheets-value=\"{&quot;1&quot;:2,&quot;2&quot;:&quot;SALUD P\u00daBLICA Y BIENESTAR HUMANO INTEGRAL&quot;}\" data-sheets-userformat=\"{&quot;2&quot;:14847,&quot;3&quot;:{&quot;1&quot;:0,&quot;3&quot;:1},&quot;4&quot;:{&quot;1&quot;:2,&quot;2&quot;:16776960},&quot;5&quot;:{&quot;1&quot;:[{&quot;1&quot;:2,&quot;2&quot;:0,&quot;5&quot;:{&quot;1&quot;:2,&quot;2&quot;:0}},{&quot;1&quot;:0,&quot;2&quot;:0,&quot;3&quot;:3},{&quot;1&quot;:1,&quot;2&quot;:0,&quot;4&quot;:1}]},&quot;6&quot;:{&quot;1&quot;:[{&quot;1&quot;:2,&quot;2&quot;:0,&quot;5&quot;:{&quot;1&quot;:2,&quot;2&quot;:0}},{&quot;1&quot;:0,&quot;2&quot;:0,&quot;3&quot;:3},{&quot;1&quot;:1,&quot;2&quot;:0,&quot;4&quot;:1}]},&quot;7&quot;:{&quot;1&quot;:[{&quot;1&quot;:2,&quot;2&quot;:0,&quot;5&quot;:{&quot;1&quot;:2,&quot;2&quot;:0}},{&quot;1&quot;:0,&quot;2&quot;:0,&quot;3&quot;:3},{&quot;1&quot;:1,&quot;2&quot;:0,&quot;4&quot;:1}]},&quot;8&quot;:{&quot;1&quot;:[{&quot;1&quot;:2,&quot;2&quot;:0,&quot;5&quot;:{&quot;1&quot;:2,&quot;2&quot;:0}},{&quot;1&quot;:0,&quot;2&quot;:0,&quot;3&quot;:3},{&quot;1&quot;:1,&quot;2&quot;:0,&quot;4&quot;:1}]},&quot;9&quot;:0,&quot;10&quot;:1,&quot;11&quot;:4,&quot;14&quot;:{&quot;1&quot;:3,&quot;3&quot;:1},&quot;15&quot;:&quot;Calibri&quot;,&quot;16&quot;:9}\">Salud p\u00fablica y bienestar h<\/span><span data-sheets-value=\"{&quot;1&quot;:2,&quot;2&quot;:&quot;SALUD P\u00daBLICA Y BIENESTAR HUMANO INTEGRAL&quot;}\" data-sheets-userformat=\"{&quot;2&quot;:14847,&quot;3&quot;:{&quot;1&quot;:0,&quot;3&quot;:1},&quot;4&quot;:{&quot;1&quot;:2,&quot;2&quot;:16776960},&quot;5&quot;:{&quot;1&quot;:[{&quot;1&quot;:2,&quot;2&quot;:0,&quot;5&quot;:{&quot;1&quot;:2,&quot;2&quot;:0}},{&quot;1&quot;:0,&quot;2&quot;:0,&quot;3&quot;:3},{&quot;1&quot;:1,&quot;2&quot;:0,&quot;4&quot;:1}]},&quot;6&quot;:{&quot;1&quot;:[{&quot;1&quot;:2,&quot;2&quot;:0,&quot;5&quot;:{&quot;1&quot;:2,&quot;2&quot;:0}},{&quot;1&quot;:0,&quot;2&quot;:0,&quot;3&quot;:3},{&quot;1&quot;:1,&quot;2&quot;:0,&quot;4&quot;:1}]},&quot;7&quot;:{&quot;1&quot;:[{&quot;1&quot;:2,&quot;2&quot;:0,&quot;5&quot;:{&quot;1&quot;:2,&quot;2&quot;:0}},{&quot;1&quot;:0,&quot;2&quot;:0,&quot;3&quot;:3},{&quot;1&quot;:1,&quot;2&quot;:0,&quot;4&quot;:1}]},&quot;8&quot;:{&quot;1&quot;:[{&quot;1&quot;:2,&quot;2&quot;:0,&quot;5&quot;:{&quot;1&quot;:2,&quot;2&quot;:0}},{&quot;1&quot;:0,&quot;2&quot;:0,&quot;3&quot;:3},{&quot;1&quot;:1,&quot;2&quot;:0,&quot;4&quot;:1}]},&quot;9&quot;:0,&quot;10&quot;:1,&quot;11&quot;:4,&quot;14&quot;:{&quot;1&quot;:3,&quot;3&quot;:1},&quot;15&quot;:&quot;Calibri&quot;,&quot;16&quot;:9}\">umano integral<\/span><\/li>\n<\/ul>\n<h2 style=\"text-align: left;\">Objetivos<\/h2>\n<p style=\"text-align: left;\"><span>Generar y participar en proyectos de investigaci\u00f3n y vinculaci\u00f3n, abordando temas dentro de la l\u00ednea de investigaci\u00f3n salud p\u00fablica y bienestar humano integral buscando nuevos conocimientos utilizando la tecnolog\u00eda con el apoyo interinstitucional encaminados a la soluci\u00f3n de problemas de salud del entorno, zonal y regional.<\/span><\/p>\n<table class=\" alignleft\" style=\"height: 386px;\" width=\"771\">\n<tbody>\n<tr>\n<td style=\"text-align: center; width: 761px;\" colspan=\"2\">\n<h3><strong>Equipo investigador<\/strong><\/h3>\n<\/td>\n<\/tr>\n<tr>\n<td style=\"width: 207px; text-align: left;\"><strong>Integrantes<\/strong><\/td>\n<td style=\"width: 103px; text-align: left;\"><strong>Rol<\/strong><\/td>\n<\/tr>\n<tr>\n<td style=\"width: 268px; text-align: left;\"><span data-sheets-value=\"{&quot;1&quot;:2,&quot;2&quot;:&quot;LIZAN AYOL PEREZ&quot;}\" data-sheets-userformat=\"{&quot;2&quot;:14847,&quot;3&quot;:{&quot;1&quot;:0,&quot;3&quot;:1},&quot;4&quot;:{&quot;1&quot;:2,&quot;2&quot;:16776960},&quot;5&quot;:{&quot;1&quot;:[{&quot;1&quot;:2,&quot;2&quot;:0,&quot;5&quot;:{&quot;1&quot;:2,&quot;2&quot;:0}},{&quot;1&quot;:0,&quot;2&quot;:0,&quot;3&quot;:3},{&quot;1&quot;:1,&quot;2&quot;:0,&quot;4&quot;:1}]},&quot;6&quot;:{&quot;1&quot;:[{&quot;1&quot;:2,&quot;2&quot;:0,&quot;5&quot;:{&quot;1&quot;:2,&quot;2&quot;:0}},{&quot;1&quot;:0,&quot;2&quot;:0,&quot;3&quot;:3},{&quot;1&quot;:1,&quot;2&quot;:0,&quot;4&quot;:1}]},&quot;7&quot;:{&quot;1&quot;:[{&quot;1&quot;:2,&quot;2&quot;:0,&quot;5&quot;:{&quot;1&quot;:2,&quot;2&quot;:0}},{&quot;1&quot;:0,&quot;2&quot;:0,&quot;3&quot;:3},{&quot;1&quot;:1,&quot;2&quot;:0,&quot;4&quot;:1}]},&quot;8&quot;:{&quot;1&quot;:[{&quot;1&quot;:2,&quot;2&quot;:0,&quot;5&quot;:{&quot;1&quot;:0}},{&quot;1&quot;:0,&quot;2&quot;:0,&quot;3&quot;:3},{&quot;1&quot;:1,&quot;2&quot;:0,&quot;4&quot;:1}]},&quot;9&quot;:1,&quot;10&quot;:1,&quot;11&quot;:4,&quot;14&quot;:{&quot;1&quot;:3,&quot;3&quot;:1},&quot;15&quot;:&quot;Calibri&quot;,&quot;16&quot;:9}\">Lizan Ayol Perez<\/span><\/td>\n<td style=\"width: 220px; text-align: left;\">Director<\/td>\n<\/tr>\n<tr>\n<td style=\"width: 268px; text-align: left;\"><span>Imelda Arias Montero<\/span><\/td>\n<td style=\"width: 220px; text-align: left;\">Investigador<\/td>\n<\/tr>\n<tr>\n<td style=\"width: 268px; text-align: left;\"><span>Mariana Guadalupe Vargas<\/span><\/td>\n<td style=\"width: 220px; text-align: left;\">Investigador<\/td>\n<\/tr>\n<tr>\n<td style=\"width: 268px; text-align: left;\"><span>Julio Antonio Posligua<\/span><\/td>\n<td style=\"width: 220px; text-align: left;\">Investigador<\/td>\n<\/tr>\n<tr>\n<td style=\"width: 268px; text-align: left;\"><span>Gabriela Vasquez Espinoza<\/span><\/td>\n<td style=\"width: 220px; text-align: left;\">Investigador<\/td>\n<\/tr>\n<tr>\n<td style=\"width: 268px; text-align: left;\"><span>Grecia Encalada Campos<\/span><\/td>\n<td style=\"width: 220px; text-align: left;\">Investigador<\/td>\n<\/tr>\n<tr>\n<td style=\"width: 268px; text-align: left;\"><span>Gilma Guerrero Lappo<\/span><\/td>\n<td style=\"width: 220px; text-align: left;\">Investigador<\/td>\n<\/tr>\n<tr>\n<td style=\"width: 268px; text-align: left;\"><span>Carmen Yancha Moreta<\/span><\/td>\n<td style=\"width: 220px; text-align: left;\">Investigador<\/td>\n<\/tr>\n<tr>\n<td style=\"width: 268px; text-align: left;\"><span>Juliana Zapa Cede\u00f1o<\/span><\/td>\n<td style=\"width: 220px; text-align: left;\">Investigador<\/td>\n<\/tr>\n<\/tbody>\n<\/table>\n<h2 style=\"text-align: center;\"><\/h2>\n","protected":false},"excerpt":{"rendered":"<p>Descripci\u00f3n Es un grupo de investigadores dispuestos a trabajar en equipo para tratar de solucionar problemas de la comunidad de la regi\u00f3n 5 y de todo el Pa\u00eds, para escribir [&hellip;]<\/p>\n","protected":false},"author":23,"featured_media":0,"parent":6584,"menu_order":0,"comment_status":"closed","ping_status":"closed","template":"","meta":{"_joinchat":[],"footnotes":""},"class_list":["post-6644","page","type-page","status-publish","hentry"],"_links":{"self":[{"href":"https:\/\/www.unemi.edu.ec\/index.php\/wp-json\/wp\/v2\/pages\/6644","targetHints":{"allow":["GET"]}}],"collection":[{"href":"https:\/\/www.unemi.edu.ec\/index.php\/wp-json\/wp\/v2\/pages"}],"about":[{"href":"https:\/\/www.unemi.edu.ec\/index.php\/wp-json\/wp\/v2\/types\/page"}],"author":[{"embeddable":true,"href":"https:\/\/www.unemi.edu.ec\/index.php\/wp-json\/wp\/v2\/users\/23"}],"replies":[{"embeddable":true,"href":"https:\/\/www.unemi.edu.ec\/index.php\/wp-json\/wp\/v2\/comments?post=6644"}],"version-history":[{"count":11,"href":"https:\/\/www.unemi.edu.ec\/index.php\/wp-json\/wp\/v2\/pages\/6644\/revisions"}],"predecessor-version":[{"id":34658,"href":"https:\/\/www.unemi.edu.ec\/index.php\/wp-json\/wp\/v2\/pages\/6644\/revisions\/34658"}],"up":[{"embeddable":true,"href":"https:\/\/www.unemi.edu.ec\/index.php\/wp-json\/wp\/v2\/pages\/6584"}],"wp:attachment":[{"href":"https:\/\/www.unemi.edu.ec\/index.php\/wp-json\/wp\/v2\/media?parent=6644"}],"curies":[{"name":"wp","href":"https:\/\/api.w.org\/{rel}","templated":true}]}}