{"id":6640,"date":"2018-03-13T19:51:09","date_gmt":"2018-03-13T19:51:09","guid":{"rendered":"https:\/\/https:\/\/www.unemi.edu.ec\/\/wordpress\/?page_id=6640"},"modified":"2018-11-30T18:21:14","modified_gmt":"2018-11-30T18:21:14","slug":"grupo-de-investigacion-en-caracterizacion-procesamiento-y-proteccion-de-materiales-gicppm","status":"publish","type":"page","link":"https:\/\/www.unemi.edu.ec\/index.php\/grupos-de-investigacion\/grupo-de-investigacion-en-caracterizacion-procesamiento-y-proteccion-de-materiales-gicppm\/","title":{"rendered":"Grupo de Investigaci\u00f3n en Caracterizaci\u00f3n, Procesamiento y Protecci\u00f3n de Materiales (GICPPM)"},"content":{"rendered":"<p>El grupo de investigaci\u00f3n busca contribuir en el mejoramiento de los procesos de obtenci\u00f3n, caracterizaci\u00f3n, evaluaci\u00f3n y protecci\u00f3n de materiales.<\/p>\n<p>Formar potencial humano para impulsar el desarrollo de nuevos materiales.<\/p>\n<p>Desarrollar materiales para aplicaciones tecnol\u00f3gicas.<\/p>\n<h3>L\u00ednea de Investigaci\u00f3n<\/h3>\n<ul>\n<li>Dise\u00f1o de prototipos de equipos industriales a escala de laboratorio<\/li>\n<\/ul>\n<h3>Director<\/h3>\n<ul>\n<li><a href=\"\/index.php\/team\/edwuin-carrasquero-rodriguez\/\">Edwuin Carrasquero Rodr\u00edguez<\/a><\/li>\n<\/ul>\n","protected":false},"excerpt":{"rendered":"<p>El grupo de investigaci\u00f3n busca contribuir en el mejoramiento de los procesos de obtenci\u00f3n, caracterizaci\u00f3n, evaluaci\u00f3n y protecci\u00f3n de materiales. Formar potencial humano para impulsar el desarrollo de nuevos materiales. [&hellip;]<\/p>\n","protected":false},"author":23,"featured_media":0,"parent":6584,"menu_order":0,"comment_status":"closed","ping_status":"closed","template":"","meta":{"_joinchat":[],"footnotes":""},"class_list":["post-6640","page","type-page","status-publish","hentry"],"_links":{"self":[{"href":"https:\/\/www.unemi.edu.ec\/index.php\/wp-json\/wp\/v2\/pages\/6640","targetHints":{"allow":["GET"]}}],"collection":[{"href":"https:\/\/www.unemi.edu.ec\/index.php\/wp-json\/wp\/v2\/pages"}],"about":[{"href":"https:\/\/www.unemi.edu.ec\/index.php\/wp-json\/wp\/v2\/types\/page"}],"author":[{"embeddable":true,"href":"https:\/\/www.unemi.edu.ec\/index.php\/wp-json\/wp\/v2\/users\/23"}],"replies":[{"embeddable":true,"href":"https:\/\/www.unemi.edu.ec\/index.php\/wp-json\/wp\/v2\/comments?post=6640"}],"version-history":[{"count":0,"href":"https:\/\/www.unemi.edu.ec\/index.php\/wp-json\/wp\/v2\/pages\/6640\/revisions"}],"up":[{"embeddable":true,"href":"https:\/\/www.unemi.edu.ec\/index.php\/wp-json\/wp\/v2\/pages\/6584"}],"wp:attachment":[{"href":"https:\/\/www.unemi.edu.ec\/index.php\/wp-json\/wp\/v2\/media?parent=6640"}],"curies":[{"name":"wp","href":"https:\/\/api.w.org\/{rel}","templated":true}]}}