{"id":6636,"date":"2018-03-13T19:50:17","date_gmt":"2018-03-13T19:50:17","guid":{"rendered":"https:\/\/https:\/\/www.unemi.edu.ec\/\/wordpress\/?page_id=6636"},"modified":"2023-03-13T09:30:11","modified_gmt":"2023-03-13T14:30:11","slug":"grupo-de-investigacion-de-medio-ambiente-y-energias-renovables-gimer","status":"publish","type":"page","link":"https:\/\/www.unemi.edu.ec\/index.php\/grupos-de-investigacion\/grupo-de-investigacion-de-medio-ambiente-y-energias-renovables-gimer\/","title":{"rendered":"Grupo de Investigaci\u00f3n de Medio Ambiente y Energ\u00edas Renovables (GIMER)"},"content":{"rendered":"<p>Estudiar los impactos negativos y positivos generados por la actividad antropog\u00e9nica para prevenir, controlar, minimizar y simular sus efectos en el entorno, partiendo de la aplicaci\u00f3n de metodolog\u00edas cient\u00edficas que creen conocimiento respaldado en el desarrollo sostenible.<\/p>\n<h3>L\u00ednea de investigaci\u00f3n<\/h3>\n<ul>\n<li>Desarrollo sostenible<\/li>\n<\/ul>\n<h3>Director\/a<\/h3>\n<ul>\n<li><a href=\"\/index.php\/team\/javier-alcazar-espinoza\/\">Javier Alcazar Espinoza<\/a><\/li>\n<\/ul>\n<h3>Integrantes<\/h3>\n<ul>\n<li>\u00cdtalo Palacios Anzules<\/li>\n<li>Denny Moreno Castro<\/li>\n<li>Carlos Vaca Coronel<\/li>\n<li>Omar Yagual Mu\u00f1oz<\/li>\n<li>Jos\u00e9 Mu\u00f1oz Salcedo<\/li>\n<li>Rafael Lazo Sulca<\/li>\n<\/ul>\n","protected":false},"excerpt":{"rendered":"<p>Estudiar los impactos negativos y positivos generados por la actividad antropog\u00e9nica para prevenir, controlar, minimizar y simular sus efectos en el entorno, partiendo de la aplicaci\u00f3n de metodolog\u00edas cient\u00edficas que [&hellip;]<\/p>\n","protected":false},"author":23,"featured_media":0,"parent":6584,"menu_order":0,"comment_status":"closed","ping_status":"closed","template":"","meta":{"_joinchat":[],"footnotes":""},"class_list":["post-6636","page","type-page","status-publish","hentry"],"_links":{"self":[{"href":"https:\/\/www.unemi.edu.ec\/index.php\/wp-json\/wp\/v2\/pages\/6636","targetHints":{"allow":["GET"]}}],"collection":[{"href":"https:\/\/www.unemi.edu.ec\/index.php\/wp-json\/wp\/v2\/pages"}],"about":[{"href":"https:\/\/www.unemi.edu.ec\/index.php\/wp-json\/wp\/v2\/types\/page"}],"author":[{"embeddable":true,"href":"https:\/\/www.unemi.edu.ec\/index.php\/wp-json\/wp\/v2\/users\/23"}],"replies":[{"embeddable":true,"href":"https:\/\/www.unemi.edu.ec\/index.php\/wp-json\/wp\/v2\/comments?post=6636"}],"version-history":[{"count":2,"href":"https:\/\/www.unemi.edu.ec\/index.php\/wp-json\/wp\/v2\/pages\/6636\/revisions"}],"predecessor-version":[{"id":34705,"href":"https:\/\/www.unemi.edu.ec\/index.php\/wp-json\/wp\/v2\/pages\/6636\/revisions\/34705"}],"up":[{"embeddable":true,"href":"https:\/\/www.unemi.edu.ec\/index.php\/wp-json\/wp\/v2\/pages\/6584"}],"wp:attachment":[{"href":"https:\/\/www.unemi.edu.ec\/index.php\/wp-json\/wp\/v2\/media?parent=6636"}],"curies":[{"name":"wp","href":"https:\/\/api.w.org\/{rel}","templated":true}]}}