{"id":6630,"date":"2018-03-13T19:49:07","date_gmt":"2018-03-13T19:49:07","guid":{"rendered":"https:\/\/https:\/\/www.unemi.edu.ec\/\/wordpress\/?page_id=6630"},"modified":"2018-09-12T17:39:31","modified_gmt":"2018-09-12T17:39:31","slug":"responsabilidad-social-de-las-empresas","status":"publish","type":"page","link":"https:\/\/www.unemi.edu.ec\/index.php\/grupos-de-investigacion\/responsabilidad-social-de-las-empresas\/","title":{"rendered":"Responsabilidad social de las empresas"},"content":{"rendered":"<p>El grupo de investigaci\u00f3n esta formado por un grupo interdisciplinario de expertos que aborda las problem\u00e1ticas existentes en la aplicaci\u00f3n de las teor\u00edas, principios y conceptos de la Responsabilidad Social de las Empresas en las tres dimensiones del desarrollo, el econ\u00f3mico, social y ambiental.<\/p>\n<h3>L\u00ednea de Investigaci\u00f3n<\/h3>\n<ul>\n<li>Modelos de desarrollo local y empresarial ajustados a los enfoques de la econom\u00eda popular y solidaria; y sostenibilidad.<\/li>\n<\/ul>\n<h3>Director<\/h3>\n<ul>\n<li><a href=\"\/index.php\/team\/xavier-ortega-haro\/\">Xavier Ortega Haro<\/a><\/li>\n<\/ul>\n","protected":false},"excerpt":{"rendered":"<p>El grupo de investigaci\u00f3n esta formado por un grupo interdisciplinario de expertos que aborda las problem\u00e1ticas existentes en la aplicaci\u00f3n de las teor\u00edas, principios y conceptos de la Responsabilidad Social [&hellip;]<\/p>\n","protected":false},"author":23,"featured_media":0,"parent":6584,"menu_order":0,"comment_status":"closed","ping_status":"closed","template":"","meta":{"_joinchat":[],"footnotes":""},"class_list":["post-6630","page","type-page","status-publish","hentry"],"_links":{"self":[{"href":"https:\/\/www.unemi.edu.ec\/index.php\/wp-json\/wp\/v2\/pages\/6630","targetHints":{"allow":["GET"]}}],"collection":[{"href":"https:\/\/www.unemi.edu.ec\/index.php\/wp-json\/wp\/v2\/pages"}],"about":[{"href":"https:\/\/www.unemi.edu.ec\/index.php\/wp-json\/wp\/v2\/types\/page"}],"author":[{"embeddable":true,"href":"https:\/\/www.unemi.edu.ec\/index.php\/wp-json\/wp\/v2\/users\/23"}],"replies":[{"embeddable":true,"href":"https:\/\/www.unemi.edu.ec\/index.php\/wp-json\/wp\/v2\/comments?post=6630"}],"version-history":[{"count":0,"href":"https:\/\/www.unemi.edu.ec\/index.php\/wp-json\/wp\/v2\/pages\/6630\/revisions"}],"up":[{"embeddable":true,"href":"https:\/\/www.unemi.edu.ec\/index.php\/wp-json\/wp\/v2\/pages\/6584"}],"wp:attachment":[{"href":"https:\/\/www.unemi.edu.ec\/index.php\/wp-json\/wp\/v2\/media?parent=6630"}],"curies":[{"name":"wp","href":"https:\/\/api.w.org\/{rel}","templated":true}]}}