{"id":6624,"date":"2018-03-13T19:47:56","date_gmt":"2018-03-13T19:47:56","guid":{"rendered":"https:\/\/https:\/\/www.unemi.edu.ec\/\/wordpress\/?page_id=6624"},"modified":"2018-09-12T17:20:52","modified_gmt":"2018-09-12T17:20:52","slug":"por-una-unemi-verde-rumbo-a-la-sostenibilidad-medio-ambiente","status":"publish","type":"page","link":"https:\/\/www.unemi.edu.ec\/index.php\/grupos-de-investigacion\/por-una-unemi-verde-rumbo-a-la-sostenibilidad-medio-ambiente\/","title":{"rendered":"Por una UNEMI verde, rumbo a la sostenibilidad &#8211; (Medio Ambiente)"},"content":{"rendered":"<p>Este grupo de investigaci\u00f3n plantea transformar la UNEMI en una universidad verde considerando los aspectos culturales, ecotur\u00edsticos y ecol\u00f3gicos, par\u00e1metros de sostenibilidad.<\/p>\n<h3>L\u00ednea de investigaci\u00f3n<\/h3>\n<ul>\n<li>Modelos de desarrollo local empresarial ajustados a los enfoques de la econom\u00eda popular y solidaria; y sostenibilidad.<\/li>\n<\/ul>\n<h3>Director<\/h3>\n<ul>\n<li><a href=\"\/index.php\/team\/diana-delgado-campuzano\/\">Diana Delgado Campuzano<\/a><\/li>\n<\/ul>\n","protected":false},"excerpt":{"rendered":"<p>Este grupo de investigaci\u00f3n plantea transformar la UNEMI en una universidad verde considerando los aspectos culturales, ecotur\u00edsticos y ecol\u00f3gicos, par\u00e1metros de sostenibilidad. L\u00ednea de investigaci\u00f3n Modelos de desarrollo local empresarial [&hellip;]<\/p>\n","protected":false},"author":23,"featured_media":0,"parent":6584,"menu_order":0,"comment_status":"closed","ping_status":"closed","template":"","meta":{"_joinchat":[],"footnotes":""},"class_list":["post-6624","page","type-page","status-publish","hentry"],"_links":{"self":[{"href":"https:\/\/www.unemi.edu.ec\/index.php\/wp-json\/wp\/v2\/pages\/6624","targetHints":{"allow":["GET"]}}],"collection":[{"href":"https:\/\/www.unemi.edu.ec\/index.php\/wp-json\/wp\/v2\/pages"}],"about":[{"href":"https:\/\/www.unemi.edu.ec\/index.php\/wp-json\/wp\/v2\/types\/page"}],"author":[{"embeddable":true,"href":"https:\/\/www.unemi.edu.ec\/index.php\/wp-json\/wp\/v2\/users\/23"}],"replies":[{"embeddable":true,"href":"https:\/\/www.unemi.edu.ec\/index.php\/wp-json\/wp\/v2\/comments?post=6624"}],"version-history":[{"count":0,"href":"https:\/\/www.unemi.edu.ec\/index.php\/wp-json\/wp\/v2\/pages\/6624\/revisions"}],"up":[{"embeddable":true,"href":"https:\/\/www.unemi.edu.ec\/index.php\/wp-json\/wp\/v2\/pages\/6584"}],"wp:attachment":[{"href":"https:\/\/www.unemi.edu.ec\/index.php\/wp-json\/wp\/v2\/media?parent=6624"}],"curies":[{"name":"wp","href":"https:\/\/api.w.org\/{rel}","templated":true}]}}