{"id":6622,"date":"2018-03-13T19:47:30","date_gmt":"2018-03-13T19:47:30","guid":{"rendered":"https:\/\/https:\/\/www.unemi.edu.ec\/\/wordpress\/?page_id=6622"},"modified":"2018-09-12T17:21:37","modified_gmt":"2018-09-12T17:21:37","slug":"incidencia-de-los-valores-humanos-en-la-formacion-y-desarrollo-profesional-de-los-estudianets-de-la-unemi-en-el-2017","status":"publish","type":"page","link":"https:\/\/www.unemi.edu.ec\/index.php\/grupos-de-investigacion\/incidencia-de-los-valores-humanos-en-la-formacion-y-desarrollo-profesional-de-los-estudianets-de-la-unemi-en-el-2017\/","title":{"rendered":"Incidencia de los Valores Humanos en la Formaci\u00f3n y Desarrollo Profesional de los Estudianets de la UNEMI en el 2017"},"content":{"rendered":"<p>Realizar investigaci\u00f3n y un estudio axiol\u00f3gico sobre los valores humanos y el conjunto de caracter\u00edsticas que poseen los estudiantes de UNEMI, mediante los cuales determinan el comportamiento e interacci\u00f3n con otros individuos y el medio ambiente. A fin de lograr una convivencia saludable.<\/p>\n<h3>L\u00ednea de investigaci\u00f3n<\/h3>\n<ul>\n<li>Calidad de los sistemas educativos en los diferentes niveles de ense\u00f1anza<\/li>\n<\/ul>\n<h3>Director<\/h3>\n<ul>\n<li><a href=\"\/index.php\/team\/jinsop-gamboa-poveda\/\"><\/a><a href=\"\/index.php\/team\/jinsop-gamboa-poveda\/\">Jinsop Elias<\/a><a href=\"\/index.php\/team\/jinsop-gamboa-poveda\/\">\u00a0Gamboa Poveda<\/a><\/li>\n<\/ul>\n","protected":false},"excerpt":{"rendered":"<p>Realizar investigaci\u00f3n y un estudio axiol\u00f3gico sobre los valores humanos y el conjunto de caracter\u00edsticas que poseen los estudiantes de UNEMI, mediante los cuales determinan el comportamiento e interacci\u00f3n con [&hellip;]<\/p>\n","protected":false},"author":23,"featured_media":0,"parent":6584,"menu_order":0,"comment_status":"closed","ping_status":"closed","template":"","meta":{"_joinchat":[],"footnotes":""},"class_list":["post-6622","page","type-page","status-publish","hentry"],"_links":{"self":[{"href":"https:\/\/www.unemi.edu.ec\/index.php\/wp-json\/wp\/v2\/pages\/6622","targetHints":{"allow":["GET"]}}],"collection":[{"href":"https:\/\/www.unemi.edu.ec\/index.php\/wp-json\/wp\/v2\/pages"}],"about":[{"href":"https:\/\/www.unemi.edu.ec\/index.php\/wp-json\/wp\/v2\/types\/page"}],"author":[{"embeddable":true,"href":"https:\/\/www.unemi.edu.ec\/index.php\/wp-json\/wp\/v2\/users\/23"}],"replies":[{"embeddable":true,"href":"https:\/\/www.unemi.edu.ec\/index.php\/wp-json\/wp\/v2\/comments?post=6622"}],"version-history":[{"count":0,"href":"https:\/\/www.unemi.edu.ec\/index.php\/wp-json\/wp\/v2\/pages\/6622\/revisions"}],"up":[{"embeddable":true,"href":"https:\/\/www.unemi.edu.ec\/index.php\/wp-json\/wp\/v2\/pages\/6584"}],"wp:attachment":[{"href":"https:\/\/www.unemi.edu.ec\/index.php\/wp-json\/wp\/v2\/media?parent=6622"}],"curies":[{"name":"wp","href":"https:\/\/api.w.org\/{rel}","templated":true}]}}