{"id":6620,"date":"2018-03-13T19:47:09","date_gmt":"2018-03-13T19:47:09","guid":{"rendered":"https:\/\/https:\/\/www.unemi.edu.ec\/\/wordpress\/?page_id=6620"},"modified":"2018-09-12T17:08:20","modified_gmt":"2018-09-12T17:08:20","slug":"grupo-de-investigacion-tecnologica-e-innovacion-educativa-teine","status":"publish","type":"page","link":"https:\/\/www.unemi.edu.ec\/index.php\/grupos-de-investigacion\/grupo-de-investigacion-tecnologica-e-innovacion-educativa-teine\/","title":{"rendered":"Grupo de Investigaci\u00f3n Tecnol\u00f3gica e Innovaci\u00f3n Educativa (TEINE)"},"content":{"rendered":"<p>Desarrollar tecnolog\u00edas e innovaciones que impulsan la producci\u00f3n nacional, eleven la eficiencia y productividad, mejoren la calidad de vida y contribuyan a la realizaci\u00f3n del buen vivir.<\/p>\n<h3><strong>L\u00ednea de Investigaci\u00f3n<\/strong><\/h3>\n<ul>\n<li>Tecnolog\u00eda de la informaci\u00f3n y de la comunicaci\u00f3n.<\/li>\n<\/ul>\n<h3>Director<\/h3>\n<ul>\n<li><a href=\"\/index.php\/team\/abdon-cabrera-torres\/\">Abdon Cabrera Torres<\/a><\/li>\n<\/ul>\n","protected":false},"excerpt":{"rendered":"<p>Desarrollar tecnolog\u00edas e innovaciones que impulsan la producci\u00f3n nacional, eleven la eficiencia y productividad, mejoren la calidad de vida y contribuyan a la realizaci\u00f3n del buen vivir. L\u00ednea de Investigaci\u00f3n [&hellip;]<\/p>\n","protected":false},"author":23,"featured_media":0,"parent":6584,"menu_order":0,"comment_status":"closed","ping_status":"closed","template":"","meta":{"_joinchat":[],"footnotes":""},"class_list":["post-6620","page","type-page","status-publish","hentry"],"_links":{"self":[{"href":"https:\/\/www.unemi.edu.ec\/index.php\/wp-json\/wp\/v2\/pages\/6620","targetHints":{"allow":["GET"]}}],"collection":[{"href":"https:\/\/www.unemi.edu.ec\/index.php\/wp-json\/wp\/v2\/pages"}],"about":[{"href":"https:\/\/www.unemi.edu.ec\/index.php\/wp-json\/wp\/v2\/types\/page"}],"author":[{"embeddable":true,"href":"https:\/\/www.unemi.edu.ec\/index.php\/wp-json\/wp\/v2\/users\/23"}],"replies":[{"embeddable":true,"href":"https:\/\/www.unemi.edu.ec\/index.php\/wp-json\/wp\/v2\/comments?post=6620"}],"version-history":[{"count":0,"href":"https:\/\/www.unemi.edu.ec\/index.php\/wp-json\/wp\/v2\/pages\/6620\/revisions"}],"up":[{"embeddable":true,"href":"https:\/\/www.unemi.edu.ec\/index.php\/wp-json\/wp\/v2\/pages\/6584"}],"wp:attachment":[{"href":"https:\/\/www.unemi.edu.ec\/index.php\/wp-json\/wp\/v2\/media?parent=6620"}],"curies":[{"name":"wp","href":"https:\/\/api.w.org\/{rel}","templated":true}]}}