{"id":6612,"date":"2018-03-13T19:45:23","date_gmt":"2018-03-13T19:45:23","guid":{"rendered":"https:\/\/https:\/\/www.unemi.edu.ec\/\/wordpress\/?page_id=6612"},"modified":"2023-03-09T15:41:45","modified_gmt":"2023-03-09T20:41:45","slug":"analisis-de-redes-sociales-en-psicologia-y-educacion","status":"publish","type":"page","link":"https:\/\/www.unemi.edu.ec\/index.php\/grupos-de-investigacion\/analisis-de-redes-sociales-en-psicologia-y-educacion\/","title":{"rendered":"An\u00e1lisis de Redes Sociales en Psicolog\u00eda y Educaci\u00f3n"},"content":{"rendered":"[vc_row][vc_column][vc_column_text]\n<p style=\"text-align: justify;\">El grupo de Investigaci\u00f3n tiene como finalidad analizar los procesos grupales, su red social y la forma en la que se relacionan las personas en los \u00e1mbitos educativos, laborales, comunitarios, dando paso al desarrollo de las capacidades y potencialidades de la ciudadan\u00eda y as\u00ed fomentar el buen vivir, a trav\u00e9s de una armon\u00eda en su salud psicol\u00f3gica.<\/p>\n<h3 style=\"text-align: left;\">L\u00ednea de investigaci\u00f3n<\/h3>\n<ul>\n<li>Salud p\u00fablica y bienestar humano integral<\/li>\n<\/ul>\n<h3>Director\/a<\/h3>\n<ul>\n<li><a href=\"\/index.php\/team\/johana-espinel-guadalupe\/\">Johana Espinel Guadalupe<\/a><\/li>\n<\/ul>\n<h3>Integrantes<\/h3>\n<ul>\n<li>Elka Almeida Monge<\/li>\n<li>Karla Mora<\/li>\n<li>Diana Aguilar Pita (C)<\/li>\n<li>Erika Ruperti Lucero<\/li>\n<li>Carlos Naranjo Cabrera<\/li>\n<li>Washington Miranda Vera<\/li>\n<li>Kerly \u00c1lvarez<\/li>\n<\/ul>\n[\/vc_column_text][gt3_spacing height=&#8221;32px&#8221;][\/vc_column][\/vc_row]\n","protected":false},"excerpt":{"rendered":"<p>[vc_row][vc_column][vc_column_text] El grupo de Investigaci\u00f3n tiene como finalidad analizar los procesos grupales, su red social y la forma en la que se relacionan las personas en los \u00e1mbitos educativos, laborales, [&hellip;]<\/p>\n","protected":false},"author":23,"featured_media":0,"parent":6584,"menu_order":0,"comment_status":"closed","ping_status":"closed","template":"","meta":{"_joinchat":[],"footnotes":""},"class_list":["post-6612","page","type-page","status-publish","hentry"],"_links":{"self":[{"href":"https:\/\/www.unemi.edu.ec\/index.php\/wp-json\/wp\/v2\/pages\/6612","targetHints":{"allow":["GET"]}}],"collection":[{"href":"https:\/\/www.unemi.edu.ec\/index.php\/wp-json\/wp\/v2\/pages"}],"about":[{"href":"https:\/\/www.unemi.edu.ec\/index.php\/wp-json\/wp\/v2\/types\/page"}],"author":[{"embeddable":true,"href":"https:\/\/www.unemi.edu.ec\/index.php\/wp-json\/wp\/v2\/users\/23"}],"replies":[{"embeddable":true,"href":"https:\/\/www.unemi.edu.ec\/index.php\/wp-json\/wp\/v2\/comments?post=6612"}],"version-history":[{"count":4,"href":"https:\/\/www.unemi.edu.ec\/index.php\/wp-json\/wp\/v2\/pages\/6612\/revisions"}],"predecessor-version":[{"id":34624,"href":"https:\/\/www.unemi.edu.ec\/index.php\/wp-json\/wp\/v2\/pages\/6612\/revisions\/34624"}],"up":[{"embeddable":true,"href":"https:\/\/www.unemi.edu.ec\/index.php\/wp-json\/wp\/v2\/pages\/6584"}],"wp:attachment":[{"href":"https:\/\/www.unemi.edu.ec\/index.php\/wp-json\/wp\/v2\/media?parent=6612"}],"curies":[{"name":"wp","href":"https:\/\/api.w.org\/{rel}","templated":true}]}}