{"id":6610,"date":"2018-03-13T19:45:00","date_gmt":"2018-03-13T19:45:00","guid":{"rendered":"https:\/\/https:\/\/www.unemi.edu.ec\/\/wordpress\/?page_id=6610"},"modified":"2022-11-23T09:03:41","modified_gmt":"2022-11-23T14:03:41","slug":"salud-publica-y-educacion","status":"publish","type":"page","link":"https:\/\/www.unemi.edu.ec\/index.php\/grupos-de-investigacion\/salud-publica-y-educacion\/","title":{"rendered":"Salud P\u00fablica y Educaci\u00f3n"},"content":{"rendered":"<p><span>El grupo de investigaci\u00f3n tiene como prop\u00f3sito la generaci\u00f3n de conocimientos en diferentes \u00e1reas de salud p\u00fablica y sus relaciones con la educaci\u00f3n desde una perspectiva hol\u00edstica, que aporte a la soluci\u00f3n de problemas de salud que afecte la calidad de vida de los individuos, familias y comunidades a nivel de la zona 5 y del pa\u00eds en general.<\/span><\/p>\n<h3>L\u00ednea de Investigaci\u00f3n<\/h3>\n<ul>\n<li>Salud p\u00fablica, medicina preventiva y enfermedades que afectan a la poblaci\u00f3n.<\/li>\n<\/ul>\n<p>&nbsp;<\/p>\n<p>&nbsp;<\/p>\n<p>&nbsp;<\/p>\n<table style=\"height: 317px; width: 51.9399%;\" width=\"771\">\n<tbody>\n<tr style=\"height: 74px;\">\n<td style=\"text-align: center; width: 761px; height: 74px;\" colspan=\"2\">\n<h3><strong>Equipo investigador<\/strong><\/h3>\n<\/td>\n<\/tr>\n<tr style=\"height: 27px;\">\n<td style=\"width: 207px; text-align: left; height: 27px;\"><strong>Integrantes<\/strong><\/td>\n<td style=\"width: 103px; text-align: left; height: 27px;\"><strong>Rol<\/strong><\/td>\n<\/tr>\n<tr style=\"height: 27px;\">\n<td style=\"width: 268px; text-align: left; height: 27px;\">Junes Robles Amaya<\/td>\n<td style=\"width: 220px; text-align: left; height: 27px;\">Director<\/td>\n<\/tr>\n<\/tbody>\n<\/table>\n<p>&nbsp;<\/p>\n","protected":false},"excerpt":{"rendered":"<p>El grupo de investigaci\u00f3n tiene como prop\u00f3sito la generaci\u00f3n de conocimientos en diferentes \u00e1reas de salud p\u00fablica y sus relaciones con la educaci\u00f3n desde una perspectiva hol\u00edstica, que aporte a [&hellip;]<\/p>\n","protected":false},"author":23,"featured_media":0,"parent":6584,"menu_order":0,"comment_status":"closed","ping_status":"closed","template":"","meta":{"_joinchat":[],"footnotes":""},"class_list":["post-6610","page","type-page","status-publish","hentry"],"_links":{"self":[{"href":"https:\/\/www.unemi.edu.ec\/index.php\/wp-json\/wp\/v2\/pages\/6610","targetHints":{"allow":["GET"]}}],"collection":[{"href":"https:\/\/www.unemi.edu.ec\/index.php\/wp-json\/wp\/v2\/pages"}],"about":[{"href":"https:\/\/www.unemi.edu.ec\/index.php\/wp-json\/wp\/v2\/types\/page"}],"author":[{"embeddable":true,"href":"https:\/\/www.unemi.edu.ec\/index.php\/wp-json\/wp\/v2\/users\/23"}],"replies":[{"embeddable":true,"href":"https:\/\/www.unemi.edu.ec\/index.php\/wp-json\/wp\/v2\/comments?post=6610"}],"version-history":[{"count":5,"href":"https:\/\/www.unemi.edu.ec\/index.php\/wp-json\/wp\/v2\/pages\/6610\/revisions"}],"predecessor-version":[{"id":33264,"href":"https:\/\/www.unemi.edu.ec\/index.php\/wp-json\/wp\/v2\/pages\/6610\/revisions\/33264"}],"up":[{"embeddable":true,"href":"https:\/\/www.unemi.edu.ec\/index.php\/wp-json\/wp\/v2\/pages\/6584"}],"wp:attachment":[{"href":"https:\/\/www.unemi.edu.ec\/index.php\/wp-json\/wp\/v2\/media?parent=6610"}],"curies":[{"name":"wp","href":"https:\/\/api.w.org\/{rel}","templated":true}]}}