{"id":6608,"date":"2018-03-13T19:44:36","date_gmt":"2018-03-13T19:44:36","guid":{"rendered":"https:\/\/https:\/\/www.unemi.edu.ec\/\/wordpress\/?page_id=6608"},"modified":"2018-09-12T16:04:54","modified_gmt":"2018-09-12T16:04:54","slug":"business-innovation-and-technology-management-bitm","status":"publish","type":"page","link":"https:\/\/www.unemi.edu.ec\/index.php\/grupos-de-investigacion\/business-innovation-and-technology-management-bitm\/","title":{"rendered":"Business Innovation and Technology Management (BITM)"},"content":{"rendered":"[vc_row][vc_column][vc_column_text]El grupo busca realizar investigaciones en el campo de la innovaci\u00f3n de las empresas y la gesti\u00f3n de la tecnolog\u00eda de la informaci\u00f3n y comunicaci\u00f3n (TIC) aplicando t\u00e9cnica de an\u00e1lisis multivariante.<\/p>\n<h3>L\u00ednea de Investigaci\u00f3n<\/h3>\n<ul>\n<li>Modelos de desarrollo local y empresarial ajustados a los enfoques de la econom\u00eda popular y solidaria; y sostenibilidad.<\/li>\n<\/ul>\n<h3>Director<\/h3>\n<ul>\n<li><a href=\"\/index.php\/team\/richard-ramirez-anormaliza\/\">Ram\u00edrez Anormaliza Richard<\/a><\/li>\n<\/ul>\n[\/vc_column_text][\/vc_column][\/vc_row]\n","protected":false},"excerpt":{"rendered":"<p>[vc_row][vc_column][vc_column_text]El grupo busca realizar investigaciones en el campo de la innovaci\u00f3n de las empresas y la gesti\u00f3n de la tecnolog\u00eda de la informaci\u00f3n y comunicaci\u00f3n (TIC) aplicando t\u00e9cnica de an\u00e1lisis [&hellip;]<\/p>\n","protected":false},"author":23,"featured_media":0,"parent":6584,"menu_order":0,"comment_status":"closed","ping_status":"closed","template":"","meta":{"_joinchat":[],"footnotes":""},"class_list":["post-6608","page","type-page","status-publish","hentry"],"_links":{"self":[{"href":"https:\/\/www.unemi.edu.ec\/index.php\/wp-json\/wp\/v2\/pages\/6608","targetHints":{"allow":["GET"]}}],"collection":[{"href":"https:\/\/www.unemi.edu.ec\/index.php\/wp-json\/wp\/v2\/pages"}],"about":[{"href":"https:\/\/www.unemi.edu.ec\/index.php\/wp-json\/wp\/v2\/types\/page"}],"author":[{"embeddable":true,"href":"https:\/\/www.unemi.edu.ec\/index.php\/wp-json\/wp\/v2\/users\/23"}],"replies":[{"embeddable":true,"href":"https:\/\/www.unemi.edu.ec\/index.php\/wp-json\/wp\/v2\/comments?post=6608"}],"version-history":[{"count":0,"href":"https:\/\/www.unemi.edu.ec\/index.php\/wp-json\/wp\/v2\/pages\/6608\/revisions"}],"up":[{"embeddable":true,"href":"https:\/\/www.unemi.edu.ec\/index.php\/wp-json\/wp\/v2\/pages\/6584"}],"wp:attachment":[{"href":"https:\/\/www.unemi.edu.ec\/index.php\/wp-json\/wp\/v2\/media?parent=6608"}],"curies":[{"name":"wp","href":"https:\/\/api.w.org\/{rel}","templated":true}]}}