{"id":6606,"date":"2018-03-13T19:44:10","date_gmt":"2018-03-13T19:44:10","guid":{"rendered":"https:\/\/https:\/\/www.unemi.edu.ec\/\/wordpress\/?page_id=6606"},"modified":"2023-03-13T14:21:41","modified_gmt":"2023-03-13T19:21:41","slug":"tics-y-desarrollo-de-software","status":"publish","type":"page","link":"https:\/\/www.unemi.edu.ec\/index.php\/grupos-de-investigacion\/tics-y-desarrollo-de-software\/","title":{"rendered":"TICS y Desarrollo de Software"},"content":{"rendered":"<p>El Grupo de Investigaci\u00f3n desarrollar\u00e1 sus actividades en la Facultad de Ciencias e Ingenier\u00eda con el apoyo de la Coordinaci\u00f3n de Investigaci\u00f3n de la UNEMI, trabajar\u00e1 en tem\u00e1ticas de Software aplicado, sistemas de informaci\u00f3n, m\u00e9todos y metodolog\u00edas orientados a la calidad. Adem\u00e1s las investigaciones estar\u00e1n orientadas en la parte tecnol\u00f3gica, educativa y microempresaria, que corresponde al cambio de la Matriz Productiva y es pertinente a la Zona 5.<\/p>\n<h3>L\u00ednea de Investigaci\u00f3n<\/h3>\n<ul>\n<li>Sociedad de la informaci\u00f3n, gesti\u00f3n, medios y tecnolog\u00eda<\/li>\n<\/ul>\n<h3>Director\/a<\/h3>\n<ul>\n<li><a href=\"\/index.php\/team\/mirella-correa-peralta\/\">Mirella Correa Peralta<\/a><\/li>\n<\/ul>\n<h3>Integrantes<\/h3>\n<ul>\n<li>Lissett Ar\u00e9valo Gamboa<\/li>\n<li>Jesennia C\u00e1rdenas Cobo<\/li>\n<li>Denis Mendoza Cabrera<\/li>\n<li>V\u00edctor Rea S\u00e1nchez<\/li>\n<li>Jorge Vinueza Mart\u00ednez<\/li>\n<\/ul>\n","protected":false},"excerpt":{"rendered":"<p>El Grupo de Investigaci\u00f3n desarrollar\u00e1 sus actividades en la Facultad de Ciencias e Ingenier\u00eda con el apoyo de la Coordinaci\u00f3n de Investigaci\u00f3n de la UNEMI, trabajar\u00e1 en tem\u00e1ticas de Software [&hellip;]<\/p>\n","protected":false},"author":23,"featured_media":0,"parent":6584,"menu_order":0,"comment_status":"closed","ping_status":"closed","template":"","meta":{"_joinchat":[],"footnotes":""},"class_list":["post-6606","page","type-page","status-publish","hentry"],"_links":{"self":[{"href":"https:\/\/www.unemi.edu.ec\/index.php\/wp-json\/wp\/v2\/pages\/6606","targetHints":{"allow":["GET"]}}],"collection":[{"href":"https:\/\/www.unemi.edu.ec\/index.php\/wp-json\/wp\/v2\/pages"}],"about":[{"href":"https:\/\/www.unemi.edu.ec\/index.php\/wp-json\/wp\/v2\/types\/page"}],"author":[{"embeddable":true,"href":"https:\/\/www.unemi.edu.ec\/index.php\/wp-json\/wp\/v2\/users\/23"}],"replies":[{"embeddable":true,"href":"https:\/\/www.unemi.edu.ec\/index.php\/wp-json\/wp\/v2\/comments?post=6606"}],"version-history":[{"count":2,"href":"https:\/\/www.unemi.edu.ec\/index.php\/wp-json\/wp\/v2\/pages\/6606\/revisions"}],"predecessor-version":[{"id":34717,"href":"https:\/\/www.unemi.edu.ec\/index.php\/wp-json\/wp\/v2\/pages\/6606\/revisions\/34717"}],"up":[{"embeddable":true,"href":"https:\/\/www.unemi.edu.ec\/index.php\/wp-json\/wp\/v2\/pages\/6584"}],"wp:attachment":[{"href":"https:\/\/www.unemi.edu.ec\/index.php\/wp-json\/wp\/v2\/media?parent=6606"}],"curies":[{"name":"wp","href":"https:\/\/api.w.org\/{rel}","templated":true}]}}