{"id":6600,"date":"2018-03-13T19:42:59","date_gmt":"2018-03-13T19:42:59","guid":{"rendered":"https:\/\/https:\/\/www.unemi.edu.ec\/\/wordpress\/?page_id=6600"},"modified":"2018-09-12T15:11:22","modified_gmt":"2018-09-12T15:11:22","slug":"gestion-en-tics-y-redes","status":"publish","type":"page","link":"https:\/\/www.unemi.edu.ec\/index.php\/grupos-de-investigacion\/gestion-en-tics-y-redes\/","title":{"rendered":"Gesti\u00f3n en TICS y Redes"},"content":{"rendered":"<p>El grupo de investigaci\u00f3n desarrollar\u00e1 sus actividades en la Facultad Ciencias de la Ingenier\u00eda con el apoyo del Departamento de Investigaci\u00f3n de la UNEMI, trabajar\u00e1 con la tem\u00e1tica de software aplicado, sistemas de informaci\u00f3n, redes, m\u00e9todos y metodolog\u00edas orientadas a la calidad.<\/p>\n<h3>L\u00ednea de Investigaci\u00f3n<\/h3>\n<ul>\n<li>Tecnolog\u00eda de la informaci\u00f3n y de la comunicaci\u00f3n<\/li>\n<\/ul>\n<h3>Director<\/h3>\n<ul>\n<li><a href=\"\/index.php\/team\/daniel-vera-paredes\/\">Daniel Vera Paredes<\/a><\/li>\n<\/ul>\n","protected":false},"excerpt":{"rendered":"<p>El grupo de investigaci\u00f3n desarrollar\u00e1 sus actividades en la Facultad Ciencias de la Ingenier\u00eda con el apoyo del Departamento de Investigaci\u00f3n de la UNEMI, trabajar\u00e1 con la tem\u00e1tica de software [&hellip;]<\/p>\n","protected":false},"author":23,"featured_media":0,"parent":6584,"menu_order":0,"comment_status":"closed","ping_status":"closed","template":"","meta":{"_joinchat":[],"footnotes":""},"class_list":["post-6600","page","type-page","status-publish","hentry"],"_links":{"self":[{"href":"https:\/\/www.unemi.edu.ec\/index.php\/wp-json\/wp\/v2\/pages\/6600","targetHints":{"allow":["GET"]}}],"collection":[{"href":"https:\/\/www.unemi.edu.ec\/index.php\/wp-json\/wp\/v2\/pages"}],"about":[{"href":"https:\/\/www.unemi.edu.ec\/index.php\/wp-json\/wp\/v2\/types\/page"}],"author":[{"embeddable":true,"href":"https:\/\/www.unemi.edu.ec\/index.php\/wp-json\/wp\/v2\/users\/23"}],"replies":[{"embeddable":true,"href":"https:\/\/www.unemi.edu.ec\/index.php\/wp-json\/wp\/v2\/comments?post=6600"}],"version-history":[{"count":1,"href":"https:\/\/www.unemi.edu.ec\/index.php\/wp-json\/wp\/v2\/pages\/6600\/revisions"}],"predecessor-version":[{"id":33236,"href":"https:\/\/www.unemi.edu.ec\/index.php\/wp-json\/wp\/v2\/pages\/6600\/revisions\/33236"}],"up":[{"embeddable":true,"href":"https:\/\/www.unemi.edu.ec\/index.php\/wp-json\/wp\/v2\/pages\/6584"}],"wp:attachment":[{"href":"https:\/\/www.unemi.edu.ec\/index.php\/wp-json\/wp\/v2\/media?parent=6600"}],"curies":[{"name":"wp","href":"https:\/\/api.w.org\/{rel}","templated":true}]}}