{"id":6580,"date":"2018-03-13T17:22:40","date_gmt":"2018-03-13T17:22:40","guid":{"rendered":"https:\/\/https:\/\/www.unemi.edu.ec\/\/wordpress\/?page_id=6580"},"modified":"2019-11-06T15:41:41","modified_gmt":"2019-11-06T15:41:41","slug":"areas-de-bienestar-universitario","status":"publish","type":"page","link":"https:\/\/www.unemi.edu.ec\/index.php\/bienestaruniversitario\/areas-de-bienestar-universitario\/","title":{"rendered":"\u00c1reas de Bienestar Universitario"},"content":{"rendered":"[vc_row][vc_column][gt3_spacing height=&#8221;5px&#8221;][vc_column_text]\n<h2 style=\"text-align: left;\">\u00c1reas de atenci\u00f3n primaria<\/h2>\n[\/vc_column_text][gt3_spacing height=&#8221;32px&#8221;][\/vc_column][\/vc_row][vc_row][vc_column][vc_row_inner][vc_column_inner width=&#8221;1\/4&#8243;][gt3_image_box thumbnail=&#8221;12726&#8243; image_position=&#8221;top&#8221; title_tag=&#8221;h4&#8243; title_color=&#8221;#192041&#8243; text_color=&#8221;#3c434b&#8221; link_color=&#8221;#f3b600&#8243; link_hover_color=&#8221;#192041&#8243; new_tab=&#8221;&#8221; heading=&#8221;\u00c1rea de Atenci\u00f3n Primaria M\u00e9dica&#8221; text=&#8221;Es la encargada de planificar y ejecutar programas de promoci\u00f3n, prevenci\u00f3n, atenci\u00f3n m\u00e9dica y de bioseguridad.<br \/>\n&#8221; url=&#8221;#&#8221;][gt3_spacing height=&#8221;80px&#8221; responsive_es=&#8221;true&#8221; height_mobile=&#8221;40&#8243;][\/vc_column_inner][vc_column_inner width=&#8221;1\/4&#8243;][gt3_image_box thumbnail=&#8221;7732&#8243; image_position=&#8221;top&#8221; title_tag=&#8221;h4&#8243; title_color=&#8221;#192041&#8243; text_color=&#8221;#3c434b&#8221; link_color=&#8221;#f3b600&#8243; link_hover_color=&#8221;#192041&#8243; new_tab=&#8221;&#8221; heading=&#8221;\u00c1rea Odontol\u00f3gica &#8221; text=&#8221;Es la encargada de planificar y ejecutar programas de promoci\u00f3n, prevenci\u00f3n atenci\u00f3n odontol\u00f3gica y de bioseguridad.&#8221; url=&#8221;#&#8221;][gt3_spacing height=&#8221;80px&#8221; responsive_es=&#8221;true&#8221; height_mobile=&#8221;40&#8243;][\/vc_column_inner][vc_column_inner width=&#8221;1\/4&#8243;][gt3_image_box thumbnail=&#8221;7739&#8243; image_position=&#8221;top&#8221; title_tag=&#8221;h4&#8243; title_color=&#8221;#192041&#8243; text_color=&#8221;#3c434b&#8221; link_color=&#8221;#f3b600&#8243; link_hover_color=&#8221;#192041&#8243; new_tab=&#8221;&#8221; heading=&#8221;\u00c1rea de Trabajo Social &#8221; text=&#8221;Es la encargada de planificar y ejecutar programas de promoci\u00f3n, prevenci\u00f3n y atenci\u00f3n social. Gestiona el proceso para otorgamiento de ayudas econ\u00f3micas.&#8221; url=&#8221;#&#8221;][gt3_spacing height=&#8221;80px&#8221;][\/vc_column_inner][vc_column_inner width=&#8221;1\/4&#8243;][gt3_image_box thumbnail=&#8221;12741&#8243; image_position=&#8221;top&#8221; title_tag=&#8221;h4&#8243; title_color=&#8221;#192041&#8243; text_color=&#8221;#3c434b&#8221; link_color=&#8221;#f3b600&#8243; link_hover_color=&#8221;#192041&#8243; new_tab=&#8221;&#8221; heading=&#8221;\u00c1rea de Psicolog\u00eda &#8221; text=&#8221;Se encarga de planificar y ejecutar programas de promoci\u00f3n, prevenci\u00f3n y atenci\u00f3n psicol\u00f3gica, y de aprendizaje en adultos&#8221; url=&#8221;#&#8221;][gt3_spacing height=&#8221;80px&#8221; responsive_es=&#8221;true&#8221; height_mobile=&#8221;40&#8243;][\/vc_column_inner][\/vc_row_inner][\/vc_column][\/vc_row][vc_row][vc_column][gt3_spacing height=&#8221;40px&#8221;][\/vc_column][vc_column][vc_row_inner][vc_column_inner width=&#8221;1\/4&#8243;][gt3_image_box thumbnail=&#8221;7733&#8243; image_position=&#8221;top&#8221; title_tag=&#8221;h4&#8243; title_color=&#8221;#192041&#8243; text_color=&#8221;#3c434b&#8221; link_color=&#8221;#f3b600&#8243; link_hover_color=&#8221;#192041&#8243; new_tab=&#8221;&#8221; heading=&#8221;\u00c1rea de Salud y Ocupacional&#8221; url=&#8221;#&#8221; text=&#8221;Se encarga de administrar los programas de Seguridad y Salud Ocupacional, para identificar, evaluar, medir y controlar los riesgos laborales, teniendo como objetivo la prevenci\u00f3n, disminuci\u00f3n o eliminaci\u00f3n de los mismos para optimizar la calidad de vida de los funcionarios y su desempe\u00f1o.&#8221;][gt3_spacing height=&#8221;80px&#8221; responsive_es=&#8221;true&#8221; height_mobile=&#8221;40&#8243;][\/vc_column_inner][vc_column_inner width=&#8221;1\/4&#8243;][gt3_image_box thumbnail=&#8221;8608&#8243; image_position=&#8221;top&#8221; title_tag=&#8221;h4&#8243; title_color=&#8221;#192041&#8243; text_color=&#8221;#3c434b&#8221; link_color=&#8221;#f3b600&#8243; link_hover_color=&#8221;#192041&#8243; new_tab=&#8221;&#8221; heading=&#8221;\u00c1rea Deportiva, Juego y Recreaci\u00f3n &#8221; text=&#8221;Se encarga de planificar y ejecutar programas direccionados a organizar las pr\u00e1cticas y competencias de disciplinas, deportivas, juegos, olimpiadas y recreaci\u00f3n, como complemento para la formaci\u00f3n integral de lo estudiantes.&#8221; url=&#8221;#&#8221;][gt3_spacing height=&#8221;80px&#8221;][\/vc_column_inner][vc_column_inner width=&#8221;1\/4&#8243;][gt3_image_box thumbnail=&#8221;2427&#8243; image_position=&#8221;top&#8221; title_tag=&#8221;h4&#8243; title_color=&#8221;#192041&#8243; text_color=&#8221;#3c434b&#8221; link_color=&#8221;#f3b600&#8243; link_hover_color=&#8221;#192041&#8243; new_tab=&#8221;&#8221; heading=&#8221;Nutrici\u00f3n&#8221; text=&#8221;Se encarga de promover, planificar y desarrollar campa\u00f1as de prevenci\u00f3n y promoci\u00f3n de salud a trav\u00e9s de la correcta alimentaci\u00f3n. &#8220;][\/vc_column_inner][vc_column_inner width=&#8221;1\/4&#8221;][\/vc_column_inner][\/vc_row_inner][\/vc_column][\/vc_row]\n","protected":false},"excerpt":{"rendered":"<p>[vc_row][vc_column][gt3_spacing height=&#8221;5px&#8221;][vc_column_text] \u00c1reas de atenci\u00f3n primaria [\/vc_column_text][gt3_spacing height=&#8221;32px&#8221;][\/vc_column][\/vc_row][vc_row][vc_column][vc_row_inner][vc_column_inner width=&#8221;1\/4&#8243;][gt3_image_box thumbnail=&#8221;12726&#8243; image_position=&#8221;top&#8221; title_tag=&#8221;h4&#8243; title_color=&#8221;#192041&#8243; text_color=&#8221;#3c434b&#8221; link_color=&#8221;#f3b600&#8243; link_hover_color=&#8221;#192041&#8243; new_tab=&#8221;&#8221; heading=&#8221;\u00c1rea de Atenci\u00f3n Primaria M\u00e9dica&#8221; text=&#8221;Es la encargada de planificar y ejecutar programas [&hellip;]<\/p>\n","protected":false},"author":23,"featured_media":0,"parent":12398,"menu_order":0,"comment_status":"closed","ping_status":"closed","template":"","meta":{"_joinchat":[],"footnotes":""},"class_list":["post-6580","page","type-page","status-publish","hentry"],"_links":{"self":[{"href":"https:\/\/www.unemi.edu.ec\/index.php\/wp-json\/wp\/v2\/pages\/6580","targetHints":{"allow":["GET"]}}],"collection":[{"href":"https:\/\/www.unemi.edu.ec\/index.php\/wp-json\/wp\/v2\/pages"}],"about":[{"href":"https:\/\/www.unemi.edu.ec\/index.php\/wp-json\/wp\/v2\/types\/page"}],"author":[{"embeddable":true,"href":"https:\/\/www.unemi.edu.ec\/index.php\/wp-json\/wp\/v2\/users\/23"}],"replies":[{"embeddable":true,"href":"https:\/\/www.unemi.edu.ec\/index.php\/wp-json\/wp\/v2\/comments?post=6580"}],"version-history":[{"count":0,"href":"https:\/\/www.unemi.edu.ec\/index.php\/wp-json\/wp\/v2\/pages\/6580\/revisions"}],"up":[{"embeddable":true,"href":"https:\/\/www.unemi.edu.ec\/index.php\/wp-json\/wp\/v2\/pages\/12398"}],"wp:attachment":[{"href":"https:\/\/www.unemi.edu.ec\/index.php\/wp-json\/wp\/v2\/media?parent=6580"}],"curies":[{"name":"wp","href":"https:\/\/api.w.org\/{rel}","templated":true}]}}