{"id":5946,"date":"2018-03-06T15:33:37","date_gmt":"2018-03-06T15:33:37","guid":{"rendered":"https:\/\/https:\/\/www.unemi.edu.ec\/\/wordpress\/?page_id=5946"},"modified":"2018-09-13T20:48:28","modified_gmt":"2018-09-13T20:48:28","slug":"asesoramiento-pedagogico-en-la-gestion-de-aprendizaje-2017","status":"publish","type":"page","link":"https:\/\/www.unemi.edu.ec\/index.php\/proyectos-de-vinculacion\/asesoramiento-pedagogico-en-la-gestion-de-aprendizaje-2017\/","title":{"rendered":"Asesoramiento Pedag\u00f3gico en la Gesti\u00f3n de Aprendizaje 2017"},"content":{"rendered":"<p>Implementar el asesoramiento pedag\u00f3gico a trav\u00e9s de la intervenci\u00f3n de los estudiantes de las carreras de Licenciatura en Educaci\u00f3n ejecutores en fusi\u00f3n con Dise\u00f1o Gr\u00e1fico y Comunicaci\u00f3n Social de la UNEMI que permita atender las necesidades educativas de los estudiantes del sector \u201cLas Palmas\u201d que presentan falencias en el proceso ense\u00f1anza aprendizaje convencional.<\/p>\n<h2>Docentes<\/h2>\n<ul>\n<li>Ang\u00e9lica Jara<\/li>\n<li>Noem\u00ed S\u00e1nchez Cabrera<\/li>\n<\/ul>\n","protected":false},"excerpt":{"rendered":"<p>Implementar el asesoramiento pedag\u00f3gico a trav\u00e9s de la intervenci\u00f3n de los estudiantes de las carreras de Licenciatura en Educaci\u00f3n ejecutores en fusi\u00f3n con Dise\u00f1o Gr\u00e1fico y Comunicaci\u00f3n Social de la [&hellip;]<\/p>\n","protected":false},"author":23,"featured_media":0,"parent":6176,"menu_order":0,"comment_status":"closed","ping_status":"closed","template":"","meta":{"_joinchat":[],"footnotes":""},"class_list":["post-5946","page","type-page","status-publish","hentry"],"_links":{"self":[{"href":"https:\/\/www.unemi.edu.ec\/index.php\/wp-json\/wp\/v2\/pages\/5946","targetHints":{"allow":["GET"]}}],"collection":[{"href":"https:\/\/www.unemi.edu.ec\/index.php\/wp-json\/wp\/v2\/pages"}],"about":[{"href":"https:\/\/www.unemi.edu.ec\/index.php\/wp-json\/wp\/v2\/types\/page"}],"author":[{"embeddable":true,"href":"https:\/\/www.unemi.edu.ec\/index.php\/wp-json\/wp\/v2\/users\/23"}],"replies":[{"embeddable":true,"href":"https:\/\/www.unemi.edu.ec\/index.php\/wp-json\/wp\/v2\/comments?post=5946"}],"version-history":[{"count":0,"href":"https:\/\/www.unemi.edu.ec\/index.php\/wp-json\/wp\/v2\/pages\/5946\/revisions"}],"up":[{"embeddable":true,"href":"https:\/\/www.unemi.edu.ec\/index.php\/wp-json\/wp\/v2\/pages\/6176"}],"wp:attachment":[{"href":"https:\/\/www.unemi.edu.ec\/index.php\/wp-json\/wp\/v2\/media?parent=5946"}],"curies":[{"name":"wp","href":"https:\/\/api.w.org\/{rel}","templated":true}]}}