{"id":5944,"date":"2018-03-06T15:32:47","date_gmt":"2018-03-06T15:32:47","guid":{"rendered":"https:\/\/https:\/\/www.unemi.edu.ec\/\/wordpress\/?page_id=5944"},"modified":"2018-09-13T20:51:04","modified_gmt":"2018-09-13T20:51:04","slug":"emprendimiento-productivo-para-la-generacion-de-ingresos-sostenibles-en-comunidades-vulnerables-2017","status":"publish","type":"page","link":"https:\/\/www.unemi.edu.ec\/index.php\/proyectos-de-vinculacion\/emprendimiento-productivo-para-la-generacion-de-ingresos-sostenibles-en-comunidades-vulnerables-2017\/","title":{"rendered":"Emprendimiento Productivo para la Generaci\u00f3n de Ingresos Sostenibles en Comunidades Vulnerables, 2017."},"content":{"rendered":"<p>Contribuir con la comunidad en el fortalecimiento una cultura emprendedora y la asociatividad entre vecinos, que permita aportar al desarrollo de la matriz productiva mediante el fortalecimiento de capacidades y acompa\u00f1amiento permanente de docentes y estudiantes de la Facultad Acad\u00e9mica Ciencias Administrativas y Comerciales de la Universidad Estatal de Milagro, con una planificaci\u00f3n estrat\u00e9gica que permita la formaci\u00f3n de profesionales de calidad y con un elevado compromiso social.<\/p>\n<h2>Docentes<\/h2>\n<ul>\n<li>Jos\u00e9 Carrera Andrade<\/li>\n<li>Jazm\u00edn\u00a0P\u00e9rez Salazar<\/li>\n<li>Karen Le\u00f3n Garc\u00eda<\/li>\n<li>Victor\u00a0Viteri Miranda<\/li>\n<li>Mar\u00eda Auxiliadora Campuzano<\/li>\n<\/ul>\n","protected":false},"excerpt":{"rendered":"<p>Contribuir con la comunidad en el fortalecimiento una cultura emprendedora y la asociatividad entre vecinos, que permita aportar al desarrollo de la matriz productiva mediante el fortalecimiento de capacidades y [&hellip;]<\/p>\n","protected":false},"author":23,"featured_media":0,"parent":6176,"menu_order":0,"comment_status":"closed","ping_status":"closed","template":"","meta":{"_joinchat":[],"footnotes":""},"class_list":["post-5944","page","type-page","status-publish","hentry"],"_links":{"self":[{"href":"https:\/\/www.unemi.edu.ec\/index.php\/wp-json\/wp\/v2\/pages\/5944","targetHints":{"allow":["GET"]}}],"collection":[{"href":"https:\/\/www.unemi.edu.ec\/index.php\/wp-json\/wp\/v2\/pages"}],"about":[{"href":"https:\/\/www.unemi.edu.ec\/index.php\/wp-json\/wp\/v2\/types\/page"}],"author":[{"embeddable":true,"href":"https:\/\/www.unemi.edu.ec\/index.php\/wp-json\/wp\/v2\/users\/23"}],"replies":[{"embeddable":true,"href":"https:\/\/www.unemi.edu.ec\/index.php\/wp-json\/wp\/v2\/comments?post=5944"}],"version-history":[{"count":0,"href":"https:\/\/www.unemi.edu.ec\/index.php\/wp-json\/wp\/v2\/pages\/5944\/revisions"}],"up":[{"embeddable":true,"href":"https:\/\/www.unemi.edu.ec\/index.php\/wp-json\/wp\/v2\/pages\/6176"}],"wp:attachment":[{"href":"https:\/\/www.unemi.edu.ec\/index.php\/wp-json\/wp\/v2\/media?parent=5944"}],"curies":[{"name":"wp","href":"https:\/\/api.w.org\/{rel}","templated":true}]}}