{"id":5941,"date":"2018-03-06T15:31:55","date_gmt":"2018-03-06T15:31:55","guid":{"rendered":"https:\/\/https:\/\/www.unemi.edu.ec\/\/wordpress\/?page_id=5941"},"modified":"2018-09-13T20:51:36","modified_gmt":"2018-09-13T20:51:36","slug":"consultorio-psicologico-en-la-comunidad-de-milagro-y-sus-alrededores-2017","status":"publish","type":"page","link":"https:\/\/www.unemi.edu.ec\/index.php\/proyectos-de-vinculacion\/consultorio-psicologico-en-la-comunidad-de-milagro-y-sus-alrededores-2017\/","title":{"rendered":"Consultorio Psicol\u00f3gico en la Comunidad de Milagro y sus Alrededores, 2017"},"content":{"rendered":"<p>Implementar servicio psicol\u00f3gico en asesor\u00eda e intervenci\u00f3n diagnostica y psicoterap\u00e9utica a la comunidad de Milagro<\/p>\n<h2>Docentes<\/h2>\n<ul>\n<li>Carmen Zambrano<\/li>\n<li>Dennis Jim\u00e9nez<\/li>\n<li>Ivan Pincay<\/li>\n<li>V\u00edctor Cabeza<\/li>\n<\/ul>\n","protected":false},"excerpt":{"rendered":"<p>Implementar servicio psicol\u00f3gico en asesor\u00eda e intervenci\u00f3n diagnostica y psicoterap\u00e9utica a la comunidad de Milagro Docentes Carmen Zambrano Dennis Jim\u00e9nez Ivan Pincay V\u00edctor Cabeza<\/p>\n","protected":false},"author":23,"featured_media":0,"parent":6176,"menu_order":0,"comment_status":"closed","ping_status":"closed","template":"","meta":{"_joinchat":[],"footnotes":""},"class_list":["post-5941","page","type-page","status-publish","hentry"],"_links":{"self":[{"href":"https:\/\/www.unemi.edu.ec\/index.php\/wp-json\/wp\/v2\/pages\/5941","targetHints":{"allow":["GET"]}}],"collection":[{"href":"https:\/\/www.unemi.edu.ec\/index.php\/wp-json\/wp\/v2\/pages"}],"about":[{"href":"https:\/\/www.unemi.edu.ec\/index.php\/wp-json\/wp\/v2\/types\/page"}],"author":[{"embeddable":true,"href":"https:\/\/www.unemi.edu.ec\/index.php\/wp-json\/wp\/v2\/users\/23"}],"replies":[{"embeddable":true,"href":"https:\/\/www.unemi.edu.ec\/index.php\/wp-json\/wp\/v2\/comments?post=5941"}],"version-history":[{"count":0,"href":"https:\/\/www.unemi.edu.ec\/index.php\/wp-json\/wp\/v2\/pages\/5941\/revisions"}],"up":[{"embeddable":true,"href":"https:\/\/www.unemi.edu.ec\/index.php\/wp-json\/wp\/v2\/pages\/6176"}],"wp:attachment":[{"href":"https:\/\/www.unemi.edu.ec\/index.php\/wp-json\/wp\/v2\/media?parent=5941"}],"curies":[{"name":"wp","href":"https:\/\/api.w.org\/{rel}","templated":true}]}}