{"id":5921,"date":"2018-03-06T15:30:52","date_gmt":"2018-03-06T15:30:52","guid":{"rendered":"https:\/\/https:\/\/www.unemi.edu.ec\/\/wordpress\/?page_id=5921"},"modified":"2018-09-13T20:51:55","modified_gmt":"2018-09-13T20:51:55","slug":"valoracion-nutricional-y-educacion-alimentarias-en-ninos-de-5-a-10-anos-de-las-escuelas-del-canton-milagro-2017","status":"publish","type":"page","link":"https:\/\/www.unemi.edu.ec\/index.php\/proyectos-de-vinculacion\/valoracion-nutricional-y-educacion-alimentarias-en-ninos-de-5-a-10-anos-de-las-escuelas-del-canton-milagro-2017\/","title":{"rendered":"Valoraci\u00f3n Nutricional y Educaci\u00f3n Alimentarias en Ni\u00f1os de 5 a 10 A\u00f1os de las Escuelas del Cant\u00f3n Milagro, 2017."},"content":{"rendered":"<p>Realizar el diagn\u00f3stico del estado nutricional y de la alimentaci\u00f3n de los ni\u00f1os escolares de 5 a 10 a\u00f1os de edad de la Unidad Educativa \u201cJuan Ezequiel Vargas\u201d de Milagro, y de esta forma dar capacitaciones a los padres de familia de como alimentarlos, preparar sus loncheras para mejorar el estado nutricional y de salud de los ni\u00f1os.<\/p>\n<h2>Docentes<\/h2>\n<ul>\n<li>Ang\u00e9lica Sol\u00eds<\/li>\n<\/ul>\n","protected":false},"excerpt":{"rendered":"<p>Realizar el diagn\u00f3stico del estado nutricional y de la alimentaci\u00f3n de los ni\u00f1os escolares de 5 a 10 a\u00f1os de edad de la Unidad Educativa \u201cJuan Ezequiel Vargas\u201d de Milagro, [&hellip;]<\/p>\n","protected":false},"author":23,"featured_media":0,"parent":6176,"menu_order":0,"comment_status":"closed","ping_status":"closed","template":"","meta":{"_joinchat":[],"footnotes":""},"class_list":["post-5921","page","type-page","status-publish","hentry"],"_links":{"self":[{"href":"https:\/\/www.unemi.edu.ec\/index.php\/wp-json\/wp\/v2\/pages\/5921","targetHints":{"allow":["GET"]}}],"collection":[{"href":"https:\/\/www.unemi.edu.ec\/index.php\/wp-json\/wp\/v2\/pages"}],"about":[{"href":"https:\/\/www.unemi.edu.ec\/index.php\/wp-json\/wp\/v2\/types\/page"}],"author":[{"embeddable":true,"href":"https:\/\/www.unemi.edu.ec\/index.php\/wp-json\/wp\/v2\/users\/23"}],"replies":[{"embeddable":true,"href":"https:\/\/www.unemi.edu.ec\/index.php\/wp-json\/wp\/v2\/comments?post=5921"}],"version-history":[{"count":0,"href":"https:\/\/www.unemi.edu.ec\/index.php\/wp-json\/wp\/v2\/pages\/5921\/revisions"}],"up":[{"embeddable":true,"href":"https:\/\/www.unemi.edu.ec\/index.php\/wp-json\/wp\/v2\/pages\/6176"}],"wp:attachment":[{"href":"https:\/\/www.unemi.edu.ec\/index.php\/wp-json\/wp\/v2\/media?parent=5921"}],"curies":[{"name":"wp","href":"https:\/\/api.w.org\/{rel}","templated":true}]}}