{"id":5896,"date":"2018-03-06T15:27:09","date_gmt":"2018-03-06T15:27:09","guid":{"rendered":"https:\/\/https:\/\/www.unemi.edu.ec\/\/wordpress\/?page_id=5896"},"modified":"2018-09-13T20:45:11","modified_gmt":"2018-09-13T20:45:11","slug":"prevencion-de-enfermedades-de-transmision-alimentaria-en-milagro-y-sectores-aledanos-2017","status":"publish","type":"page","link":"https:\/\/www.unemi.edu.ec\/index.php\/proyectos-de-vinculacion\/prevencion-de-enfermedades-de-transmision-alimentaria-en-milagro-y-sectores-aledanos-2017\/","title":{"rendered":"Prevenci\u00f3n de Enfermedades de Transmisi\u00f3n Alimentaria en Milagro y Sectores Aleda\u00f1os 2017."},"content":{"rendered":"<p>Promover a la comunidad comerciante y consumidores sobre la promoci\u00f3n de la salud y las medidas preventivas del cuidado de los alimentos en todos sus eslabones, producci\u00f3n, comercializaci\u00f3n, manipulaci\u00f3n y preparaci\u00f3n, para de esta manera prevenir su contaminaci\u00f3n y la trasmisi\u00f3n de enfermedades en su posterior consumo, con el fin de mejorar su estilo de Vida y Salud<\/p>\n<h2>Docentes<\/h2>\n<ul>\n<li>Delia Noriega<\/li>\n<\/ul>\n","protected":false},"excerpt":{"rendered":"<p>Promover a la comunidad comerciante y consumidores sobre la promoci\u00f3n de la salud y las medidas preventivas del cuidado de los alimentos en todos sus eslabones, producci\u00f3n, comercializaci\u00f3n, manipulaci\u00f3n y [&hellip;]<\/p>\n","protected":false},"author":23,"featured_media":0,"parent":6176,"menu_order":0,"comment_status":"closed","ping_status":"closed","template":"","meta":{"_joinchat":[],"footnotes":""},"class_list":["post-5896","page","type-page","status-publish","hentry"],"_links":{"self":[{"href":"https:\/\/www.unemi.edu.ec\/index.php\/wp-json\/wp\/v2\/pages\/5896","targetHints":{"allow":["GET"]}}],"collection":[{"href":"https:\/\/www.unemi.edu.ec\/index.php\/wp-json\/wp\/v2\/pages"}],"about":[{"href":"https:\/\/www.unemi.edu.ec\/index.php\/wp-json\/wp\/v2\/types\/page"}],"author":[{"embeddable":true,"href":"https:\/\/www.unemi.edu.ec\/index.php\/wp-json\/wp\/v2\/users\/23"}],"replies":[{"embeddable":true,"href":"https:\/\/www.unemi.edu.ec\/index.php\/wp-json\/wp\/v2\/comments?post=5896"}],"version-history":[{"count":0,"href":"https:\/\/www.unemi.edu.ec\/index.php\/wp-json\/wp\/v2\/pages\/5896\/revisions"}],"up":[{"embeddable":true,"href":"https:\/\/www.unemi.edu.ec\/index.php\/wp-json\/wp\/v2\/pages\/6176"}],"wp:attachment":[{"href":"https:\/\/www.unemi.edu.ec\/index.php\/wp-json\/wp\/v2\/media?parent=5896"}],"curies":[{"name":"wp","href":"https:\/\/api.w.org\/{rel}","templated":true}]}}