{"id":5892,"date":"2018-03-06T15:24:45","date_gmt":"2018-03-06T15:24:45","guid":{"rendered":"https:\/\/https:\/\/www.unemi.edu.ec\/\/wordpress\/?page_id=5892"},"modified":"2018-09-13T20:44:15","modified_gmt":"2018-09-13T20:44:15","slug":"calidad-de-vida-de-los-ninos-y-ninas-con-discapacidad-en-milagro-y-sus-zonas-aledanas","status":"publish","type":"page","link":"https:\/\/www.unemi.edu.ec\/index.php\/proyectos-de-vinculacion\/calidad-de-vida-de-los-ninos-y-ninas-con-discapacidad-en-milagro-y-sus-zonas-aledanas\/","title":{"rendered":"Calidad de Vida de los Ni\u00f1os y Ni\u00f1as con Discapacidad en Milagro y sus Zonas Aleda\u00f1as"},"content":{"rendered":"[vc_row][vc_column][vc_column_text]\n<h2>Perfil del Proyecto<\/h2>\n<p>Mejorar la calidad de Vida de los ni\u00f1os y personas con discapacidades de los Cantones de Milagro, Naranjito, San Carlos, Sim\u00f3n Bol\u00edvar mediante la participaci\u00f3n activa de los docentes y estudiantes de las carreras participantes<\/p>\n<h2>Docentes<\/h2>\n<ul>\n<li>Ra\u00fal Panchez Hern\u00e1ndez<\/li>\n<\/ul>\n[\/vc_column_text][\/vc_column][\/vc_row]\n","protected":false},"excerpt":{"rendered":"<p>[vc_row][vc_column][vc_column_text] Perfil del Proyecto Mejorar la calidad de Vida de los ni\u00f1os y personas con discapacidades de los Cantones de Milagro, Naranjito, San Carlos, Sim\u00f3n Bol\u00edvar mediante la participaci\u00f3n activa [&hellip;]<\/p>\n","protected":false},"author":23,"featured_media":0,"parent":6176,"menu_order":0,"comment_status":"closed","ping_status":"closed","template":"","meta":{"_joinchat":[],"footnotes":""},"class_list":["post-5892","page","type-page","status-publish","hentry"],"_links":{"self":[{"href":"https:\/\/www.unemi.edu.ec\/index.php\/wp-json\/wp\/v2\/pages\/5892","targetHints":{"allow":["GET"]}}],"collection":[{"href":"https:\/\/www.unemi.edu.ec\/index.php\/wp-json\/wp\/v2\/pages"}],"about":[{"href":"https:\/\/www.unemi.edu.ec\/index.php\/wp-json\/wp\/v2\/types\/page"}],"author":[{"embeddable":true,"href":"https:\/\/www.unemi.edu.ec\/index.php\/wp-json\/wp\/v2\/users\/23"}],"replies":[{"embeddable":true,"href":"https:\/\/www.unemi.edu.ec\/index.php\/wp-json\/wp\/v2\/comments?post=5892"}],"version-history":[{"count":0,"href":"https:\/\/www.unemi.edu.ec\/index.php\/wp-json\/wp\/v2\/pages\/5892\/revisions"}],"up":[{"embeddable":true,"href":"https:\/\/www.unemi.edu.ec\/index.php\/wp-json\/wp\/v2\/pages\/6176"}],"wp:attachment":[{"href":"https:\/\/www.unemi.edu.ec\/index.php\/wp-json\/wp\/v2\/media?parent=5892"}],"curies":[{"name":"wp","href":"https:\/\/api.w.org\/{rel}","templated":true}]}}