{"id":5886,"date":"2018-03-06T15:20:27","date_gmt":"2018-03-06T15:20:27","guid":{"rendered":"https:\/\/https:\/\/www.unemi.edu.ec\/\/wordpress\/?page_id=5886"},"modified":"2018-09-13T20:42:47","modified_gmt":"2018-09-13T20:42:47","slug":"fortalecimiento-del-sector-cacaotero-2017","status":"publish","type":"page","link":"https:\/\/www.unemi.edu.ec\/index.php\/proyectos-de-vinculacion\/fortalecimiento-del-sector-cacaotero-2017\/","title":{"rendered":"Fortalecimiento del Sector Cacaotero 2017"},"content":{"rendered":"[vc_row][vc_column][vc_column_text]\n<h2>Perfil del Proyecto<\/h2>\n<p>Desarrollar un plan de acci\u00f3n que ayude a mejorar la productividad del sector cacaotero mediante la implementaci\u00f3n de un programa de capacitaci\u00f3n a los artesanos en el desarrollo de prototipos de m\u00e1quinas artesanales, y manejo de residuos de cosecha promoviendo una soluci\u00f3n integral a dicho sector.<\/p>\n<h2>Docentes<\/h2>\n<ul>\n<li>Kleber Sornoza Briones<\/li>\n<\/ul>\n[\/vc_column_text][\/vc_column][\/vc_row]\n","protected":false},"excerpt":{"rendered":"<p>[vc_row][vc_column][vc_column_text] Perfil del Proyecto Desarrollar un plan de acci\u00f3n que ayude a mejorar la productividad del sector cacaotero mediante la implementaci\u00f3n de un programa de capacitaci\u00f3n a los artesanos en [&hellip;]<\/p>\n","protected":false},"author":23,"featured_media":0,"parent":6176,"menu_order":0,"comment_status":"closed","ping_status":"closed","template":"","meta":{"_joinchat":[],"footnotes":""},"class_list":["post-5886","page","type-page","status-publish","hentry"],"_links":{"self":[{"href":"https:\/\/www.unemi.edu.ec\/index.php\/wp-json\/wp\/v2\/pages\/5886","targetHints":{"allow":["GET"]}}],"collection":[{"href":"https:\/\/www.unemi.edu.ec\/index.php\/wp-json\/wp\/v2\/pages"}],"about":[{"href":"https:\/\/www.unemi.edu.ec\/index.php\/wp-json\/wp\/v2\/types\/page"}],"author":[{"embeddable":true,"href":"https:\/\/www.unemi.edu.ec\/index.php\/wp-json\/wp\/v2\/users\/23"}],"replies":[{"embeddable":true,"href":"https:\/\/www.unemi.edu.ec\/index.php\/wp-json\/wp\/v2\/comments?post=5886"}],"version-history":[{"count":0,"href":"https:\/\/www.unemi.edu.ec\/index.php\/wp-json\/wp\/v2\/pages\/5886\/revisions"}],"up":[{"embeddable":true,"href":"https:\/\/www.unemi.edu.ec\/index.php\/wp-json\/wp\/v2\/pages\/6176"}],"wp:attachment":[{"href":"https:\/\/www.unemi.edu.ec\/index.php\/wp-json\/wp\/v2\/media?parent=5886"}],"curies":[{"name":"wp","href":"https:\/\/api.w.org\/{rel}","templated":true}]}}