{"id":5864,"date":"2018-03-06T15:19:34","date_gmt":"2018-03-06T15:19:34","guid":{"rendered":"https:\/\/https:\/\/www.unemi.edu.ec\/\/wordpress\/?page_id=5864"},"modified":"2018-04-17T15:40:11","modified_gmt":"2018-04-17T15:40:11","slug":"difusion-de-buenas-practicas-manufactura-bpm-en-el-area-de-alimentos-y-bebidas-en-la-ciudad-de-milagro-y-sus-zonas-de-afluencia-2017","status":"publish","type":"page","link":"https:\/\/www.unemi.edu.ec\/index.php\/proyectos-de-vinculacion\/difusion-de-buenas-practicas-manufactura-bpm-en-el-area-de-alimentos-y-bebidas-en-la-ciudad-de-milagro-y-sus-zonas-de-afluencia-2017\/","title":{"rendered":"Difusi\u00f3n de Buenas Pr\u00e1cticas Manufactura  (BPM) en el \u00c1rea de Alimentos y Bebidas en la Ciudad de Milagro y sus Zonas de Afluencia 2017."},"content":{"rendered":"[vc_row][vc_column][vc_column_text]\n<h2>Perfil del Proyecto<\/h2>\n<p>Implementar estrategias de capacitaci\u00f3n tur\u00edstica integral a nivel local dirigido a los actores involucrados en el sector de alimentos y bebidas, con la finalidad de fortalecer el sector, mejorando las habilidades, destrezas y conocimientos t\u00e9cnicos del talento humano.[\/vc_column_text][\/vc_column][\/vc_row]\n","protected":false},"excerpt":{"rendered":"<p>[vc_row][vc_column][vc_column_text] Perfil del Proyecto Implementar estrategias de capacitaci\u00f3n tur\u00edstica integral a nivel local dirigido a los actores involucrados en el sector de alimentos y bebidas, con la finalidad de fortalecer [&hellip;]<\/p>\n","protected":false},"author":23,"featured_media":0,"parent":6176,"menu_order":0,"comment_status":"closed","ping_status":"closed","template":"","meta":{"_joinchat":[],"footnotes":""},"class_list":["post-5864","page","type-page","status-publish","hentry"],"_links":{"self":[{"href":"https:\/\/www.unemi.edu.ec\/index.php\/wp-json\/wp\/v2\/pages\/5864","targetHints":{"allow":["GET"]}}],"collection":[{"href":"https:\/\/www.unemi.edu.ec\/index.php\/wp-json\/wp\/v2\/pages"}],"about":[{"href":"https:\/\/www.unemi.edu.ec\/index.php\/wp-json\/wp\/v2\/types\/page"}],"author":[{"embeddable":true,"href":"https:\/\/www.unemi.edu.ec\/index.php\/wp-json\/wp\/v2\/users\/23"}],"replies":[{"embeddable":true,"href":"https:\/\/www.unemi.edu.ec\/index.php\/wp-json\/wp\/v2\/comments?post=5864"}],"version-history":[{"count":0,"href":"https:\/\/www.unemi.edu.ec\/index.php\/wp-json\/wp\/v2\/pages\/5864\/revisions"}],"up":[{"embeddable":true,"href":"https:\/\/www.unemi.edu.ec\/index.php\/wp-json\/wp\/v2\/pages\/6176"}],"wp:attachment":[{"href":"https:\/\/www.unemi.edu.ec\/index.php\/wp-json\/wp\/v2\/media?parent=5864"}],"curies":[{"name":"wp","href":"https:\/\/api.w.org\/{rel}","templated":true}]}}