{"id":5862,"date":"2018-03-06T15:17:16","date_gmt":"2018-03-06T15:17:16","guid":{"rendered":"https:\/\/https:\/\/www.unemi.edu.ec\/\/wordpress\/?page_id=5862"},"modified":"2018-09-13T20:41:21","modified_gmt":"2018-09-13T20:41:21","slug":"salud-nutricion-e-higiene-del-adulto-mayor-en-el-canton-milagro-y-sus-zonas-aledanas-2017","status":"publish","type":"page","link":"https:\/\/www.unemi.edu.ec\/index.php\/proyectos-de-vinculacion\/salud-nutricion-e-higiene-del-adulto-mayor-en-el-canton-milagro-y-sus-zonas-aledanas-2017\/","title":{"rendered":"Salud, Nutrici\u00f3n e Higiene del Adulto Mayor en el Cant\u00f3n Milagro y sus Zonas Aleda\u00f1as 2017"},"content":{"rendered":"[vc_row][vc_column][vc_column_text]\n<h2>Perfil del Proyecto<\/h2>\n<p>Identificar los riesgos de mala nutrici\u00f2n y de salud mediante la valoraci\u00f2n de enfermer\u00eca, con encuestas y entrevistas a los adultos mayores para poder establecer los factores que influyen en el deterioro de estado de salud del adulto mayor y de esta manera mejorar su calidad de vida.<\/p>\n<h2>Docentes<\/h2>\n<ul>\n<li><a href=\"\/index.php\/team\/betty-pazmino-gomez\/\">Betty Pazmi\u00f1o\u00a0 <\/a><\/li>\n<li>Mariana Guadalupe<\/li>\n<li>Mariana Llimaico<\/li>\n<li>Ver\u00f3nica Santos<\/li>\n<li>Dolores Saldarriaga<\/li>\n<li>Julio Posligua<\/li>\n<\/ul>\n[\/vc_column_text][\/vc_column][\/vc_row]\n","protected":false},"excerpt":{"rendered":"<p>[vc_row][vc_column][vc_column_text] Perfil del Proyecto Identificar los riesgos de mala nutrici\u00f2n y de salud mediante la valoraci\u00f2n de enfermer\u00eca, con encuestas y entrevistas a los adultos mayores para poder establecer los [&hellip;]<\/p>\n","protected":false},"author":23,"featured_media":0,"parent":6176,"menu_order":0,"comment_status":"closed","ping_status":"closed","template":"","meta":{"_joinchat":[],"footnotes":""},"class_list":["post-5862","page","type-page","status-publish","hentry"],"_links":{"self":[{"href":"https:\/\/www.unemi.edu.ec\/index.php\/wp-json\/wp\/v2\/pages\/5862","targetHints":{"allow":["GET"]}}],"collection":[{"href":"https:\/\/www.unemi.edu.ec\/index.php\/wp-json\/wp\/v2\/pages"}],"about":[{"href":"https:\/\/www.unemi.edu.ec\/index.php\/wp-json\/wp\/v2\/types\/page"}],"author":[{"embeddable":true,"href":"https:\/\/www.unemi.edu.ec\/index.php\/wp-json\/wp\/v2\/users\/23"}],"replies":[{"embeddable":true,"href":"https:\/\/www.unemi.edu.ec\/index.php\/wp-json\/wp\/v2\/comments?post=5862"}],"version-history":[{"count":0,"href":"https:\/\/www.unemi.edu.ec\/index.php\/wp-json\/wp\/v2\/pages\/5862\/revisions"}],"up":[{"embeddable":true,"href":"https:\/\/www.unemi.edu.ec\/index.php\/wp-json\/wp\/v2\/pages\/6176"}],"wp:attachment":[{"href":"https:\/\/www.unemi.edu.ec\/index.php\/wp-json\/wp\/v2\/media?parent=5862"}],"curies":[{"name":"wp","href":"https:\/\/api.w.org\/{rel}","templated":true}]}}