{"id":52156,"date":"2026-02-04T09:16:32","date_gmt":"2026-02-04T14:16:32","guid":{"rendered":"https:\/\/www.unemi.edu.ec\/?page_id=52156"},"modified":"2026-04-01T08:14:27","modified_gmt":"2026-04-01T13:14:27","slug":"cedulas-presupuestarias-2026","status":"publish","type":"page","link":"https:\/\/www.unemi.edu.ec\/index.php\/documentos-institucionales-2026\/informacion-financiera-2026\/cedulas-presupuestarias-2026\/","title":{"rendered":"C\u00e9dulas Presupuestarias 2026"},"content":{"rendered":"<p><a href=\"https:\/\/www.unemi.edu.ec\/wp-content\/uploads\/2026\/04\/Cedula-presupuestaria-enero-2026.pdf\">C\u00e9dula presupuestaria enero 2026<\/a><br \/>\nC\u00e9dula presupuestaria febrero 2026<br \/>\nC\u00e9dula presupuestaria marzo 2026<br \/>\nC\u00e9dula presupuestaria abril 2026<br \/>\nC\u00e9dula presupuestaria mayo 2026<br \/>\nC\u00e9dula presupuestaria junio 2026<br \/>\nC\u00e9dula presupuestaria julio 2026<br \/>\nC\u00e9dula presupuestaria agosto 2026<br \/>\nC\u00e9dula presupuestaria septiembre 2026<br \/>\nC\u00e9dula presupuestaria octubre 2026<br \/>\nC\u00e9dula presupuestaria noviembre 2026<br \/>\nC\u00e9dula presupuestaria diciembre 2026<\/p>\n","protected":false},"excerpt":{"rendered":"<p>C\u00e9dula presupuestaria enero 2026 C\u00e9dula presupuestaria febrero 2026 C\u00e9dula presupuestaria marzo 2026 C\u00e9dula presupuestaria abril 2026 C\u00e9dula presupuestaria mayo 2026 C\u00e9dula presupuestaria junio 2026 C\u00e9dula presupuestaria julio 2026 C\u00e9dula presupuestaria [&hellip;]<\/p>\n","protected":false},"author":35,"featured_media":0,"parent":52138,"menu_order":0,"comment_status":"closed","ping_status":"closed","template":"","meta":{"_joinchat":[],"footnotes":""},"class_list":["post-52156","page","type-page","status-publish","hentry"],"_links":{"self":[{"href":"https:\/\/www.unemi.edu.ec\/index.php\/wp-json\/wp\/v2\/pages\/52156","targetHints":{"allow":["GET"]}}],"collection":[{"href":"https:\/\/www.unemi.edu.ec\/index.php\/wp-json\/wp\/v2\/pages"}],"about":[{"href":"https:\/\/www.unemi.edu.ec\/index.php\/wp-json\/wp\/v2\/types\/page"}],"author":[{"embeddable":true,"href":"https:\/\/www.unemi.edu.ec\/index.php\/wp-json\/wp\/v2\/users\/35"}],"replies":[{"embeddable":true,"href":"https:\/\/www.unemi.edu.ec\/index.php\/wp-json\/wp\/v2\/comments?post=52156"}],"version-history":[{"count":4,"href":"https:\/\/www.unemi.edu.ec\/index.php\/wp-json\/wp\/v2\/pages\/52156\/revisions"}],"predecessor-version":[{"id":52833,"href":"https:\/\/www.unemi.edu.ec\/index.php\/wp-json\/wp\/v2\/pages\/52156\/revisions\/52833"}],"up":[{"embeddable":true,"href":"https:\/\/www.unemi.edu.ec\/index.php\/wp-json\/wp\/v2\/pages\/52138"}],"wp:attachment":[{"href":"https:\/\/www.unemi.edu.ec\/index.php\/wp-json\/wp\/v2\/media?parent=52156"}],"curies":[{"name":"wp","href":"https:\/\/api.w.org\/{rel}","templated":true}]}}