{"id":52149,"date":"2026-02-04T08:58:27","date_gmt":"2026-02-04T13:58:27","guid":{"rendered":"https:\/\/www.unemi.edu.ec\/?page_id=52149"},"modified":"2026-04-02T11:52:53","modified_gmt":"2026-04-02T16:52:53","slug":"infimas-cuantias-2026","status":"publish","type":"page","link":"https:\/\/www.unemi.edu.ec\/index.php\/documentos-institucionales-2026\/informacion-financiera-2026\/infimas-cuantias-2026\/","title":{"rendered":"\u00cdnfimas Cuant\u00edas 2026"},"content":{"rendered":"[vc_row][vc_column][vc_column_text]<a href=\"https:\/\/www.unemi.edu.ec\/wp-content\/uploads\/2026\/02\/REPORTE_SOCE_INFIMAS_CUANTIA_ENERO.pdf\">\u00cdnfimas cuant\u00edas enero del 2026<\/a><br \/>\n\u00cdnfimas cuant\u00edas febrero del 2026<br \/>\n<a href=\"https:\/\/www.unemi.edu.ec\/wp-content\/uploads\/2026\/04\/REPORTE_SOCE_INFIMA_CUANTIA.pdf\">\u00cdnfimas cuant\u00edas marzo del 2026<\/a><br \/>\n\u00cdnfimas cuant\u00edas abril del 2026<br \/>\n\u00cdnfimas cuant\u00edas mayo del 2026<br \/>\n\u00cdnfimas cuant\u00edas junio del 2026<br \/>\n\u00cdnfimas cuant\u00edas julio del 2026<br \/>\n\u00cdnfimas cuant\u00edas agosto del 2026<br \/>\n\u00cdnfimas cuant\u00edas septiembre del 2026<br \/>\n\u00cdnfimas cuant\u00edas octubre del 2026<br \/>\n\u00cdnfimas cuant\u00edas noviembre 2026<br \/>\n\u00cdnfimas cuant\u00edas diciembre 2026[\/vc_column_text][\/vc_column][\/vc_row]\n","protected":false},"excerpt":{"rendered":"<p>[vc_row][vc_column][vc_column_text]\u00cdnfimas cuant\u00edas enero del 2026 \u00cdnfimas cuant\u00edas febrero del 2026 \u00cdnfimas cuant\u00edas marzo del 2026 \u00cdnfimas cuant\u00edas abril del 2026 \u00cdnfimas cuant\u00edas mayo del 2026 \u00cdnfimas cuant\u00edas junio del 2026 [&hellip;]<\/p>\n","protected":false},"author":35,"featured_media":0,"parent":52138,"menu_order":0,"comment_status":"closed","ping_status":"closed","template":"","meta":{"_joinchat":[],"footnotes":""},"class_list":["post-52149","page","type-page","status-publish","hentry"],"_links":{"self":[{"href":"https:\/\/www.unemi.edu.ec\/index.php\/wp-json\/wp\/v2\/pages\/52149","targetHints":{"allow":["GET"]}}],"collection":[{"href":"https:\/\/www.unemi.edu.ec\/index.php\/wp-json\/wp\/v2\/pages"}],"about":[{"href":"https:\/\/www.unemi.edu.ec\/index.php\/wp-json\/wp\/v2\/types\/page"}],"author":[{"embeddable":true,"href":"https:\/\/www.unemi.edu.ec\/index.php\/wp-json\/wp\/v2\/users\/35"}],"replies":[{"embeddable":true,"href":"https:\/\/www.unemi.edu.ec\/index.php\/wp-json\/wp\/v2\/comments?post=52149"}],"version-history":[{"count":3,"href":"https:\/\/www.unemi.edu.ec\/index.php\/wp-json\/wp\/v2\/pages\/52149\/revisions"}],"predecessor-version":[{"id":52874,"href":"https:\/\/www.unemi.edu.ec\/index.php\/wp-json\/wp\/v2\/pages\/52149\/revisions\/52874"}],"up":[{"embeddable":true,"href":"https:\/\/www.unemi.edu.ec\/index.php\/wp-json\/wp\/v2\/pages\/52138"}],"wp:attachment":[{"href":"https:\/\/www.unemi.edu.ec\/index.php\/wp-json\/wp\/v2\/media?parent=52149"}],"curies":[{"name":"wp","href":"https:\/\/api.w.org\/{rel}","templated":true}]}}