{"id":52138,"date":"2026-02-04T08:34:38","date_gmt":"2026-02-04T13:34:38","guid":{"rendered":"https:\/\/www.unemi.edu.ec\/?page_id=52138"},"modified":"2026-04-01T09:05:03","modified_gmt":"2026-04-01T14:05:03","slug":"informacion-financiera-2026","status":"publish","type":"page","link":"https:\/\/www.unemi.edu.ec\/index.php\/documentos-institucionales-2026\/informacion-financiera-2026\/","title":{"rendered":"Informaci\u00f3n Financiera 2026"},"content":{"rendered":"<h2><strong>Presupuesto Anual de la Instituci\u00f3n<\/strong><\/h2>\n<h3><strong>Procesos de Contrataci\u00f3n<\/strong><\/h3>\n<ul>\n<li><a href=\"https:\/\/www.unemi.edu.ec\/index.php\/documentos-institucionales-2026\/informacion-financiera-2026\/procesos-de-compras-2026\/\">Procesos de compras<\/a><\/li>\n<li><a href=\"https:\/\/www.unemi.edu.ec\/index.php\/documentos-institucionales-2026\/informacion-financiera-2026\/infimas-cuantias-2026\/\">\u00cdnfimas Cuant\u00edas<\/a><\/li>\n<li><a href=\"https:\/\/www.unemi.edu.ec\/index.php\/documentos-institucionales-2026\/informacion-financiera-2026\/reporte-de-procesos-de-compras-2026\/\">Reporte de Procesos de Compras<\/a><\/li>\n<\/ul>\n<h3><strong>\u00a0Ejecuci\u00f3n del Presupuesto<\/strong><\/h3>\n<ul>\n<li><a href=\"https:\/\/www.unemi.edu.ec\/wp-content\/uploads\/2026\/04\/Aprobacion-del-presupuesto-por-OCS.pdf\">Aprobaci\u00f3n del presupuesto por OCS<\/a><\/li>\n<li><a href=\"https:\/\/www.unemi.edu.ec\/wp-content\/uploads\/2026\/04\/Aprobacion-de-redistribucion-del-presupuesto-por-OCS.pdf\">Aprobaci\u00f3n de redistribuci\u00f3n del presupuesto por OCS<\/a><\/li>\n<li><a href=\"https:\/\/www.unemi.edu.ec\/index.php\/documentos-institucionales-2026\/informacion-financiera-2026\/reporte-de-gastos-2026\/\">Reporte de Gastos 2026<\/a><\/li>\n<li><a href=\"https:\/\/www.unemi.edu.ec\/index.php\/documentos-institucionales-2026\/informacion-financiera-2026\/cedulas-presupuestarias-2026\/\">C\u00e9dulas Presupuestarias 2026<\/a><\/li>\n<li><a href=\"https:\/\/www.unemi.edu.ec\/index.php\/documentos-institucionales-2024\/informacion-financiera-2024\/listado-de-destinatarios-de-recursos-2026\/\">Listado de destinatarios de recursos 2026<\/a><\/li>\n<li>Presupuesto 2026 liquidado<\/li>\n<li><a href=\"https:\/\/www.unemi.edu.ec\/index.php\/documentos-institucionales-2026\/informacion-financiera-2026\/viaticos-2026\/\">Vi\u00e1ticos\u00a0\u00a0<\/a><\/li>\n<\/ul>\n<h3><strong>Obligaciones Tributarias<\/strong><\/h3>\n<ul>\n<li>Certificado de Cumplimiento Tributario 2026<\/li>\n<\/ul>\n","protected":false},"excerpt":{"rendered":"<p>Presupuesto Anual de la Instituci\u00f3n Procesos de Contrataci\u00f3n Procesos de compras \u00cdnfimas Cuant\u00edas Reporte de Procesos de Compras \u00a0Ejecuci\u00f3n del Presupuesto Aprobaci\u00f3n del presupuesto por OCS Aprobaci\u00f3n de redistribuci\u00f3n del [&hellip;]<\/p>\n","protected":false},"author":35,"featured_media":0,"parent":52132,"menu_order":0,"comment_status":"closed","ping_status":"closed","template":"","meta":{"_joinchat":[],"footnotes":""},"class_list":["post-52138","page","type-page","status-publish","hentry"],"_links":{"self":[{"href":"https:\/\/www.unemi.edu.ec\/index.php\/wp-json\/wp\/v2\/pages\/52138","targetHints":{"allow":["GET"]}}],"collection":[{"href":"https:\/\/www.unemi.edu.ec\/index.php\/wp-json\/wp\/v2\/pages"}],"about":[{"href":"https:\/\/www.unemi.edu.ec\/index.php\/wp-json\/wp\/v2\/types\/page"}],"author":[{"embeddable":true,"href":"https:\/\/www.unemi.edu.ec\/index.php\/wp-json\/wp\/v2\/users\/35"}],"replies":[{"embeddable":true,"href":"https:\/\/www.unemi.edu.ec\/index.php\/wp-json\/wp\/v2\/comments?post=52138"}],"version-history":[{"count":6,"href":"https:\/\/www.unemi.edu.ec\/index.php\/wp-json\/wp\/v2\/pages\/52138\/revisions"}],"predecessor-version":[{"id":52835,"href":"https:\/\/www.unemi.edu.ec\/index.php\/wp-json\/wp\/v2\/pages\/52138\/revisions\/52835"}],"up":[{"embeddable":true,"href":"https:\/\/www.unemi.edu.ec\/index.php\/wp-json\/wp\/v2\/pages\/52132"}],"wp:attachment":[{"href":"https:\/\/www.unemi.edu.ec\/index.php\/wp-json\/wp\/v2\/media?parent=52138"}],"curies":[{"name":"wp","href":"https:\/\/api.w.org\/{rel}","templated":true}]}}