{"id":52132,"date":"2026-02-04T08:29:44","date_gmt":"2026-02-04T13:29:44","guid":{"rendered":"https:\/\/www.unemi.edu.ec\/?page_id=52132"},"modified":"2026-02-04T12:17:05","modified_gmt":"2026-02-04T17:17:05","slug":"documentos-institucionales-2026","status":"publish","type":"page","link":"https:\/\/www.unemi.edu.ec\/index.php\/documentos-institucionales-2026\/","title":{"rendered":"Documentos Institucionales 2026"},"content":{"rendered":"<p><span style=\"font-size: 12pt;\"><a href=\"https:\/\/www.unemi.edu.ec\/index.php\/base-legal-que-la-rige\/\">Base legal que la rige<\/a><br \/>\n<\/span><span style=\"font-size: 12pt;\"><a href=\"https:\/\/www.unemi.edu.ec\/index.php\/documentos-institucionales-2026\/resoluciones-ocs-2026\/\" target=\"_blank\" rel=\"noopener noreferrer\">Resoluciones del \u00d3rgano Colegiado Superior &#8211; OCS<\/a><br \/>\n<\/span><span style=\"font-size: 12pt;\"><a href=\"https:\/\/www.unemi.edu.ec\/index.php\/informacion-administrativa\/\">Informaci\u00f3n Administrativa<\/a><br \/>\n<\/span><span style=\"font-size: 12pt;\"><a href=\"https:\/\/www.unemi.edu.ec\/index.php\/documentos-institucionales-2026\/informacion-financiera-2026\/\">Informaci\u00f3n Financiera<\/a><br \/>\n<\/span><span style=\"font-size: 12pt;\"><a href=\"https:\/\/www.unemi.edu.ec\/index.php\/informacion-laboral\/\">Informaci\u00f3n Laboral<\/a><br \/>\n<\/span><span style=\"font-size: 12pt;\"><a href=\"https:\/\/www.unemi.edu.ec\/index.php\/documentos-institucionales-2026\/planificacion-institucional-2026\/\">Planificaci\u00f3n Institucional<\/a><br \/>\n<\/span><span style=\"font-size: 12pt;\"><span><a href=\"https:\/\/www.unemi.edu.ec\/wp-content\/uploads\/2023\/09\/Manual-de-Usuario_Servicios-de-Secretaria.pdf\">Manual para solicitud de certificaciones<\/a><br \/>\n<\/span><\/span><span style=\"font-size: 12pt;\"><a href=\"https:\/\/www.unemi.edu.ec\/index.php\/servicios-que-ofrece\/\">Servicios que ofrece<\/a><br \/>\n<\/span><span style=\"font-size: 12pt;\"><a href=\"https:\/\/www.unemi.edu.ec\/index.php\/examenes-especiales-y-cumplimiento-de-recomendaciones-de-auditoria-interna-y-gubernamental\/\">Ex\u00e1menes especiales y cumplimiento de recomendaciones de Auditoria Interna y Gubernamental<\/a><br \/>\n<\/span><span style=\"font-size: 12pt;\">Mecanismos de rendici\u00f3n de cuentas a la ciudadan\u00eda<br \/>\n<\/span><span style=\"font-size: 12pt;\"><a href=\"\/wp-content\/uploads\/2018\/09\/solicitud-acceso-a-la-informacion-unemi.pdf\" target=\"_blank\" rel=\"noopener noreferrer\">Solicitud de acceso a la informaci\u00f3n p\u00fablica<\/a><br \/>\n<\/span><a href=\"https:\/\/www.unemi.edu.ec\/wp-content\/uploads\/2026\/02\/UNEMI-DCI-2025-004-MEM-signed.pdf\"><span style=\"font-size: 12pt;\">Designaci\u00f3n del Comit\u00e9 de Transparencia Institucional<br \/>\n<\/span><\/a><span style=\"font-size: 12pt;\"><a href=\"https:\/\/www.unemi.edu.ec\/index.php\/difusion-y-comunicacion-de-la-gestion-institucional\/\">Difusi\u00f3n y comunicaci\u00f3n de la Gesti\u00f3n Institucional<\/a><\/span><\/p>\n<p><strong>Informaci\u00f3n estudiantil<\/strong><\/p>\n<ul>\n<li>Grado y Admisi\u00f3n 2026<\/li>\n<li>Posgrado 2026<\/li>\n<\/ul>\n<p><strong>Investigaci\u00f3n<\/strong><\/p>\n<ul>\n<li>Convocatoria de Proyectos de Investigaci\u00f3n 2026<\/li>\n<\/ul>\n<p><strong>Vinculaci\u00f3n<\/strong><\/p>\n<ul>\n<li>Pr\u00e1cticas preprofesionales 2026<\/li>\n<li>Proyectos de vinculaci\u00f3n 2026<\/li>\n<li>Formaci\u00f3n y emprendimiento en la comunidad 2026<\/li>\n<\/ul>\n","protected":false},"excerpt":{"rendered":"<p>Base legal que la rige Resoluciones del \u00d3rgano Colegiado Superior &#8211; OCS Informaci\u00f3n Administrativa Informaci\u00f3n Financiera Informaci\u00f3n Laboral Planificaci\u00f3n Institucional Manual para solicitud de certificaciones Servicios que ofrece Ex\u00e1menes especiales [&hellip;]<\/p>\n","protected":false},"author":35,"featured_media":0,"parent":0,"menu_order":0,"comment_status":"closed","ping_status":"closed","template":"","meta":{"_joinchat":[],"footnotes":""},"class_list":["post-52132","page","type-page","status-publish","hentry"],"_links":{"self":[{"href":"https:\/\/www.unemi.edu.ec\/index.php\/wp-json\/wp\/v2\/pages\/52132","targetHints":{"allow":["GET"]}}],"collection":[{"href":"https:\/\/www.unemi.edu.ec\/index.php\/wp-json\/wp\/v2\/pages"}],"about":[{"href":"https:\/\/www.unemi.edu.ec\/index.php\/wp-json\/wp\/v2\/types\/page"}],"author":[{"embeddable":true,"href":"https:\/\/www.unemi.edu.ec\/index.php\/wp-json\/wp\/v2\/users\/35"}],"replies":[{"embeddable":true,"href":"https:\/\/www.unemi.edu.ec\/index.php\/wp-json\/wp\/v2\/comments?post=52132"}],"version-history":[{"count":4,"href":"https:\/\/www.unemi.edu.ec\/index.php\/wp-json\/wp\/v2\/pages\/52132\/revisions"}],"predecessor-version":[{"id":52179,"href":"https:\/\/www.unemi.edu.ec\/index.php\/wp-json\/wp\/v2\/pages\/52132\/revisions\/52179"}],"wp:attachment":[{"href":"https:\/\/www.unemi.edu.ec\/index.php\/wp-json\/wp\/v2\/media?parent=52132"}],"curies":[{"name":"wp","href":"https:\/\/api.w.org\/{rel}","templated":true}]}}