{"id":51384,"date":"2025-11-19T20:30:29","date_gmt":"2025-11-20T01:30:29","guid":{"rendered":"https:\/\/www.unemi.edu.ec\/?page_id=51384"},"modified":"2026-02-24T22:53:59","modified_gmt":"2026-02-25T03:53:59","slug":"concurso-partidasloes-nov2025","status":"publish","type":"page","link":"https:\/\/www.unemi.edu.ec\/index.php\/concurso-partidasloes-nov2025\/","title":{"rendered":"CONVOCATORIA A CONCURSO DE M\u00c9RITOS Y OPOSICI\u00d3N: PERSONAL ACAD\u00c9MICO TITULAR DE LA UNIVERSIDAD ESTATAL DE MILAGRO &#8211; NOVIEMBRE 2025"},"content":{"rendered":"[vc_row full_width=&#8221;stretch_row&#8221; css=&#8221;.vc_custom_1618632154446{margin-top: -40px !important;background-image: url(https:\/\/www.unemi.edu.ec\/wp-content\/uploads\/2020\/12\/Herader-Web-unemi-junio-2020.png?id=24324) !important;background-position: center !important;background-repeat: no-repeat !important;background-size: cover !important;}&#8221;][vc_column][gt3_spacing height=&#8221;45px&#8221;][gt3_spacing height=&#8221;30&#8243;][vc_column_text]\n<p style=\"text-align: center;\"><span style=\"font-size: 24pt;\"><strong>CONVOCATORIA PARA CONCURSO DE M\u00c9RITOS Y OPOSICI\u00d3N:<br \/>\n<\/strong>PERSONAL ACAD\u00c9MICO TITULAR DE LA UNIVERSIDAD ESTATAL DE MILAGRO &#8211; NOVIEMBRE 2025<\/span><\/p>\n[\/vc_column_text][gt3_spacing height=&#8221;45px&#8221;][\/vc_column][\/vc_row][vc_row][vc_column][gt3_spacing height=&#8221;32px&#8221;][vc_tta_tabs active_section=&#8221;1&#8243;][vc_tta_section i_icon_fontawesome=&#8221;fas fa-check-circle&#8221; add_icon=&#8221;true&#8221; title=&#8221;Declaratoria de ganadores&#8221; tab_id=&#8221;1759292383969-562db3cc-6b69&#8243;][vc_row_inner gap=&#8221;35&#8243;][vc_column_inner width=&#8221;2\/3&#8243;][gt3_spacing height=&#8221;32px&#8221;][vc_custom_heading text=&#8221;RESULTADOS DEL PROCESO&#8221; font_container=&#8221;tag:h2|text_align:center&#8221; google_fonts=&#8221;font_family:Montserrat%3Aregular%2C700|font_style:700%20bold%20regular%3A700%3Anormal&#8221; css_animation=&#8221;none&#8221;][vc_separator][gt3_spacing height=&#8221;20&#8243;][vc_column_text]\n<div class=\"gmail_default\">\n<div class=\"gmail_default\">\n<div class=\"gmail_default\">\n<p>Conforme al cronograma establecido y al Instructivo para el concurso p\u00fablico de m\u00e9ritos y oposici\u00f3n del personal acad\u00e9mico y de apoyo acad\u00e9mico titular de la Universidad Estatal de Milagro, se procede con la publicaci\u00f3n de resultados del proceso y declaratoria de ganador.<\/p>\n<p>Los resultados individuales se encuentran disponibles en la plataforma<span>\u00a0<\/span><a href=\"https:\/\/concursodocente.unemi.edu.ec\/\" target=\"_blank\" data-saferedirecturl=\"https:\/\/www.google.com\/url?q=https:\/\/concursodocente.unemi.edu.ec\/&amp;source=gmail&amp;ust=1772077759709000&amp;usg=AOvVaw3pTPKp6of_ybLEGeIuRgBm\" rel=\"noopener\">https:\/\/concursodocente.unemi.<wbr \/>edu.ec\/<\/a><\/p>\n<p>Se recuerda a los postulantes que es su responsabilidad dar seguimiento permanente a su participaci\u00f3n a trav\u00e9s de la plataforma tecnol\u00f3gica durante todas las etapas del concurso.<\/p>\n<\/div>\n<\/div>\n<\/div>\n[\/vc_column_text][gt3_spacing height=&#8221;32px&#8221;][gt3_button button_title=&#8221;Verificar resultados&#8221; button_alignment=&#8221;block&#8221; btn_border_width=&#8221;2px&#8221; btn_icon_type=&#8221;font&#8221; btn_icon_fontawesome=&#8221;fas fa-user-plus&#8221; icon_font_size=&#8221;24&#8243; btn_font_size=&#8221;20&#8243; link=&#8221;url:https%3A%2F%2Fconcursodocente.unemi.edu.ec%2F|target:_blank&#8221;][gt3_spacing height=&#8221;20&#8243;][vc_separator][gt3_spacing height=&#8221;32px&#8221;][gt3_spacing height=&#8221;32px&#8221;][vc_separator][\/vc_column_inner][vc_column_inner width=&#8221;1\/3&#8243;][gt3_spacing height=&#8221;32px&#8221;][gt3_button button_title=&#8221;Resoluci\u00f3n OCS-SE-7-2026-No1&#8243; button_alignment=&#8221;block&#8221; btn_border_width=&#8221;2px&#8221; btn_icon_type=&#8221;font&#8221; btn_icon_fontawesome=&#8221;fas fa-user-plus&#8221; icon_font_size=&#8221;24&#8243; btn_font_size=&#8221;20&#8243; link=&#8221;url:https%3A%2F%2Fwww.unemi.edu.ec%2Fwp-content%2Fuploads%2F2026%2F02%2FRESOLUCION-OCS-SE-7-2026-No1.pdf|target:_blank&#8221;][gt3_button button_title=&#8221;Resultados del concurso&#8221; button_alignment=&#8221;block&#8221; btn_border_width=&#8221;2px&#8221; btn_icon_type=&#8221;font&#8221; btn_icon_fontawesome=&#8221;fas fa-file-alt&#8221; icon_font_size=&#8221;24&#8243; btn_font_size=&#8221;20&#8243; link=&#8221;url:https%3A%2F%2Fwww.unemi.edu.ec%2Fwp-content%2Fuploads%2F2026%2F02%2FResultados_Finales_Concurso2026.pdf|target:_blank&#8221;][gt3_spacing height=&#8221;32px&#8221;][vc_custom_heading text=&#8221;Normativa&#8221; font_container=&#8221;tag:h2|text_align:center&#8221; google_fonts=&#8221;font_family:Montserrat%3Aregular%2C700|font_style:700%20bold%20regular%3A700%3Anormal&#8221; css_animation=&#8221;none&#8221;][vc_separator][gt3_spacing height=&#8221;20&#8243;][gt3_button button_title=&#8221;Resoluci\u00f3n OCS-SO-25-2025-No1&#8243; button_alignment=&#8221;block&#8221; btn_border_width=&#8221;2px&#8221; btn_icon_type=&#8221;font&#8221; btn_icon_fontawesome=&#8221;fas fa-file-alt&#8221; icon_font_size=&#8221;24&#8243; btn_font_size=&#8221;20&#8243; link=&#8221;url:https%3A%2F%2Fwww.unemi.edu.ec%2Fwp-content%2Fuploads%2F2025%2F11%2FRESOLUCION-OCS-SO-25-2025-No1-3.pdf|target:_blank&#8221;][gt3_button button_title=&#8221;Reglamento de carrera y escalaf\u00f3n del personal acad\u00e9mico de la Universidad Estatal de Milagro&#8221; button_alignment=&#8221;center&#8221; btn_border_width=&#8221;2px&#8221; btn_icon_type=&#8221;font&#8221; btn_icon_fontawesome=&#8221;fas fa-file-alt&#8221; icon_font_size=&#8221;24&#8243; btn_font_size=&#8221;20&#8243; link=&#8221;url:https%3A%2F%2Fwww.unemi.edu.ec%2Fwp-content%2Fuploads%2F2025%2F11%2FREGLAMENTO-DE-CARRERA-Y-ESCALAFA_N-DEL-PERSONAL-ACADA_MICO-DE-LA-UNIVERSIDAD-ESTATAL-DE-MILAGRO-v1.11.pdf|target:_blank&#8221;][gt3_button button_title=&#8221;Instructivo para el concurso p\u00fablico de m\u00e9ritos y oposici\u00f3n del personal acad\u00e9mico y del personal de apoyo acad\u00e9mico titular de la Universidad Estatal de Milagro.&#8221; button_alignment=&#8221;center&#8221; btn_border_width=&#8221;2px&#8221; btn_icon_type=&#8221;font&#8221; btn_icon_fontawesome=&#8221;fas fa-file-alt&#8221; icon_font_size=&#8221;24&#8243; btn_font_size=&#8221;20&#8243; link=&#8221;url:https%3A%2F%2Fwww.unemi.edu.ec%2Fwp-content%2Fuploads%2F2025%2F11%2FINSTRUCTIVO-PARA-EL-CONCURSO-PA_BLICO-DE-MA_RITOS-Y-OPOSICIA_N-DEL-PERSONAL-ACADA_MICO-Y-EL-PERSONAL-DE-APOYO-ACADA_MICO-TITULAR-DE-LA-UNIVERSIDAD-ESTATAL-DE-MILAGRO-v2.00.pdf|target:_blank&#8221;][\/vc_column_inner][\/vc_row_inner][\/vc_tta_section][vc_tta_section i_icon_fontawesome=&#8221;fas fa-check-circle&#8221; add_icon=&#8221;true&#8221; title=&#8221;Resultados &#8211; Fase de oposici\u00f3n&#8221; tab_id=&#8221;1771991401769-9eecd41f-aff1&#8243;][vc_row_inner gap=&#8221;35&#8243;][vc_column_inner width=&#8221;2\/3&#8243;][gt3_spacing height=&#8221;32px&#8221;][vc_custom_heading text=&#8221;RESULTADOS &#8211; FASE DE OPOSICI\u00d3N&#8221; font_container=&#8221;tag:h2|text_align:center&#8221; google_fonts=&#8221;font_family:Montserrat%3Aregular%2C700|font_style:700%20bold%20regular%3A700%3Anormal&#8221; css_animation=&#8221;none&#8221;][vc_separator][gt3_spacing height=&#8221;20&#8243;][vc_column_text]\n<p style=\"text-align: justify;\">Conforme al cronograma establecido y al Instructivo para el concurso p\u00fablico de m\u00e9ritos y oposici\u00f3n del personal acad\u00e9mico y de apoyo acad\u00e9mico titular de la Universidad Estatal de Milagro, se procede con la publicaci\u00f3n y notificaci\u00f3n de los resultados correspondientes a la fase de oposici\u00f3n.<\/p>\n<p style=\"text-align: justify;\">Los resultados individuales se encuentran disponibles en la plataforma https:\/\/concursodocente.unemi.edu.ec\/<\/p>\n<p style=\"text-align: justify;\">Se recuerda a los postulantes que es su responsabilidad dar seguimiento permanente a su participaci\u00f3n a trav\u00e9s de la plataforma tecnol\u00f3gica durante todas las etapas del concurso.<\/p>\n[\/vc_column_text][gt3_spacing height=&#8221;32px&#8221;][gt3_button button_title=&#8221;Verificar resultados&#8221; button_alignment=&#8221;block&#8221; btn_border_width=&#8221;2px&#8221; btn_icon_type=&#8221;font&#8221; btn_icon_fontawesome=&#8221;fas fa-user-plus&#8221; icon_font_size=&#8221;24&#8243; btn_font_size=&#8221;20&#8243; link=&#8221;url:https%3A%2F%2Fconcursodocente.unemi.edu.ec%2F|target:_blank&#8221;][gt3_spacing height=&#8221;20&#8243;][vc_separator][gt3_spacing height=&#8221;32px&#8221;][gt3_spacing height=&#8221;32px&#8221;][vc_separator][\/vc_column_inner][vc_column_inner width=&#8221;1\/3&#8243;][gt3_spacing height=&#8221;32px&#8221;][gt3_button button_title=&#8221;Post\u00falate aqu\u00ed&#8221; button_alignment=&#8221;block&#8221; btn_border_width=&#8221;2px&#8221; btn_icon_type=&#8221;font&#8221; btn_icon_fontawesome=&#8221;fas fa-user-plus&#8221; icon_font_size=&#8221;24&#8243; btn_font_size=&#8221;20&#8243; link=&#8221;url:https%3A%2F%2Fconcursodocente.unemi.edu.ec%2F|target:_blank&#8221;][gt3_button button_title=&#8221;Cronograma&#8221; button_alignment=&#8221;block&#8221; btn_border_width=&#8221;2px&#8221; btn_icon_type=&#8221;font&#8221; btn_icon_fontawesome=&#8221;fas fa-calendar-day&#8221; icon_font_size=&#8221;24&#8243; btn_font_size=&#8221;20&#8243; link=&#8221;url:https%3A%2F%2Fwww.unemi.edu.ec%2Fwp-content%2Fuploads%2F2025%2F11%2F1.-Cronograma_concursosUNEMI.pdf|target:_blank&#8221;][gt3_button button_title=&#8221;Bases del concurso&#8221; button_alignment=&#8221;block&#8221; btn_border_width=&#8221;2px&#8221; btn_icon_type=&#8221;font&#8221; btn_icon_fontawesome=&#8221;fas fa-file-alt&#8221; icon_font_size=&#8221;24&#8243; btn_font_size=&#8221;20&#8243; link=&#8221;url:https%3A%2F%2Fwww.unemi.edu.ec%2Fwp-content%2Fuploads%2F2025%2F11%2F3.-Bases-Concurso-Unemi_nov_2025__firmado-1_firmado.pdf|target:_blank&#8221;][gt3_button button_title=&#8221;Partidas disponibles&#8221; button_alignment=&#8221;block&#8221; btn_border_width=&#8221;2px&#8221; btn_icon_type=&#8221;font&#8221; btn_icon_fontawesome=&#8221;fas fa-file-alt&#8221; icon_font_size=&#8221;24&#8243; btn_font_size=&#8221;20&#8243; link=&#8221;url:https%3A%2F%2Fwww.unemi.edu.ec%2Fwp-content%2Fuploads%2F2025%2F11%2F2.-Convocatoria_General_concursoUNEMI_nov_2025-1_firmado_firmado.pdf|target:_blank&#8221;][gt3_spacing height=&#8221;32px&#8221;][vc_custom_heading text=&#8221;Normativa&#8221; font_container=&#8221;tag:h2|text_align:center&#8221; google_fonts=&#8221;font_family:Montserrat%3Aregular%2C700|font_style:700%20bold%20regular%3A700%3Anormal&#8221; css_animation=&#8221;none&#8221;][vc_separator][gt3_spacing height=&#8221;20&#8243;][gt3_button button_title=&#8221;Resoluci\u00f3n OCS-SO-25-2025-No1&#8243; button_alignment=&#8221;block&#8221; btn_border_width=&#8221;2px&#8221; btn_icon_type=&#8221;font&#8221; btn_icon_fontawesome=&#8221;fas fa-file-alt&#8221; icon_font_size=&#8221;24&#8243; btn_font_size=&#8221;20&#8243; link=&#8221;url:https%3A%2F%2Fwww.unemi.edu.ec%2Fwp-content%2Fuploads%2F2025%2F11%2FRESOLUCION-OCS-SO-25-2025-No1-3.pdf|target:_blank&#8221;][gt3_button button_title=&#8221;Reglamento de carrera y escalaf\u00f3n del personal acad\u00e9mico de la Universidad Estatal de Milagro&#8221; button_alignment=&#8221;center&#8221; btn_border_width=&#8221;2px&#8221; btn_icon_type=&#8221;font&#8221; btn_icon_fontawesome=&#8221;fas fa-file-alt&#8221; icon_font_size=&#8221;24&#8243; btn_font_size=&#8221;20&#8243; link=&#8221;url:https%3A%2F%2Fwww.unemi.edu.ec%2Fwp-content%2Fuploads%2F2025%2F11%2FREGLAMENTO-DE-CARRERA-Y-ESCALAFA_N-DEL-PERSONAL-ACADA_MICO-DE-LA-UNIVERSIDAD-ESTATAL-DE-MILAGRO-v1.11.pdf|target:_blank&#8221;][gt3_button button_title=&#8221;Instructivo para el concurso p\u00fablico de m\u00e9ritos y oposici\u00f3n del personal acad\u00e9mico y del personal de apoyo acad\u00e9mico titular de la Universidad Estatal de Milagro.&#8221; button_alignment=&#8221;center&#8221; btn_border_width=&#8221;2px&#8221; btn_icon_type=&#8221;font&#8221; btn_icon_fontawesome=&#8221;fas fa-file-alt&#8221; icon_font_size=&#8221;24&#8243; btn_font_size=&#8221;20&#8243; link=&#8221;url:https%3A%2F%2Fwww.unemi.edu.ec%2Fwp-content%2Fuploads%2F2025%2F11%2FINSTRUCTIVO-PARA-EL-CONCURSO-PA_BLICO-DE-MA_RITOS-Y-OPOSICIA_N-DEL-PERSONAL-ACADA_MICO-Y-EL-PERSONAL-DE-APOYO-ACADA_MICO-TITULAR-DE-LA-UNIVERSIDAD-ESTATAL-DE-MILAGRO-v2.00.pdf|target:_blank&#8221;][\/vc_column_inner][\/vc_row_inner][\/vc_tta_section][vc_tta_section i_icon_fontawesome=&#8221;fas fa-check-circle&#8221; add_icon=&#8221;true&#8221; title=&#8221;Verificaci\u00f3n del m\u00e9rito&#8221; tab_id=&#8221;1770305991586-178e305c-84d1&#8243;][vc_row_inner gap=&#8221;35&#8243;][vc_column_inner width=&#8221;2\/3&#8243;][gt3_spacing height=&#8221;32px&#8221;][vc_custom_heading text=&#8221;VERIFICACI\u00d3N DEL M\u00c9RITO&#8221; font_container=&#8221;tag:h2|text_align:center&#8221; google_fonts=&#8221;font_family:Montserrat%3Aregular%2C700|font_style:700%20bold%20regular%3A700%3Anormal&#8221; css_animation=&#8221;none&#8221;][vc_separator][gt3_spacing height=&#8221;20&#8243;][vc_column_text]\n<p style=\"text-align: justify;\">Conforme al cronograma establecido y al Instructivo para el concurso p\u00fablico de m\u00e9ritos y oposici\u00f3n del personal acad\u00e9mico y de apoyo acad\u00e9mico titular de la Universidad Estatal de Milagro, se procede con la publicaci\u00f3n y notificaci\u00f3n de los resultados correspondientes a la fase de verificaci\u00f3n de m\u00e9ritos.<\/p>\n<p style=\"text-align: justify;\">Los resultados individuales se encuentran disponibles en la plataforma https:\/\/concursodocente.unemi.edu.ec\/<\/p>\n<p style=\"text-align: justify;\">Se recuerda a los postulantes que es su responsabilidad dar seguimiento permanente a su participaci\u00f3n a trav\u00e9s de la plataforma tecnol\u00f3gica durante todas las etapas del concurso.<\/p>\n[\/vc_column_text][gt3_spacing height=&#8221;32px&#8221;][vc_separator][gt3_spacing height=&#8221;32px&#8221;][gt3_spacing height=&#8221;32px&#8221;][vc_separator][\/vc_column_inner][vc_column_inner width=&#8221;1\/3&#8243;][gt3_spacing height=&#8221;32px&#8221;][gt3_button button_title=&#8221;Post\u00falate aqu\u00ed&#8221; button_alignment=&#8221;block&#8221; btn_border_width=&#8221;2px&#8221; btn_icon_type=&#8221;font&#8221; btn_icon_fontawesome=&#8221;fas fa-user-plus&#8221; icon_font_size=&#8221;24&#8243; btn_font_size=&#8221;20&#8243; link=&#8221;url:https%3A%2F%2Fconcursodocente.unemi.edu.ec%2F|target:_blank&#8221;][gt3_button button_title=&#8221;Cronograma&#8221; button_alignment=&#8221;block&#8221; btn_border_width=&#8221;2px&#8221; btn_icon_type=&#8221;font&#8221; btn_icon_fontawesome=&#8221;fas fa-calendar-day&#8221; icon_font_size=&#8221;24&#8243; btn_font_size=&#8221;20&#8243; link=&#8221;url:https%3A%2F%2Fwww.unemi.edu.ec%2Fwp-content%2Fuploads%2F2025%2F11%2F1.-Cronograma_concursosUNEMI.pdf|target:_blank&#8221;][gt3_button button_title=&#8221;Bases del concurso&#8221; button_alignment=&#8221;block&#8221; btn_border_width=&#8221;2px&#8221; btn_icon_type=&#8221;font&#8221; btn_icon_fontawesome=&#8221;fas fa-file-alt&#8221; icon_font_size=&#8221;24&#8243; btn_font_size=&#8221;20&#8243; link=&#8221;url:https%3A%2F%2Fwww.unemi.edu.ec%2Fwp-content%2Fuploads%2F2025%2F11%2F3.-Bases-Concurso-Unemi_nov_2025__firmado-1_firmado.pdf|target:_blank&#8221;][gt3_button button_title=&#8221;Partidas disponibles&#8221; button_alignment=&#8221;block&#8221; btn_border_width=&#8221;2px&#8221; btn_icon_type=&#8221;font&#8221; btn_icon_fontawesome=&#8221;fas fa-file-alt&#8221; icon_font_size=&#8221;24&#8243; btn_font_size=&#8221;20&#8243; link=&#8221;url:https%3A%2F%2Fwww.unemi.edu.ec%2Fwp-content%2Fuploads%2F2025%2F11%2F2.-Convocatoria_General_concursoUNEMI_nov_2025-1_firmado_firmado.pdf|target:_blank&#8221;][gt3_spacing height=&#8221;32px&#8221;][vc_custom_heading text=&#8221;Normativa&#8221; font_container=&#8221;tag:h2|text_align:center&#8221; google_fonts=&#8221;font_family:Montserrat%3Aregular%2C700|font_style:700%20bold%20regular%3A700%3Anormal&#8221; css_animation=&#8221;none&#8221;][vc_separator][gt3_spacing height=&#8221;20&#8243;][gt3_button button_title=&#8221;Resoluci\u00f3n OCS-SO-25-2025-No1&#8243; button_alignment=&#8221;block&#8221; btn_border_width=&#8221;2px&#8221; btn_icon_type=&#8221;font&#8221; btn_icon_fontawesome=&#8221;fas fa-file-alt&#8221; icon_font_size=&#8221;24&#8243; btn_font_size=&#8221;20&#8243; link=&#8221;url:https%3A%2F%2Fwww.unemi.edu.ec%2Fwp-content%2Fuploads%2F2025%2F11%2FRESOLUCION-OCS-SO-25-2025-No1-3.pdf|target:_blank&#8221;][gt3_button button_title=&#8221;Reglamento de carrera y escalaf\u00f3n del personal acad\u00e9mico de la Universidad Estatal de Milagro&#8221; button_alignment=&#8221;center&#8221; btn_border_width=&#8221;2px&#8221; btn_icon_type=&#8221;font&#8221; btn_icon_fontawesome=&#8221;fas fa-file-alt&#8221; icon_font_size=&#8221;24&#8243; btn_font_size=&#8221;20&#8243; link=&#8221;url:https%3A%2F%2Fwww.unemi.edu.ec%2Fwp-content%2Fuploads%2F2025%2F11%2FREGLAMENTO-DE-CARRERA-Y-ESCALAFA_N-DEL-PERSONAL-ACADA_MICO-DE-LA-UNIVERSIDAD-ESTATAL-DE-MILAGRO-v1.11.pdf|target:_blank&#8221;][gt3_button button_title=&#8221;Instructivo para el concurso p\u00fablico de m\u00e9ritos y oposici\u00f3n del personal acad\u00e9mico y del personal de apoyo acad\u00e9mico titular de la Universidad Estatal de Milagro.&#8221; button_alignment=&#8221;center&#8221; btn_border_width=&#8221;2px&#8221; btn_icon_type=&#8221;font&#8221; btn_icon_fontawesome=&#8221;fas fa-file-alt&#8221; icon_font_size=&#8221;24&#8243; btn_font_size=&#8221;20&#8243; link=&#8221;url:https%3A%2F%2Fwww.unemi.edu.ec%2Fwp-content%2Fuploads%2F2025%2F11%2FINSTRUCTIVO-PARA-EL-CONCURSO-PA_BLICO-DE-MA_RITOS-Y-OPOSICIA_N-DEL-PERSONAL-ACADA_MICO-Y-EL-PERSONAL-DE-APOYO-ACADA_MICO-TITULAR-DE-LA-UNIVERSIDAD-ESTATAL-DE-MILAGRO-v2.00.pdf|target:_blank&#8221;][\/vc_column_inner][\/vc_row_inner][\/vc_tta_section][vc_tta_section i_icon_fontawesome=&#8221;fas fa-check-circle&#8221; add_icon=&#8221;true&#8221; title=&#8221;Convocatoria&#8221; tab_id=&#8221;1768257079832-a21f310c-482c&#8221;][vc_row_inner gap=&#8221;35&#8243;][vc_column_inner width=&#8221;2\/3&#8243;][gt3_spacing height=&#8221;32px&#8221;][vc_custom_heading text=&#8221;CONVOCATORIA&#8221; font_container=&#8221;tag:h2|text_align:center&#8221; google_fonts=&#8221;font_family:Montserrat%3Aregular%2C700|font_style:700%20bold%20regular%3A700%3Anormal&#8221; css_animation=&#8221;none&#8221;][vc_separator][gt3_spacing height=&#8221;20&#8243;][vc_column_text]\n<p style=\"text-align: justify;\">La Universidad Estatal de Milagro, en cumplimiento de la Constituci\u00f3n de la Rep\u00fablica del Ecuador; la Ley Org\u00e1nica de Educaci\u00f3n Superior; el Reglamento de Carrera y Escalaf\u00f3n del Personal Acad\u00e9mico del Sistema de Educaci\u00f3n Superior; el Reglamento de Carrera y Escalaf\u00f3n del Personal Acad\u00e9mico de la Universidad Estatal de Milagro; el Instructivo para el Concurso P\u00fablico de M\u00e9ritos y Oposici\u00f3n del Personal Acad\u00e9mico y el Personal de Apoyo Acad\u00e9mico Titular de la Universidad Estatal de Milagro; y, de conformidad con lo aprobado por el \u00d3rgano Colegiado Superior mediante <strong>RESOLUCI\u00d3N OCS-SO-25-2025-No. 1<\/strong>, de fecha 13 de noviembre de 2025, <strong>CONVOCA al CONCURSO DE M\u00c9RITOS Y OPOSICI\u00d3N<\/strong> para llenar <strong>50 vacantes<\/strong> en el cargo de <strong>PROFESOR AUXILIAR 1 TIEMPO COMPLETO<\/strong>, en las siguientes facultades:<\/p>\n<ul>\n<li>Facultad de Ciencias Sociales, Educaci\u00f3n Comercial y Derecho<\/li>\n<li>Facultad de Ciencias e Ingenier\u00edas<\/li>\n<li>Facultad de Salud y Servicios Sociales;<\/li>\n<li>Facultad de Educaci\u00f3n.<\/li>\n<\/ul>\n[\/vc_column_text][gt3_spacing height=&#8221;32px&#8221;][vc_custom_heading text=&#8221;PARTIDAS DISPONIBLES&#8221; font_container=&#8221;tag:h2|text_align:center&#8221; google_fonts=&#8221;font_family:Montserrat%3Aregular%2C700|font_style:700%20bold%20regular%3A700%3Anormal&#8221; css_animation=&#8221;none&#8221;][vc_separator][gt3_spacing height=&#8221;20&#8243;][vc_column_text]\n<table id=\"table\" class=\" alignleft\" style=\"width: 100%;\">\n<tbody>\n<tr style=\"height: 24px;\">\n<th style=\"height: 24px; text-align: center; width: 14.9618%;\">VACANTES<\/th>\n<th style=\"height: 24px; text-align: center; width: 40.458%;\">DENOMINACI\u00d3N DEL PUESTO<\/th>\n<th style=\"height: 24px; text-align: center; width: 19.542%;\">DEDICACI\u00d3N<\/th>\n<th style=\"height: 24px; text-align: center; width: 23.3588%;\">REMUNERACI\u00d3N<\/th>\n<\/tr>\n<tr style=\"height: 24px;\">\n<td style=\"text-align: center; height: 24px; width: 14.9618%;\">50<\/td>\n<td style=\"height: 24px; width: 40.458%;\"><strong>Profesor Titular Auxiliar 1<\/strong><\/td>\n<td style=\"text-align: center; height: 24px; width: 19.542%;\">Tiempo completo<br \/>\n(40 horas)<\/td>\n<td style=\"text-align: center; height: 24px; width: 23.3588%;\">$2034.00<\/td>\n<\/tr>\n<\/tbody>\n<\/table>\n[\/vc_column_text][gt3_spacing height=&#8221;32px&#8221;][vc_separator][gt3_spacing height=&#8221;32px&#8221;][vc_custom_heading text=&#8221;EL PROCESO DE POSTULACI\u00d3N Y PARTICIPACI\u00d3N EN EL CONCURSO P\u00daBLICO DE M\u00c9RITOS Y OPOSICI\u00d3N SER\u00c1 GRATUITO&#8221; font_container=&#8221;tag:h3|text_align:center&#8221; google_fonts=&#8221;font_family:Montserrat%3Aregular%2C700|font_style:700%20bold%20regular%3A700%3Anormal&#8221; css_animation=&#8221;none&#8221;][gt3_spacing height=&#8221;32px&#8221;][vc_separator][\/vc_column_inner][vc_column_inner width=&#8221;1\/3&#8243;][gt3_spacing height=&#8221;32px&#8221;][gt3_button button_title=&#8221;Post\u00falate aqu\u00ed&#8221; button_alignment=&#8221;block&#8221; btn_border_width=&#8221;2px&#8221; btn_icon_type=&#8221;font&#8221; btn_icon_fontawesome=&#8221;fas fa-user-plus&#8221; icon_font_size=&#8221;24&#8243; btn_font_size=&#8221;20&#8243; link=&#8221;url:https%3A%2F%2Fconcursodocente.unemi.edu.ec%2F|target:_blank&#8221;][gt3_button button_title=&#8221;Cronograma&#8221; button_alignment=&#8221;block&#8221; btn_border_width=&#8221;2px&#8221; btn_icon_type=&#8221;font&#8221; btn_icon_fontawesome=&#8221;fas fa-calendar-day&#8221; icon_font_size=&#8221;24&#8243; btn_font_size=&#8221;20&#8243; link=&#8221;url:https%3A%2F%2Fwww.unemi.edu.ec%2Fwp-content%2Fuploads%2F2025%2F11%2F1.-Cronograma_concursosUNEMI.pdf|target:_blank&#8221;][gt3_button button_title=&#8221;Bases del concurso&#8221; button_alignment=&#8221;block&#8221; btn_border_width=&#8221;2px&#8221; btn_icon_type=&#8221;font&#8221; btn_icon_fontawesome=&#8221;fas fa-file-alt&#8221; icon_font_size=&#8221;24&#8243; btn_font_size=&#8221;20&#8243; link=&#8221;url:https%3A%2F%2Fwww.unemi.edu.ec%2Fwp-content%2Fuploads%2F2025%2F11%2F3.-Bases-Concurso-Unemi_nov_2025__firmado-1_firmado.pdf|target:_blank&#8221;][gt3_button button_title=&#8221;Partidas disponibles&#8221; button_alignment=&#8221;block&#8221; btn_border_width=&#8221;2px&#8221; btn_icon_type=&#8221;font&#8221; btn_icon_fontawesome=&#8221;fas fa-file-alt&#8221; icon_font_size=&#8221;24&#8243; btn_font_size=&#8221;20&#8243; link=&#8221;url:https%3A%2F%2Fwww.unemi.edu.ec%2Fwp-content%2Fuploads%2F2025%2F11%2F2.-Convocatoria_General_concursoUNEMI_nov_2025-1_firmado_firmado.pdf|target:_blank&#8221;][gt3_spacing height=&#8221;32px&#8221;][vc_custom_heading text=&#8221;Normativa&#8221; font_container=&#8221;tag:h2|text_align:center&#8221; google_fonts=&#8221;font_family:Montserrat%3Aregular%2C700|font_style:700%20bold%20regular%3A700%3Anormal&#8221; css_animation=&#8221;none&#8221;][vc_separator][gt3_spacing height=&#8221;20&#8243;][gt3_button button_title=&#8221;Resoluci\u00f3n OCS-SO-25-2025-No1&#8243; button_alignment=&#8221;block&#8221; btn_border_width=&#8221;2px&#8221; btn_icon_type=&#8221;font&#8221; btn_icon_fontawesome=&#8221;fas fa-file-alt&#8221; icon_font_size=&#8221;24&#8243; btn_font_size=&#8221;20&#8243; link=&#8221;url:https%3A%2F%2Fwww.unemi.edu.ec%2Fwp-content%2Fuploads%2F2025%2F11%2FRESOLUCION-OCS-SO-25-2025-No1-3.pdf|target:_blank&#8221;][gt3_button button_title=&#8221;Reglamento de carrera y escalaf\u00f3n del personal acad\u00e9mico de la Universidad Estatal de Milagro&#8221; button_alignment=&#8221;center&#8221; btn_border_width=&#8221;2px&#8221; btn_icon_type=&#8221;font&#8221; btn_icon_fontawesome=&#8221;fas fa-file-alt&#8221; icon_font_size=&#8221;24&#8243; btn_font_size=&#8221;20&#8243; link=&#8221;url:https%3A%2F%2Fwww.unemi.edu.ec%2Fwp-content%2Fuploads%2F2025%2F11%2FREGLAMENTO-DE-CARRERA-Y-ESCALAFA_N-DEL-PERSONAL-ACADA_MICO-DE-LA-UNIVERSIDAD-ESTATAL-DE-MILAGRO-v1.11.pdf|target:_blank&#8221;][gt3_button button_title=&#8221;Instructivo para el concurso p\u00fablico de m\u00e9ritos y oposici\u00f3n del personal acad\u00e9mico y del personal de apoyo acad\u00e9mico titular de la Universidad Estatal de Milagro.&#8221; button_alignment=&#8221;center&#8221; btn_border_width=&#8221;2px&#8221; btn_icon_type=&#8221;font&#8221; btn_icon_fontawesome=&#8221;fas fa-file-alt&#8221; icon_font_size=&#8221;24&#8243; btn_font_size=&#8221;20&#8243; link=&#8221;url:https%3A%2F%2Fwww.unemi.edu.ec%2Fwp-content%2Fuploads%2F2025%2F11%2FINSTRUCTIVO-PARA-EL-CONCURSO-PA_BLICO-DE-MA_RITOS-Y-OPOSICIA_N-DEL-PERSONAL-ACADA_MICO-Y-EL-PERSONAL-DE-APOYO-ACADA_MICO-TITULAR-DE-LA-UNIVERSIDAD-ESTATAL-DE-MILAGRO-v2.00.pdf|target:_blank&#8221;][\/vc_column_inner][\/vc_row_inner][\/vc_tta_section][\/vc_tta_tabs][\/vc_column][\/vc_row]\n","protected":false},"excerpt":{"rendered":"<p>[vc_row full_width=&#8221;stretch_row&#8221; css=&#8221;.vc_custom_1618632154446{margin-top: -40px !important;background-image: url(https:\/\/www.unemi.edu.ec\/wp-content\/uploads\/2020\/12\/Herader-Web-unemi-junio-2020.png?id=24324) !important;background-position: center !important;background-repeat: no-repeat !important;background-size: cover !important;}&#8221;][vc_column][gt3_spacing height=&#8221;45px&#8221;][gt3_spacing height=&#8221;30&#8243;][vc_column_text] CONVOCATORIA PARA CONCURSO DE M\u00c9RITOS Y OPOSICI\u00d3N: PERSONAL ACAD\u00c9MICO TITULAR DE LA UNIVERSIDAD ESTATAL DE [&hellip;]<\/p>\n","protected":false},"author":35,"featured_media":49584,"parent":0,"menu_order":0,"comment_status":"closed","ping_status":"closed","template":"","meta":{"_joinchat":[],"footnotes":""},"class_list":["post-51384","page","type-page","status-publish","has-post-thumbnail","hentry"],"_links":{"self":[{"href":"https:\/\/www.unemi.edu.ec\/index.php\/wp-json\/wp\/v2\/pages\/51384","targetHints":{"allow":["GET"]}}],"collection":[{"href":"https:\/\/www.unemi.edu.ec\/index.php\/wp-json\/wp\/v2\/pages"}],"about":[{"href":"https:\/\/www.unemi.edu.ec\/index.php\/wp-json\/wp\/v2\/types\/page"}],"author":[{"embeddable":true,"href":"https:\/\/www.unemi.edu.ec\/index.php\/wp-json\/wp\/v2\/users\/35"}],"replies":[{"embeddable":true,"href":"https:\/\/www.unemi.edu.ec\/index.php\/wp-json\/wp\/v2\/comments?post=51384"}],"version-history":[{"count":6,"href":"https:\/\/www.unemi.edu.ec\/index.php\/wp-json\/wp\/v2\/pages\/51384\/revisions"}],"predecessor-version":[{"id":52399,"href":"https:\/\/www.unemi.edu.ec\/index.php\/wp-json\/wp\/v2\/pages\/51384\/revisions\/52399"}],"wp:featuredmedia":[{"embeddable":true,"href":"https:\/\/www.unemi.edu.ec\/index.php\/wp-json\/wp\/v2\/media\/49584"}],"wp:attachment":[{"href":"https:\/\/www.unemi.edu.ec\/index.php\/wp-json\/wp\/v2\/media?parent=51384"}],"curies":[{"name":"wp","href":"https:\/\/api.w.org\/{rel}","templated":true}]}}