{"id":49562,"date":"2025-09-02T18:05:43","date_gmt":"2025-09-02T23:05:43","guid":{"rendered":"https:\/\/www.unemi.edu.ec\/?page_id=49562"},"modified":"2025-10-27T10:18:32","modified_gmt":"2025-10-27T15:18:32","slug":"concurso-partidasloes-sept2025","status":"publish","type":"page","link":"https:\/\/www.unemi.edu.ec\/index.php\/concurso-partidasloes-sept2025\/","title":{"rendered":"CONVOCATORIA A CONCURSO DE M\u00c9RITOS Y OPOSICI\u00d3N: PERSONAL ACAD\u00c9MICO TITULAR DE LA UNIVERSIDAD ESTATAL DE MILAGRO &#8211; SEPTIEMBRE 2025"},"content":{"rendered":"[vc_row full_width=&#8221;stretch_row&#8221; css=&#8221;.vc_custom_1618632154446{margin-top: -40px !important;background-image: url(https:\/\/www.unemi.edu.ec\/wp-content\/uploads\/2020\/12\/Herader-Web-unemi-junio-2020.png?id=24324) !important;background-position: center !important;background-repeat: no-repeat !important;background-size: cover !important;}&#8221;][vc_column][gt3_spacing height=&#8221;45px&#8221;][gt3_spacing height=&#8221;30&#8243;][vc_column_text]\n<p style=\"text-align: center;\"><span style=\"font-size: 24pt;\"><strong>CONVOCATORIA PARA CONCURSO DE M\u00c9RITOS Y OPOSICI\u00d3N:<br \/>\n<\/strong>PERSONAL ACAD\u00c9MICO TITULAR DE LA UNIVERSIDAD ESTATAL DE MILAGRO &#8211; SEPTIEMBRE 2025<\/span>[\/vc_column_text][gt3_spacing height=&#8221;45px&#8221;][\/vc_column][\/vc_row][vc_row][vc_column][gt3_spacing height=&#8221;32px&#8221;][vc_tta_tabs active_section=&#8221;1&#8243;][vc_tta_section i_icon_fontawesome=&#8221;fas fa-check-circle&#8221; add_icon=&#8221;true&#8221; title=&#8221;Resoluci\u00f3n&#8221; tab_id=&#8221;1626469540781-b0a010d5-fb97&#8243;][vc_column_text]<a href=\"https:\/\/www.unemi.edu.ec\/wp-content\/uploads\/2025\/10\/resoluciOn_ocs-so-20-2025-n\u00b04_1.pdf\" class=\"pdfemb-viewer\" style=\"width:1080px;height:1080px;\" data-width=\"1080\" data-height=\"1080\" data-toolbar=\"bottom\" data-toolbar-fixed=\"on\">resoluciOn_ocs-so-20-2025-n\u00b04_1<\/a>[\/vc_column_text][gt3_spacing height=&#8221;32px&#8221;][gt3_button button_title=&#8221;Descargar resoluci\u00f3n&#8221; button_alignment=&#8221;block&#8221; btn_border_width=&#8221;2px&#8221; btn_icon_type=&#8221;font&#8221; btn_icon_fontawesome=&#8221;fas fa-file-pdf&#8221; icon_font_size=&#8221;24&#8243; btn_font_size=&#8221;20&#8243; link=&#8221;url:https%3A%2F%2Fwww.unemi.edu.ec%2Fwp-content%2Fuploads%2F2025%2F10%2FresoluciOn_ocs-so-20-2025-n%C2%B04_1.pdf|target:_blank&#8221;][\/vc_tta_section][vc_tta_section i_icon_fontawesome=&#8221;fas fa-check-circle&#8221; add_icon=&#8221;true&#8221; title=&#8221;Verificaci\u00f3n del m\u00e9rito&#8221; tab_id=&#8221;1761577924880-adac831a-5959&#8243;][vc_row_inner][vc_column_inner width=&#8221;2\/3&#8243;][gt3_spacing height=&#8221;32px&#8221;][vc_custom_heading text=&#8221;VERIFICACI\u00d3N DEL M\u00c9RITO&#8221; font_container=&#8221;tag:h2|text_align:center&#8221; google_fonts=&#8221;font_family:Montserrat%3Aregular%2C700|font_style:700%20bold%20regular%3A700%3Anormal&#8221; css_animation=&#8221;none&#8221;][vc_separator][gt3_spacing height=&#8221;20&#8243;][vc_column_text]\n<p style=\"text-align: justify;\" data-start=\"123\" data-end=\"597\">Conforme al cronograma establecido y al <strong>Instructivo para el concurso p\u00fablico de m\u00e9ritos y oposici\u00f3n del personal acad\u00e9mico y de apoyo acad\u00e9mico titular de la Universidad Estatal de Milagro<\/strong>, se procede con la publicaci\u00f3n y notificaci\u00f3n de los resultados correspondientes a la fase de verificaci\u00f3n de m\u00e9ritos. Los resultados individuales se encuentran disponibles en la plataforma <a href=\"https:\/\/concursodocente.unemi.edu.ec\/\" target=\"_blank\" rel=\"noopener\">https:\/\/concursodocente.unemi.edu.ec\/<\/a><\/p>\n<p style=\"text-align: justify;\" data-start=\"599\" data-end=\"779\">Se recuerda a los postulantes que es su responsabilidad dar seguimiento permanente a su participaci\u00f3n a trav\u00e9s de la plataforma tecnol\u00f3gica durante todas las etapas del concurso.<\/p>\n[\/vc_column_text][gt3_spacing height=&#8221;32px&#8221;][gt3_button button_title=&#8221;Ver resultados&#8221; button_alignment=&#8221;block&#8221; btn_border_width=&#8221;2px&#8221; btn_icon_type=&#8221;font&#8221; btn_icon_fontawesome=&#8221;fas fa-file-pdf&#8221; icon_font_size=&#8221;24&#8243; btn_font_size=&#8221;20&#8243; link=&#8221;url:https%3A%2F%2Fdrive.google.com%2Fdrive%2Ffolders%2F1hXAfyUpo86B1I-DKk7-qYv28_v6jTvZT%3Fusp%3Dsharing|target:_blank&#8221;][gt3_spacing height=&#8221;20&#8243;][vc_separator][gt3_spacing height=&#8221;32px&#8221;][vc_custom_heading text=&#8221;LA PARTICIPACI\u00d3N EN EL CONCURSO P\u00daBLICO DE M\u00c9RITOS Y OPOSICI\u00d3N SER\u00c1 GRATUITA&#8221; font_container=&#8221;tag:h3|text_align:center&#8221; google_fonts=&#8221;font_family:Montserrat%3Aregular%2C700|font_style:700%20bold%20regular%3A700%3Anormal&#8221; css_animation=&#8221;none&#8221;][gt3_spacing height=&#8221;32px&#8221;][vc_separator][\/vc_column_inner][vc_column_inner width=&#8221;1\/3&#8243;][gt3_spacing height=&#8221;32px&#8221;][gt3_button button_title=&#8221;Cronograma actualizado&#8221; button_alignment=&#8221;block&#8221; btn_border_width=&#8221;2px&#8221; btn_icon_type=&#8221;font&#8221; btn_icon_fontawesome=&#8221;fas fa-calendar-day&#8221; icon_font_size=&#8221;24&#8243; btn_font_size=&#8221;20&#8243; link=&#8221;url:https%3A%2F%2Fwww.unemi.edu.ec%2Fwp-content%2Fuploads%2F2025%2F09%2F1.-Cronograma_concursosUNEMI-1.pdf|target:_blank&#8221;][gt3_button button_title=&#8221;Bases del concurso&#8221; button_alignment=&#8221;block&#8221; btn_border_width=&#8221;2px&#8221; btn_icon_type=&#8221;font&#8221; btn_icon_fontawesome=&#8221;fas fa-file-alt&#8221; icon_font_size=&#8221;24&#8243; btn_font_size=&#8221;20&#8243; link=&#8221;url:https%3A%2F%2Fwww.unemi.edu.ec%2Fwp-content%2Fuploads%2F2025%2F09%2F2.-Bases-Concurso-Unemi-1.pdf|target:_blank&#8221;][gt3_button button_title=&#8221;Partidas disponibles&#8221; button_alignment=&#8221;block&#8221; btn_border_width=&#8221;2px&#8221; btn_icon_type=&#8221;font&#8221; btn_icon_fontawesome=&#8221;fas fa-file-alt&#8221; icon_font_size=&#8221;24&#8243; btn_font_size=&#8221;20&#8243; link=&#8221;url:https%3A%2F%2Fwww.unemi.edu.ec%2Fwp-content%2Fuploads%2F2025%2F09%2F2.-Convocatoria_General_concursoUNEMI-1.pdf|target:_blank&#8221;][gt3_spacing height=&#8221;32px&#8221;][vc_custom_heading text=&#8221;Normativa&#8221; font_container=&#8221;tag:h2|text_align:center&#8221; google_fonts=&#8221;font_family:Montserrat%3Aregular%2C700|font_style:700%20bold%20regular%3A700%3Anormal&#8221; css_animation=&#8221;none&#8221;][vc_separator][gt3_spacing height=&#8221;20&#8243;][gt3_button button_title=&#8221;Memorando Nro. UNEMI-R-2025-3234-MEM&#8221; button_alignment=&#8221;block&#8221; btn_border_width=&#8221;2px&#8221; btn_icon_type=&#8221;font&#8221; btn_icon_fontawesome=&#8221;fas fa-file-alt&#8221; icon_font_size=&#8221;24&#8243; btn_font_size=&#8221;20&#8243; link=&#8221;url:https%3A%2F%2Fwww.unemi.edu.ec%2Fwp-content%2Fuploads%2F2025%2F10%2FUNEMI-R-2025-3234-MEM.pdf|target:_blank&#8221;][gt3_button button_title=&#8221;Resoluci\u00f3n OCS-SO-13-2025-No2&#8243; button_alignment=&#8221;block&#8221; btn_border_width=&#8221;2px&#8221; btn_icon_type=&#8221;font&#8221; btn_icon_fontawesome=&#8221;fas fa-file-alt&#8221; icon_font_size=&#8221;24&#8243; btn_font_size=&#8221;20&#8243; link=&#8221;url:https%3A%2F%2Fwww.unemi.edu.ec%2Fwp-content%2Fuploads%2F2025%2F09%2FRESOLUCION-OCS-SO-13-2025-No2-1.pdf|target:_blank&#8221;][gt3_button button_title=&#8221;Resoluci\u00f3n OCS-SO-15-2025-No1&#8243; button_alignment=&#8221;block&#8221; btn_border_width=&#8221;2px&#8221; btn_icon_type=&#8221;font&#8221; btn_icon_fontawesome=&#8221;fas fa-file-alt&#8221; icon_font_size=&#8221;24&#8243; btn_font_size=&#8221;20&#8243; link=&#8221;url:https%3A%2F%2Fwww.unemi.edu.ec%2Fwp-content%2Fuploads%2F2025%2F09%2FRESOLUCION-OCS-SO-15-2025-N%C2%B01-1.pdf|target:_blank&#8221;][gt3_button button_title=&#8221;Reglamento de carrera y escalaf\u00f3n del personal acad\u00e9mico de la Universidad Estatal de Milagro&#8221; button_alignment=&#8221;center&#8221; btn_border_width=&#8221;2px&#8221; btn_icon_type=&#8221;font&#8221; btn_icon_fontawesome=&#8221;fas fa-file-alt&#8221; icon_font_size=&#8221;24&#8243; btn_font_size=&#8221;20&#8243; link=&#8221;url:https%3A%2F%2Fwww.unemi.edu.ec%2Fwp-content%2Fuploads%2F2025%2F09%2FREGLAMENTO-DE-CARRERA-Y-ESCALAFON-DEL-PERSONAL-ACADEMICO-DE-LA-UNIVERSIDAD-ESTATAL-DE-MILAGRO-v1.08.pdf|target:_blank&#8221;][gt3_button button_title=&#8221;Instructivo para el concurso p\u00fablico de m\u00e9ritos y oposici\u00f3n del personal acad\u00e9mico y del personal de apoyo acad\u00e9mico titular de la Universidad Estatal de Milagro.&#8221; button_alignment=&#8221;center&#8221; btn_border_width=&#8221;2px&#8221; btn_icon_type=&#8221;font&#8221; btn_icon_fontawesome=&#8221;fas fa-file-alt&#8221; icon_font_size=&#8221;24&#8243; btn_font_size=&#8221;20&#8243; link=&#8221;url:https%3A%2F%2Fwww.unemi.edu.ec%2Fwp-content%2Fuploads%2F2025%2F09%2FINSTRUCTIVO-PARA-EL-CONCURSO-PUBLICO-DE-MERITOS-Y-OPOSICION-DEL-PERSONAL-ACADEMICO-Y-EL-PERSONAL-DE-APOYO-ACADEMICO-TITULAR-DE-LA-UNIVERSIDAD-ESTATAL-DE-MILAGRO-v1-1.pdf|target:_blank&#8221;][\/vc_column_inner][\/vc_row_inner][\/vc_tta_section][vc_tta_section i_icon_fontawesome=&#8221;fas fa-check-circle&#8221; add_icon=&#8221;true&#8221; title=&#8221;Convocatoria&#8221; tab_id=&#8221;1759292383969-562db3cc-6b69&#8243;][vc_row_inner][vc_column_inner width=&#8221;2\/3&#8243;][gt3_spacing height=&#8221;32px&#8221;][vc_custom_heading text=&#8221;CONVOCATORIA&#8221; font_container=&#8221;tag:h2|text_align:center&#8221; google_fonts=&#8221;font_family:Montserrat%3Aregular%2C700|font_style:700%20bold%20regular%3A700%3Anormal&#8221; css_animation=&#8221;none&#8221;][vc_separator][gt3_spacing height=&#8221;20&#8243;][vc_column_text]\n<p style=\"text-align: justify;\">La Universidad Estatal de Milagro, en cumplimiento de la Constituci\u00f3n de la Rep\u00fablica del Ecuador; la Ley Org\u00e1nica de Educaci\u00f3n Superior; el Reglamento de Carrera y Escalaf\u00f3n del Personal Acad\u00e9mico del Sistema de Educaci\u00f3n Superior; el Reglamento de Carrera y Escalaf\u00f3n del Personal Acad\u00e9mico de la Universidad Estatal de Milagro; el Instructivo para el Concurso P\u00fablico de M\u00e9ritos y Oposici\u00f3n del Personal Acad\u00e9mico y el Personal de Apoyo Acad\u00e9mico Titular de la Universidad Estatal de Milagro; y, de conformidad con lo aprobado por el \u00d3rgano Colegiado Superior mediante <strong>RESOLUCI\u00d3N OCS-SO-13-2025-N\u00b02<\/strong>, de fecha 29 de agosto del 2025, <strong>CONVOCA al CONCURSO DE M\u00c9RITOS Y OPOSICI\u00d3N<\/strong> para llenar <strong>100 vacantes<\/strong> en el cargo de <strong>PROFESOR AUXILIAR 1 TIEMPO COMPLETO<\/strong>, en las siguientes facultades:<\/p>\n<ul>\n<li>Facultad de Ciencias Sociales, Educaci\u00f3n Comercial y Derecho<\/li>\n<li>Facultad de Ciencias e Ingenier\u00edas<\/li>\n<li>Facultad de Salud y Serivicios Sociales;<\/li>\n<li>Facultad de Educaci\u00f3n.<\/li>\n<\/ul>\n[\/vc_column_text][gt3_spacing height=&#8221;32px&#8221;][vc_custom_heading text=&#8221;PARTIDAS DISPONIBLES&#8221; font_container=&#8221;tag:h2|text_align:center&#8221; google_fonts=&#8221;font_family:Montserrat%3Aregular%2C700|font_style:700%20bold%20regular%3A700%3Anormal&#8221; css_animation=&#8221;none&#8221;][vc_separator][gt3_spacing height=&#8221;20&#8243;][vc_column_text]\n<table id=\"table\" class=\" alignleft\" style=\"width: 100%;\">\n<tbody>\n<tr style=\"height: 24px;\">\n<th style=\"height: 24px; text-align: center; width: 14.9618%;\">VACANTES<\/th>\n<th style=\"height: 24px; text-align: center; width: 40.458%;\">DENOMINACI\u00d3N DEL PUESTO<\/th>\n<th style=\"height: 24px; text-align: center; width: 19.542%;\">DEDICACI\u00d3N<\/th>\n<th style=\"height: 24px; text-align: center; width: 23.3588%;\">REMUNERACI\u00d3N<\/th>\n<\/tr>\n<tr style=\"height: 24px;\">\n<td style=\"text-align: center; height: 24px; width: 14.9618%;\">100<\/td>\n<td style=\"height: 24px; width: 40.458%;\"><strong>Profesor Titular Auxiliar 1<\/strong><\/td>\n<td style=\"text-align: center; height: 24px; width: 19.542%;\">Tiempo completo<br \/>\n(40 horas)<\/td>\n<td style=\"text-align: center; height: 24px; width: 23.3588%;\">$2034.00<\/td>\n<\/tr>\n<\/tbody>\n<\/table>\n[\/vc_column_text][gt3_spacing height=&#8221;32px&#8221;][vc_separator][gt3_spacing height=&#8221;32px&#8221;][vc_custom_heading text=&#8221;EL PROCESO DE POSTULACI\u00d3N Y PARTICIPACI\u00d3N EN EL CONCURSO P\u00daBLICO DE M\u00c9RITOS Y OPOSICI\u00d3N SER\u00c1 GRATUITO&#8221; font_container=&#8221;tag:h3|text_align:center&#8221; google_fonts=&#8221;font_family:Montserrat%3Aregular%2C700|font_style:700%20bold%20regular%3A700%3Anormal&#8221; css_animation=&#8221;none&#8221;][gt3_spacing height=&#8221;32px&#8221;][vc_separator][\/vc_column_inner][vc_column_inner width=&#8221;1\/3&#8243;][gt3_spacing height=&#8221;32px&#8221;][gt3_button button_title=&#8221;Post\u00falate aqu\u00ed&#8221; button_alignment=&#8221;block&#8221; btn_border_width=&#8221;2px&#8221; btn_icon_type=&#8221;font&#8221; btn_icon_fontawesome=&#8221;fas fa-user-plus&#8221; icon_font_size=&#8221;24&#8243; btn_font_size=&#8221;20&#8243; link=&#8221;url:https%3A%2F%2Fconcursodocente.unemi.edu.ec%2F|target:_blank&#8221;][gt3_button button_title=&#8221;Cronograma actualizado&#8221; button_alignment=&#8221;block&#8221; btn_border_width=&#8221;2px&#8221; btn_icon_type=&#8221;font&#8221; btn_icon_fontawesome=&#8221;fas fa-calendar-day&#8221; icon_font_size=&#8221;24&#8243; btn_font_size=&#8221;20&#8243; link=&#8221;url:https%3A%2F%2Fwww.unemi.edu.ec%2Fwp-content%2Fuploads%2F2025%2F09%2F1.-Cronograma_concursosUNEMI-1.pdf|target:_blank&#8221;][gt3_button button_title=&#8221;Bases del concurso&#8221; button_alignment=&#8221;block&#8221; btn_border_width=&#8221;2px&#8221; btn_icon_type=&#8221;font&#8221; btn_icon_fontawesome=&#8221;fas fa-file-alt&#8221; icon_font_size=&#8221;24&#8243; btn_font_size=&#8221;20&#8243; link=&#8221;url:https%3A%2F%2Fwww.unemi.edu.ec%2Fwp-content%2Fuploads%2F2025%2F09%2F2.-Bases-Concurso-Unemi-1.pdf|target:_blank&#8221;][gt3_button button_title=&#8221;Partidas disponibles&#8221; button_alignment=&#8221;block&#8221; btn_border_width=&#8221;2px&#8221; btn_icon_type=&#8221;font&#8221; btn_icon_fontawesome=&#8221;fas fa-file-alt&#8221; icon_font_size=&#8221;24&#8243; btn_font_size=&#8221;20&#8243; link=&#8221;url:https%3A%2F%2Fwww.unemi.edu.ec%2Fwp-content%2Fuploads%2F2025%2F09%2F2.-Convocatoria_General_concursoUNEMI-1.pdf|target:_blank&#8221;][gt3_spacing height=&#8221;32px&#8221;][vc_custom_heading text=&#8221;Normativa&#8221; font_container=&#8221;tag:h2|text_align:center&#8221; google_fonts=&#8221;font_family:Montserrat%3Aregular%2C700|font_style:700%20bold%20regular%3A700%3Anormal&#8221; css_animation=&#8221;none&#8221;][vc_separator][gt3_spacing height=&#8221;20&#8243;][gt3_button button_title=&#8221;Resoluci\u00f3n OCS-SO-13-2025-No2&#8243; button_alignment=&#8221;block&#8221; btn_border_width=&#8221;2px&#8221; btn_icon_type=&#8221;font&#8221; btn_icon_fontawesome=&#8221;fas fa-file-alt&#8221; icon_font_size=&#8221;24&#8243; btn_font_size=&#8221;20&#8243; link=&#8221;url:https%3A%2F%2Fwww.unemi.edu.ec%2Fwp-content%2Fuploads%2F2025%2F09%2FRESOLUCION-OCS-SO-13-2025-No2-1.pdf|target:_blank&#8221;][gt3_button button_title=&#8221;Resoluci\u00f3n OCS-SO-15-2025-No1&#8243; button_alignment=&#8221;block&#8221; btn_border_width=&#8221;2px&#8221; btn_icon_type=&#8221;font&#8221; btn_icon_fontawesome=&#8221;fas fa-file-alt&#8221; icon_font_size=&#8221;24&#8243; btn_font_size=&#8221;20&#8243; link=&#8221;url:https%3A%2F%2Fwww.unemi.edu.ec%2Fwp-content%2Fuploads%2F2025%2F09%2FRESOLUCION-OCS-SO-15-2025-N%C2%B01-1.pdf|target:_blank&#8221;][gt3_button button_title=&#8221;Reglamento de carrera y escalaf\u00f3n del personal acad\u00e9mico de la Universidad Estatal de Milagro&#8221; button_alignment=&#8221;center&#8221; btn_border_width=&#8221;2px&#8221; btn_icon_type=&#8221;font&#8221; btn_icon_fontawesome=&#8221;fas fa-file-alt&#8221; icon_font_size=&#8221;24&#8243; btn_font_size=&#8221;20&#8243; link=&#8221;url:https%3A%2F%2Fwww.unemi.edu.ec%2Fwp-content%2Fuploads%2F2025%2F09%2FREGLAMENTO-DE-CARRERA-Y-ESCALAFON-DEL-PERSONAL-ACADEMICO-DE-LA-UNIVERSIDAD-ESTATAL-DE-MILAGRO-v1.08.pdf|target:_blank&#8221;][gt3_button button_title=&#8221;Instructivo para el concurso p\u00fablico de m\u00e9ritos y oposici\u00f3n del personal acad\u00e9mico y del personal de apoyo acad\u00e9mico titular de la Universidad Estatal de Milagro.&#8221; button_alignment=&#8221;center&#8221; btn_border_width=&#8221;2px&#8221; btn_icon_type=&#8221;font&#8221; btn_icon_fontawesome=&#8221;fas fa-file-alt&#8221; icon_font_size=&#8221;24&#8243; btn_font_size=&#8221;20&#8243; link=&#8221;url:https%3A%2F%2Fwww.unemi.edu.ec%2Fwp-content%2Fuploads%2F2025%2F09%2FINSTRUCTIVO-PARA-EL-CONCURSO-PUBLICO-DE-MERITOS-Y-OPOSICION-DEL-PERSONAL-ACADEMICO-Y-EL-PERSONAL-DE-APOYO-ACADEMICO-TITULAR-DE-LA-UNIVERSIDAD-ESTATAL-DE-MILAGRO-v1-1.pdf|target:_blank&#8221;][\/vc_column_inner][\/vc_row_inner][\/vc_tta_section][\/vc_tta_tabs][\/vc_column][\/vc_row]\n","protected":false},"excerpt":{"rendered":"<p>[vc_row full_width=&#8221;stretch_row&#8221; css=&#8221;.vc_custom_1618632154446{margin-top: -40px !important;background-image: url(https:\/\/www.unemi.edu.ec\/wp-content\/uploads\/2020\/12\/Herader-Web-unemi-junio-2020.png?id=24324) !important;background-position: center !important;background-repeat: no-repeat !important;background-size: cover !important;}&#8221;][vc_column][gt3_spacing height=&#8221;45px&#8221;][gt3_spacing height=&#8221;30&#8243;][vc_column_text] CONVOCATORIA PARA CONCURSO DE M\u00c9RITOS Y OPOSICI\u00d3N: PERSONAL ACAD\u00c9MICO TITULAR DE LA UNIVERSIDAD ESTATAL DE [&hellip;]<\/p>\n","protected":false},"author":35,"featured_media":49584,"parent":0,"menu_order":0,"comment_status":"closed","ping_status":"closed","template":"","meta":{"_joinchat":[],"footnotes":""},"class_list":["post-49562","page","type-page","status-publish","has-post-thumbnail","hentry"],"_links":{"self":[{"href":"https:\/\/www.unemi.edu.ec\/index.php\/wp-json\/wp\/v2\/pages\/49562","targetHints":{"allow":["GET"]}}],"collection":[{"href":"https:\/\/www.unemi.edu.ec\/index.php\/wp-json\/wp\/v2\/pages"}],"about":[{"href":"https:\/\/www.unemi.edu.ec\/index.php\/wp-json\/wp\/v2\/types\/page"}],"author":[{"embeddable":true,"href":"https:\/\/www.unemi.edu.ec\/index.php\/wp-json\/wp\/v2\/users\/35"}],"replies":[{"embeddable":true,"href":"https:\/\/www.unemi.edu.ec\/index.php\/wp-json\/wp\/v2\/comments?post=49562"}],"version-history":[{"count":36,"href":"https:\/\/www.unemi.edu.ec\/index.php\/wp-json\/wp\/v2\/pages\/49562\/revisions"}],"predecessor-version":[{"id":50998,"href":"https:\/\/www.unemi.edu.ec\/index.php\/wp-json\/wp\/v2\/pages\/49562\/revisions\/50998"}],"wp:featuredmedia":[{"embeddable":true,"href":"https:\/\/www.unemi.edu.ec\/index.php\/wp-json\/wp\/v2\/media\/49584"}],"wp:attachment":[{"href":"https:\/\/www.unemi.edu.ec\/index.php\/wp-json\/wp\/v2\/media?parent=49562"}],"curies":[{"name":"wp","href":"https:\/\/api.w.org\/{rel}","templated":true}]}}