{"id":45913,"date":"2025-01-15T12:00:06","date_gmt":"2025-01-15T17:00:06","guid":{"rendered":"https:\/\/www.unemi.edu.ec\/?page_id=45913"},"modified":"2026-02-12T11:22:39","modified_gmt":"2026-02-12T16:22:39","slug":"documentos-institucionales-2025","status":"publish","type":"page","link":"https:\/\/www.unemi.edu.ec\/index.php\/documentos-institucionales-2025\/","title":{"rendered":"Documentos Institucionales 2025"},"content":{"rendered":"<p><span style=\"font-size: 12pt;\"><a href=\"https:\/\/www.unemi.edu.ec\/index.php\/base-legal-que-la-rige\/\">Base legal que la rige<\/a><br \/>\n<\/span><span style=\"font-size: 12pt;\"><a href=\"https:\/\/www.unemi.edu.ec\/index.php\/documentos-institucionales-2025\/resoluciones-ocs-2025\/\" target=\"_blank\" rel=\"noopener noreferrer\">Resoluciones del \u00d3rgano Colegiado Superior &#8211; OCS<\/a><br \/>\n<\/span><span style=\"font-size: 12pt;\"><a href=\"https:\/\/www.unemi.edu.ec\/index.php\/informacion-administrativa\/\">Informaci\u00f3n Administrativa<\/a><br \/>\n<\/span><span style=\"font-size: 12pt;\"><a href=\"https:\/\/www.unemi.edu.ec\/index.php\/documentos-institucionales-2025\/informacion-financiera-2025\/\">Informaci\u00f3n Financiera<\/a><br \/>\n<\/span><span style=\"font-size: 12pt;\"><a href=\"https:\/\/www.unemi.edu.ec\/index.php\/informacion-laboral\/\">Informaci\u00f3n Laboral<\/a><br \/>\n<\/span><span style=\"font-size: 12pt;\"><a href=\"https:\/\/www.unemi.edu.ec\/index.php\/documentos-institucionales-2025\/planificacion-institucional-2025\/\">Planificaci\u00f3n Institucional<\/a><br \/>\n<\/span><span style=\"font-size: 12pt;\"><span><a href=\"https:\/\/www.unemi.edu.ec\/wp-content\/uploads\/2023\/09\/Manual-de-Usuario_Servicios-de-Secretaria.pdf\">Manual para solicitud de certificaciones<\/a><br \/>\n<\/span><\/span><span style=\"font-size: 12pt;\"><a href=\"https:\/\/www.unemi.edu.ec\/index.php\/servicios-que-ofrece\/\">Servicios que ofrece<\/a><br \/>\n<\/span><span style=\"font-size: 12pt;\"><a href=\"https:\/\/www.unemi.edu.ec\/index.php\/examenes-especiales-y-cumplimiento-de-recomendaciones-de-auditoria-interna-y-gubernamental\/\">Ex\u00e1menes especiales y cumplimiento de recomendaciones de Auditoria Interna y Gubernamental<\/a><br \/>\n<\/span><span style=\"font-size: 12pt;\"><a href=\"https:\/\/www.unemi.edu.ec\/wp-content\/uploads\/2025\/07\/Informe-de-Gestion-Institucional-2024-UNEMI.pdf\" target=\"_blank\" rel=\"noopener noreferrer\">Mecanismos de rendici\u00f3n de cuentas a la ciudadan\u00eda<\/a><br \/>\n<\/span><span style=\"font-size: 12pt;\"><a href=\"\/wp-content\/uploads\/2018\/09\/solicitud-acceso-a-la-informacion-unemi.pdf\" target=\"_blank\" rel=\"noopener noreferrer\">Solicitud de acceso a la informaci\u00f3n p\u00fablica<\/a><br \/>\n<\/span><span style=\"font-size: 12pt;\"><a href=\"https:\/\/www.unemi.edu.ec\/wp-content\/uploads\/2026\/02\/UNEMI-DCI-2025-004-MEM-signed.pdf\">Designaci\u00f3n del Comit\u00e9 de Transparencia Institucional<\/a><br \/>\n<\/span><span style=\"font-size: 12pt;\"><a href=\"https:\/\/www.unemi.edu.ec\/index.php\/difusion-y-comunicacion-de-la-gestion-institucional\/\">Difusi\u00f3n y comunicaci\u00f3n de la Gesti\u00f3n Institucional<\/a><\/span><\/p>\n<p><strong>Informaci\u00f3n estudiantil<\/strong><\/p>\n<ul>\n<li><a href=\"https:\/\/www.unemi.edu.ec\/wp-content\/uploads\/2026\/02\/Estudiantes-de-nivelacion-grado-y-posgrado-2025.pdf\">Estudiantes de Nivelaci\u00f3n &#8211; Grado &#8211; Posgrado UNEMI 2025<\/a><\/li>\n<\/ul>\n<p><strong>Investigaci\u00f3n<\/strong><\/p>\n<ul>\n<li>Convocatoria de Proyectos de Investigaci\u00f3n 2025<\/li>\n<\/ul>\n<p><strong>Vinculaci\u00f3n<\/strong><\/p>\n<ul>\n<li>Pr\u00e1cticas preprofesionales 2025<\/li>\n<li>Proyectos de vinculaci\u00f3n 2025<\/li>\n<li>Formaci\u00f3n y emprendimiento en la comunidad 2025<\/li>\n<\/ul>\n<p><strong>Cumplimiento de obligaciones laborales y tributarias<\/strong><\/p>\n<ul>\n<li><a href=\"https:\/\/www.unemi.edu.ec\/wp-content\/uploads\/2026\/02\/Cumplimiento-de-obligaciones-laborales-y-tributarias.pdf\">Certificados de cumplimiento 2025<\/a><\/li>\n<\/ul>\n<p>&nbsp;<\/p>\n","protected":false},"excerpt":{"rendered":"<p>Base legal que la rige Resoluciones del \u00d3rgano Colegiado Superior &#8211; OCS Informaci\u00f3n Administrativa Informaci\u00f3n Financiera Informaci\u00f3n Laboral Planificaci\u00f3n Institucional Manual para solicitud de certificaciones Servicios que ofrece Ex\u00e1menes especiales [&hellip;]<\/p>\n","protected":false},"author":34,"featured_media":0,"parent":0,"menu_order":0,"comment_status":"closed","ping_status":"closed","template":"","meta":{"_joinchat":[],"footnotes":""},"class_list":["post-45913","page","type-page","status-publish","hentry"],"_links":{"self":[{"href":"https:\/\/www.unemi.edu.ec\/index.php\/wp-json\/wp\/v2\/pages\/45913","targetHints":{"allow":["GET"]}}],"collection":[{"href":"https:\/\/www.unemi.edu.ec\/index.php\/wp-json\/wp\/v2\/pages"}],"about":[{"href":"https:\/\/www.unemi.edu.ec\/index.php\/wp-json\/wp\/v2\/types\/page"}],"author":[{"embeddable":true,"href":"https:\/\/www.unemi.edu.ec\/index.php\/wp-json\/wp\/v2\/users\/34"}],"replies":[{"embeddable":true,"href":"https:\/\/www.unemi.edu.ec\/index.php\/wp-json\/wp\/v2\/comments?post=45913"}],"version-history":[{"count":14,"href":"https:\/\/www.unemi.edu.ec\/index.php\/wp-json\/wp\/v2\/pages\/45913\/revisions"}],"predecessor-version":[{"id":52278,"href":"https:\/\/www.unemi.edu.ec\/index.php\/wp-json\/wp\/v2\/pages\/45913\/revisions\/52278"}],"wp:attachment":[{"href":"https:\/\/www.unemi.edu.ec\/index.php\/wp-json\/wp\/v2\/media?parent=45913"}],"curies":[{"name":"wp","href":"https:\/\/api.w.org\/{rel}","templated":true}]}}