{"id":38620,"date":"2024-01-15T09:32:24","date_gmt":"2024-01-15T14:32:24","guid":{"rendered":"https:\/\/www.unemi.edu.ec\/?page_id=38620"},"modified":"2025-01-06T17:28:50","modified_gmt":"2025-01-06T22:28:50","slug":"planificacion-institucional-2024","status":"publish","type":"page","link":"https:\/\/www.unemi.edu.ec\/index.php\/documentos-institucionales-2024\/planificacion-institucional-2024\/","title":{"rendered":"Planificaci\u00f3n Institucional 2024"},"content":{"rendered":"[vc_row css=&#8221;.vc_custom_1667854602688{padding-bottom: 50px !important;}&#8221;][vc_column][vc_column_text]\n<h2><strong>Planificaci\u00f3n Institucional 2024<\/strong><\/h2>\n<p style=\"padding-left: 40px;\"><span><a href=\"https:\/\/www.unemi.edu.ec\/wp-content\/uploads\/2022\/09\/PEDI-2022-2025-version-resumen.pdf\">Plan Estrat\u00e9gico de Desarrollo Institucional \u2013 PEDI 2022-2025 (Versi\u00f3n resumen)<\/a><br \/>\n<a href=\"https:\/\/www.unemi.edu.ec\/wp-content\/uploads\/2024\/05\/Articulacion-Instrumentos-Planificacion.pdf\">Articulaci\u00f3n de Instrumentos de Planificaci\u00f3n<\/a><br \/>\n<a href=\"https:\/\/www.unemi.edu.ec\/wp-content\/uploads\/2024\/02\/POA-2024.pdf\">Plan Operativo Anual 2024 (Inicial)<\/a><br \/>\n<\/span><span><a href=\"https:\/\/www.unemi.edu.ec\/wp-content\/uploads\/2024\/05\/POA-2024-actualizado.pdf\">Plan Operativo Anual 2024 (Actualizado)<\/a><br \/>\n<\/span><\/p>\n[\/vc_column_text][gt3_spacing height=&#8221;25&#8243;][vc_separator][gt3_spacing height=&#8221;25&#8243;][vc_column_text]\n<h2><strong>Plan Anual de Inversiones 2024<\/strong><\/h2>\n<p style=\"padding-left: 40px;\"><a href=\"https:\/\/www.unemi.edu.ec\/wp-content\/uploads\/2024\/11\/PAI-2024-act-31-10-2024-signed-signed-1.pdf\">Plan Anual de Inversiones 2024<\/a><br \/>\n<a href=\"https:\/\/www.unemi.edu.ec\/wp-content\/uploads\/2024\/02\/PAI-UNEMI-2024.pdf\">Proyecto: Fortalecimiento de Aulas y Laboratorios para Actividades de Docencia e Investigaci\u00f3n de la Universidad\u00a0Estatal de Milagro<\/a><\/p>\n[\/vc_column_text][gt3_spacing height=&#8221;25&#8243;][vc_separator][gt3_spacing height=&#8221;25&#8243;][vc_column_text]\n<h2><strong>Plan Anual de Compras (PAC 2024)<\/strong><\/h2>\n<p style=\"padding-left: 30px;\"><a href=\"https:\/\/www.unemi.edu.ec\/wp-content\/uploads\/2024\/01\/PAC-2024.pdf\">PAC Inicial<\/a><br \/>\n<a href=\"https:\/\/www.unemi.edu.ec\/wp-content\/uploads\/2024\/01\/RESOLUCION-OCS-SO-21-2023-No2-1.pdf\">RESOLUCI\u00d3N OCS-SO-21-2023-No2<\/a><\/p>\n<p style=\"padding-left: 30px;\"><a href=\"https:\/\/www.unemi.edu.ec\/wp-content\/uploads\/2024\/02\/Detalle-del-Plan-Anual-de-Contratacion.pdf\">PAC reformado a enero del 2024<\/a><br \/>\n<a href=\"https:\/\/www.unemi.edu.ec\/wp-content\/uploads\/2024\/03\/Detalle-del-Plan-Anual-de-Contratacion.pdf\">PAC reformado a febrero del 2024<\/a><br \/>\n<a href=\"https:\/\/www.unemi.edu.ec\/wp-content\/uploads\/2024\/04\/Detalle-del-Plan-Anual-de-Contratacion.pdf\">PAC reformado a marzo del 2024<\/a><br \/>\n<a href=\"https:\/\/www.unemi.edu.ec\/wp-content\/uploads\/2024\/05\/Plan-Anual-de-Contratacion.pdf\">PAC reformado a abril del 2024<\/a><br \/>\n<a href=\"https:\/\/www.unemi.edu.ec\/wp-content\/uploads\/2024\/06\/Plan-Anual-de-Contratacion-2.pdf\">PAC reformado a mayo del 2024<\/a><br \/>\n<a href=\"https:\/\/www.unemi.edu.ec\/wp-content\/uploads\/2024\/07\/Plan-Anual-de-Contratacion.pdf\">PAC reformado a junio del 2024<\/a><br \/>\n<a href=\"https:\/\/www.unemi.edu.ec\/wp-content\/uploads\/2024\/08\/Plan-Anual-de-Contratacion.pdf\">PAC reformado a julio del 2024<\/a><br \/>\n<a href=\"https:\/\/www.unemi.edu.ec\/wp-content\/uploads\/2024\/09\/PAC-2024.pdf\">PAC reformado a agosto del 2024<\/a><br \/>\n<a href=\"https:\/\/www.unemi.edu.ec\/wp-content\/uploads\/2024\/10\/PAC-2024-.pdf\">PAC reformado a septiembre del 2024<\/a><br \/>\n<a href=\"https:\/\/www.unemi.edu.ec\/wp-content\/uploads\/2024\/11\/Detalle-del-Plan-Anual-de-Contratacion.pdf\">PAC reformado a octubre del 2024<\/a><br \/>\n<a href=\"https:\/\/www.unemi.edu.ec\/wp-content\/uploads\/2024\/12\/Detalle-del-Plan-Anual-de-Contratacion-nov.pdf\">PAC reformado a noviembre del 2024<\/a><br \/>\n<a href=\"https:\/\/www.unemi.edu.ec\/wp-content\/uploads\/2025\/01\/Detalle-del-Plan-Anual-de-Contratacion-1.pdf\">PAC reformado a diciembre del 2024<\/a><\/p>\n<div>Reporte de procesos de compras 2024<\/div>\n[\/vc_column_text][gt3_spacing height=&#8221;25&#8243;][\/vc_column][\/vc_row]\n","protected":false},"excerpt":{"rendered":"<p>[vc_row css=&#8221;.vc_custom_1667854602688{padding-bottom: 50px !important;}&#8221;][vc_column][vc_column_text] Planificaci\u00f3n Institucional 2024 Plan Estrat\u00e9gico de Desarrollo Institucional \u2013 PEDI 2022-2025 (Versi\u00f3n resumen) Articulaci\u00f3n de Instrumentos de Planificaci\u00f3n Plan Operativo Anual 2024 (Inicial) Plan Operativo Anual [&hellip;]<\/p>\n","protected":false},"author":34,"featured_media":34282,"parent":38583,"menu_order":0,"comment_status":"closed","ping_status":"closed","template":"","meta":{"_joinchat":[],"footnotes":""},"class_list":["post-38620","page","type-page","status-publish","has-post-thumbnail","hentry"],"_links":{"self":[{"href":"https:\/\/www.unemi.edu.ec\/index.php\/wp-json\/wp\/v2\/pages\/38620","targetHints":{"allow":["GET"]}}],"collection":[{"href":"https:\/\/www.unemi.edu.ec\/index.php\/wp-json\/wp\/v2\/pages"}],"about":[{"href":"https:\/\/www.unemi.edu.ec\/index.php\/wp-json\/wp\/v2\/types\/page"}],"author":[{"embeddable":true,"href":"https:\/\/www.unemi.edu.ec\/index.php\/wp-json\/wp\/v2\/users\/34"}],"replies":[{"embeddable":true,"href":"https:\/\/www.unemi.edu.ec\/index.php\/wp-json\/wp\/v2\/comments?post=38620"}],"version-history":[{"count":21,"href":"https:\/\/www.unemi.edu.ec\/index.php\/wp-json\/wp\/v2\/pages\/38620\/revisions"}],"predecessor-version":[{"id":45836,"href":"https:\/\/www.unemi.edu.ec\/index.php\/wp-json\/wp\/v2\/pages\/38620\/revisions\/45836"}],"up":[{"embeddable":true,"href":"https:\/\/www.unemi.edu.ec\/index.php\/wp-json\/wp\/v2\/pages\/38583"}],"wp:featuredmedia":[{"embeddable":true,"href":"https:\/\/www.unemi.edu.ec\/index.php\/wp-json\/wp\/v2\/media\/34282"}],"wp:attachment":[{"href":"https:\/\/www.unemi.edu.ec\/index.php\/wp-json\/wp\/v2\/media?parent=38620"}],"curies":[{"name":"wp","href":"https:\/\/api.w.org\/{rel}","templated":true}]}}