{"id":38607,"date":"2024-01-15T09:21:30","date_gmt":"2024-01-15T14:21:30","guid":{"rendered":"https:\/\/www.unemi.edu.ec\/?page_id=38607"},"modified":"2025-05-26T17:44:51","modified_gmt":"2025-05-26T22:44:51","slug":"cedulas-presupuestarias-2024","status":"publish","type":"page","link":"https:\/\/www.unemi.edu.ec\/index.php\/documentos-institucionales-2024\/informacion-financiera-2024\/cedulas-presupuestarias-2024\/","title":{"rendered":"C\u00e9dulas Presupuestarias 2024"},"content":{"rendered":"<p><a href=\"https:\/\/www.unemi.edu.ec\/wp-content\/uploads\/2025\/05\/cedula-presupuestaria-enero-2024.pdf\">C\u00e9dula presupuestaria enero 2024<\/a><br \/>\n<a href=\"https:\/\/www.unemi.edu.ec\/wp-content\/uploads\/2025\/05\/cedula-presupuestaria-febrero-2024.pdf\">C\u00e9dula presupuestaria febrero 2024<\/a><br \/>\n<a href=\"https:\/\/www.unemi.edu.ec\/wp-content\/uploads\/2025\/05\/cedula-presupuestaria-marzo-2024.pdf\">C\u00e9dula presupuestaria marzo 2024<\/a><br \/>\n<a href=\"https:\/\/www.unemi.edu.ec\/wp-content\/uploads\/2025\/05\/cedula-presupuestaria-abril-2024.pdf\">C\u00e9dula presupuestaria abril 2024<\/a><br \/>\n<a href=\"https:\/\/www.unemi.edu.ec\/wp-content\/uploads\/2025\/05\/cedula-presupuestaria-mayo-2024.pdf\">C\u00e9dula presupuestaria mayo 2024<\/a><br \/>\n<a href=\"https:\/\/www.unemi.edu.ec\/wp-content\/uploads\/2025\/05\/cedula-presupuestaria-junio-2024.pdf\">C\u00e9dula presupuestaria junio 2024<\/a><br \/>\n<a href=\"https:\/\/www.unemi.edu.ec\/wp-content\/uploads\/2025\/05\/cedula-presupuestaria-julio-2024.pdf\">C\u00e9dula presupuestaria julio 2024<\/a><br \/>\n<a href=\"https:\/\/www.unemi.edu.ec\/wp-content\/uploads\/2025\/05\/cedula-presupuestaria-agosto-2024.pdf\">C\u00e9dula presupuestaria agosto 2024<\/a><br \/>\n<a href=\"https:\/\/www.unemi.edu.ec\/wp-content\/uploads\/2025\/05\/cedula-presupuestaria-septiembre-2024.pdf\">C\u00e9dula presupuestaria septiembre 2024<\/a><br \/>\n<a href=\"https:\/\/www.unemi.edu.ec\/wp-content\/uploads\/2025\/05\/cedula-presupuestaria-octubre-2024.pdf\">C\u00e9dula presupuestaria octubre 2024<\/a><br \/>\n<a href=\"https:\/\/www.unemi.edu.ec\/wp-content\/uploads\/2025\/05\/cedula-presupuestaria-noviembre-2024.pdf\">C\u00e9dula presupuestaria noviembre 2024<\/a><br \/>\n<a href=\"https:\/\/www.unemi.edu.ec\/wp-content\/uploads\/2025\/05\/cedula-presupuestaria-diciembre-2024.pdf\">C\u00e9dula presupuestaria diciembre 2024<\/a><\/p>\n","protected":false},"excerpt":{"rendered":"<p>C\u00e9dula presupuestaria enero 2024 C\u00e9dula presupuestaria febrero 2024 C\u00e9dula presupuestaria marzo 2024 C\u00e9dula presupuestaria abril 2024 C\u00e9dula presupuestaria mayo 2024 C\u00e9dula presupuestaria junio 2024 C\u00e9dula presupuestaria julio 2024 C\u00e9dula presupuestaria [&hellip;]<\/p>\n","protected":false},"author":34,"featured_media":0,"parent":38593,"menu_order":0,"comment_status":"closed","ping_status":"closed","template":"","meta":{"_joinchat":[],"footnotes":""},"class_list":["post-38607","page","type-page","status-publish","hentry"],"_links":{"self":[{"href":"https:\/\/www.unemi.edu.ec\/index.php\/wp-json\/wp\/v2\/pages\/38607","targetHints":{"allow":["GET"]}}],"collection":[{"href":"https:\/\/www.unemi.edu.ec\/index.php\/wp-json\/wp\/v2\/pages"}],"about":[{"href":"https:\/\/www.unemi.edu.ec\/index.php\/wp-json\/wp\/v2\/types\/page"}],"author":[{"embeddable":true,"href":"https:\/\/www.unemi.edu.ec\/index.php\/wp-json\/wp\/v2\/users\/34"}],"replies":[{"embeddable":true,"href":"https:\/\/www.unemi.edu.ec\/index.php\/wp-json\/wp\/v2\/comments?post=38607"}],"version-history":[{"count":5,"href":"https:\/\/www.unemi.edu.ec\/index.php\/wp-json\/wp\/v2\/pages\/38607\/revisions"}],"predecessor-version":[{"id":47817,"href":"https:\/\/www.unemi.edu.ec\/index.php\/wp-json\/wp\/v2\/pages\/38607\/revisions\/47817"}],"up":[{"embeddable":true,"href":"https:\/\/www.unemi.edu.ec\/index.php\/wp-json\/wp\/v2\/pages\/38593"}],"wp:attachment":[{"href":"https:\/\/www.unemi.edu.ec\/index.php\/wp-json\/wp\/v2\/media?parent=38607"}],"curies":[{"name":"wp","href":"https:\/\/api.w.org\/{rel}","templated":true}]}}