{"id":38593,"date":"2024-01-15T09:00:37","date_gmt":"2024-01-15T14:00:37","guid":{"rendered":"https:\/\/www.unemi.edu.ec\/?page_id=38593"},"modified":"2025-10-02T16:30:11","modified_gmt":"2025-10-02T21:30:11","slug":"informacion-financiera-2024","status":"publish","type":"page","link":"https:\/\/www.unemi.edu.ec\/index.php\/documentos-institucionales-2024\/informacion-financiera-2024\/","title":{"rendered":"Informaci\u00f3n Financiera 2024"},"content":{"rendered":"<h2><strong>Presupuesto Anual de la Instituci\u00f3n<\/strong><\/h2>\n<h3><strong>Procesos de Contrataci\u00f3n<\/strong><\/h3>\n<ul>\n<li><a href=\"https:\/\/www.unemi.edu.ec\/index.php\/documentos-institucionales-2024\/informacion-financiera-2024\/procesos-de-compras-2024\/\" target=\"_blank\" rel=\"noopener noreferrer\">Procesos de compras<\/a><\/li>\n<li><a href=\"https:\/\/www.unemi.edu.ec\/index.php\/documentos-institucionales-2024\/informacion-financiera-2024\/infimas-cuantias-2024\/\" target=\"_blank\" rel=\"noopener noreferrer\">\u00cdnfimas Cuant\u00edas<\/a><\/li>\n<\/ul>\n<h3><strong>\u00a0Ejecuci\u00f3n del Presupuesto<\/strong><\/h3>\n<ul>\n<li><a href=\"https:\/\/www.unemi.edu.ec\/wp-content\/uploads\/2025\/05\/2.1-APROBACION-PROFORMA-2024.pdf\">Aprobaci\u00f3n del presupuesto por OCS<\/a><\/li>\n<li><a href=\"https:\/\/www.unemi.edu.ec\/wp-content\/uploads\/2025\/05\/2.2-APROBACION-DE-REDISTRIBUCION-2024.pdf\">Aprobaci\u00f3n de redistribuci\u00f3n del presupuesto por OCS<\/a><\/li>\n<li><a href=\"https:\/\/www.unemi.edu.ec\/index.php\/documentos-institucionales-2024\/informacion-financiera-2024\/reporte-de-gastos-2024\/\">Reporte de Gastos 2024<\/a><\/li>\n<li><a href=\"https:\/\/www.unemi.edu.ec\/index.php\/documentos-institucionales-2024\/informacion-financiera-2024\/cedulas-presupuestarias-2024\/\">C\u00e9dulas Presupuestarias 2024<\/a><\/li>\n<li><a href=\"https:\/\/www.unemi.edu.ec\/index.php\/documentos-institucionales-2024\/informacion-financiera-2024\/listado-de-destinatarios-de-recursos-2024\/\">Listado de destinatarios de recursos 2024<\/a><\/li>\n<li><a href=\"https:\/\/www.unemi.edu.ec\/wp-content\/uploads\/2025\/04\/CEDULA-EJECUCION-2024.pdf\">Presupuesto 2024 liquidado<\/a><\/li>\n<li><a href=\"https:\/\/www.unemi.edu.ec\/wp-content\/uploads\/2024\/02\/presupuesto_liquidado_2023.pdf\">Presupuesto 2023 liquidado<\/a><\/li>\n<li><a href=\"https:\/\/www.unemi.edu.ec\/index.php\/documentos-institucionales-2024\/informacion-financiera-2024\/viaticos-2024\/\">Vi\u00e1ticos<\/a><\/li>\n<\/ul>\n<h3><strong>Obligaciones Tributarias<\/strong><\/h3>\n<ul>\n<li><a href=\"https:\/\/www.unemi.edu.ec\/wp-content\/uploads\/2025\/04\/Certificado_Cumplimiento_Tributario-2024.pdf\">Certificado de Cumplimiento Tributario 2024<\/a><\/li>\n<\/ul>\n<h3><strong>Estados financieros auditados<\/strong><\/h3>\n<ul>\n<li><a href=\"https:\/\/www.unemi.edu.ec\/wp-content\/uploads\/2025\/10\/Informe-y-Estados-Financieros-Auditados-ano-2024.pdf\">Informe y estados financieros auditados 2024<\/a><\/li>\n<\/ul>\n","protected":false},"excerpt":{"rendered":"<p>Presupuesto Anual de la Instituci\u00f3n Procesos de Contrataci\u00f3n Procesos de compras \u00cdnfimas Cuant\u00edas \u00a0Ejecuci\u00f3n del Presupuesto Aprobaci\u00f3n del presupuesto por OCS Aprobaci\u00f3n de redistribuci\u00f3n del presupuesto por OCS Reporte de [&hellip;]<\/p>\n","protected":false},"author":34,"featured_media":0,"parent":38583,"menu_order":0,"comment_status":"closed","ping_status":"closed","template":"","meta":{"_joinchat":[],"footnotes":""},"class_list":["post-38593","page","type-page","status-publish","hentry"],"_links":{"self":[{"href":"https:\/\/www.unemi.edu.ec\/index.php\/wp-json\/wp\/v2\/pages\/38593","targetHints":{"allow":["GET"]}}],"collection":[{"href":"https:\/\/www.unemi.edu.ec\/index.php\/wp-json\/wp\/v2\/pages"}],"about":[{"href":"https:\/\/www.unemi.edu.ec\/index.php\/wp-json\/wp\/v2\/types\/page"}],"author":[{"embeddable":true,"href":"https:\/\/www.unemi.edu.ec\/index.php\/wp-json\/wp\/v2\/users\/34"}],"replies":[{"embeddable":true,"href":"https:\/\/www.unemi.edu.ec\/index.php\/wp-json\/wp\/v2\/comments?post=38593"}],"version-history":[{"count":17,"href":"https:\/\/www.unemi.edu.ec\/index.php\/wp-json\/wp\/v2\/pages\/38593\/revisions"}],"predecessor-version":[{"id":50385,"href":"https:\/\/www.unemi.edu.ec\/index.php\/wp-json\/wp\/v2\/pages\/38593\/revisions\/50385"}],"up":[{"embeddable":true,"href":"https:\/\/www.unemi.edu.ec\/index.php\/wp-json\/wp\/v2\/pages\/38583"}],"wp:attachment":[{"href":"https:\/\/www.unemi.edu.ec\/index.php\/wp-json\/wp\/v2\/media?parent=38593"}],"curies":[{"name":"wp","href":"https:\/\/api.w.org\/{rel}","templated":true}]}}