{"id":36407,"date":"2023-08-25T11:51:22","date_gmt":"2023-08-25T16:51:22","guid":{"rendered":"https:\/\/www.unemi.edu.ec\/?page_id=36407"},"modified":"2023-08-25T21:09:26","modified_gmt":"2023-08-26T02:09:26","slug":"softech-investigacion-en-software-y-tecnologia","status":"publish","type":"page","link":"https:\/\/www.unemi.edu.ec\/index.php\/grupos-de-investigacion\/softech-investigacion-en-software-y-tecnologia\/","title":{"rendered":"SofTech: Investigaci\u00f3n en Software y Tecnolog\u00eda"},"content":{"rendered":"[vc_row][vc_column][gt3_spacing height=&#8221;75px&#8221;][vc_column_text]\n<h1 style=\"text-align: center;\">SofTech: Investigaci\u00f3n en Software y Tecnolog\u00eda<\/h1>\n[\/vc_column_text][gt3_spacing height=&#8221;75px&#8221;][\/vc_column][\/vc_row][vc_row css=&#8221;.vc_custom_1488197409817{padding-bottom: 30px !important;}&#8221;][vc_column width=&#8221;1\/2&#8243;][vc_single_image image=&#8221;36499&#8243; img_size=&#8221;full&#8221; alignment=&#8221;center&#8221;][gt3_spacing height=&#8221;50px&#8221;][\/vc_column][vc_column width=&#8221;1\/2&#8243;][vc_column_text]El grupo de investigaci\u00f3n en Software y Tecnolog\u00eda <strong>\u201cSOFTECH\u201d<\/strong> est\u00e1 compuesto por un equipo multidisciplinario de profesionales capacitados en el desarrollo de software y la investigaci\u00f3n de nuevas tecnolog\u00edas. Nos enfocamos en la exploraci\u00f3n y aplicaci\u00f3n de m\u00e9todos innovadores para mejorar la calidad y eficiencia del software, as\u00ed como en la identificaci\u00f3n de soluciones creativas a problemas complejos en la industria de la tecnolog\u00eda y los beneficios que esta ha brindado en la educaci\u00f3n. Adem\u00e1s, es de inter\u00e9s del grupo poder profundizar sobre el aporte que genera la industria de las tecnolog\u00edas al crecimiento econ\u00f3mico del pa\u00eds y su comparativa a nivel mundial.[\/vc_column_text][gt3_spacing height=&#8221;25px&#8221;][gt3_custom_text text_color=&#8221;#3c434b&#8221; font_size=&#8221;16&#8243;]\n<ul class=\"gt3_list_check_circle\">\n<li><span style=\"font-size: 12pt;\">Software<\/span><\/li>\n<li><span style=\"font-size: 12pt;\">Administraci\u00f3n<\/span><\/li>\n<li><span style=\"font-size: 12pt;\">Econom\u00eda<\/span><\/li>\n<li><span style=\"font-size: 12pt;\">Educaci\u00f3n<\/span><\/li>\n<\/ul>\n[\/gt3_custom_text][\/vc_column][vc_column][\/vc_column][\/vc_row][vc_row full_width=&#8221;stretch_row&#8221; css=&#8221;.vc_custom_1488193517190{padding-top: 87px !important;padding-bottom: 15px !important;background-color: #fafafa !important;}&#8221;][vc_column css=&#8221;.vc_custom_1487156853934{padding-top: 0px !important;}&#8221;][vc_row_inner][vc_column_inner width=&#8221;1\/3&#8243; offset=&#8221;vc_col-lg-3&#8243;][gt3_icon_box icon_type=&#8221;font&#8221; icon_fontawesome=&#8221;fas fa-calendar-alt&#8221; icon_position=&#8221;inline_title&#8221; icon_size=&#8221;mini&#8221; icon_color=&#8221;#f9b000&#8243; title_tag=&#8221;h3&#8243; iconbox_title_size=&#8221;18&#8243; use_theme_fonts_iconbox_title=&#8221;&#8221; google_fonts_iconbox_title=&#8221;font_family:Montserrat%3Aregular%2C700|font_style:700%20bold%20regular%3A700%3Anormal&#8221; title_color=&#8221;#192041&#8243; text_color=&#8221;#3c434b&#8221; link_color=&#8221;#a22531&#8243; link_hover_color=&#8221;#192041&#8243; new_tab=&#8221;&#8221; icon_circle=&#8221;&#8221; icon_add_number=&#8221;&#8221; heading=&#8221;Eventos&#8221; text=&#8221;Congresos, charlas, difusi\u00f3n de conocimiento&#8221; url=&#8221;#&#8221;][gt3_spacing height=&#8221;60px&#8221; responsive_es=&#8221;true&#8221; height_mobile=&#8221;40&#8243;][\/vc_column_inner][vc_column_inner width=&#8221;1\/3&#8243; offset=&#8221;vc_col-lg-offset-1 vc_col-lg-3&#8243;][gt3_icon_box icon_type=&#8221;font&#8221; icon_fontawesome=&#8221;fas fa-certificate&#8221; icon_position=&#8221;inline_title&#8221; icon_size=&#8221;mini&#8221; icon_color=&#8221;#f9b000&#8243; title_tag=&#8221;h3&#8243; iconbox_title_size=&#8221;18&#8243; use_theme_fonts_iconbox_title=&#8221;&#8221; google_fonts_iconbox_title=&#8221;font_family:Montserrat%3Aregular%2C700|font_style:700%20bold%20regular%3A700%3Anormal&#8221; title_color=&#8221;#192041&#8243; text_color=&#8221;#3c434b&#8221; link_color=&#8221;#f9b000&#8243; link_hover_color=&#8221;#192041&#8243; new_tab=&#8221;true&#8221; icon_circle=&#8221;&#8221; icon_add_number=&#8221;&#8221; heading=&#8221;Capacitaci\u00f3n&#8221; text=&#8221;Herramientas para la investigaci\u00f3n&#8221; url=&#8221;https:\/\/aulaposgrado.unemi.edu.ec\/course\/view.php?id=7319&#8243; url_text=&#8221;Aula virtual&#8221;][gt3_spacing height=&#8221;60px&#8221; responsive_es=&#8221;true&#8221; height_mobile=&#8221;40&#8243;][\/vc_column_inner][vc_column_inner width=&#8221;1\/3&#8243; offset=&#8221;vc_col-lg-offset-1 vc_col-lg-3&#8243;][gt3_icon_box icon_type=&#8221;font&#8221; icon_fontawesome=&#8221;fas fa-book&#8221; icon_position=&#8221;inline_title&#8221; icon_size=&#8221;mini&#8221; icon_color=&#8221;#f9b000&#8243; title_tag=&#8221;h3&#8243; iconbox_title_size=&#8221;18&#8243; use_theme_fonts_iconbox_title=&#8221;&#8221; google_fonts_iconbox_title=&#8221;font_family:Montserrat%3Aregular%2C700|font_style:700%20bold%20regular%3A700%3Anormal&#8221; title_color=&#8221;#192041&#8243; text_color=&#8221;#3c434b&#8221; link_color=&#8221;#a22531&#8243; link_hover_color=&#8221;#192041&#8243; new_tab=&#8221;&#8221; icon_circle=&#8221;&#8221; icon_add_number=&#8221;&#8221; heading=&#8221;Proyectos&#8221; text=&#8221;Institucional y de cooperaci\u00f3n internacional&#8221; url=&#8221;#&#8221;][gt3_spacing height=&#8221;60px&#8221; responsive_es=&#8221;true&#8221; height_mobile=&#8221;40&#8243;][\/vc_column_inner][\/vc_row_inner][\/vc_column][vc_column][\/vc_column][\/vc_row][vc_row full_width=&#8221;stretch_row_content&#8221; equal_height=&#8221;yes&#8221;][vc_column width=&#8221;1\/2&#8243; css=&#8221;.vc_custom_1692987519010{background-image: url(https:\/\/www.unemi.edu.ec\/wp-content\/uploads\/2023\/08\/imagen_ti2.jpg?id=36451) !important;background-position: center !important;background-repeat: no-repeat !important;background-size: cover !important;}&#8221; offset=&#8221;vc_hidden-xs&#8221;][\/vc_column][vc_column width=&#8221;1\/2&#8243; css=&#8221;.vc_custom_1692995264648{padding-top: 69px !important;padding-bottom: 50px !important;background-color: #002334 !important;background-position: center !important;background-repeat: no-repeat !important;background-size: cover !important;}&#8221;][vc_row_inner css=&#8221;.vc_custom_1486556679496{padding-right: 5% !important;padding-left: 5% !important;}&#8221;][vc_column_inner offset=&#8221;vc_col-md-offset-1 vc_col-md-8 vc_col-sm-offset-0&#8243;][gt3_custom_text text_color=&#8221;#ffffff&#8221; font_size=&#8221;24&#8243; use_theme_fonts=&#8221;&#8221; google_fonts_text=&#8221;font_family:Montserrat%3Aregular%2C700|font_style:700%20bold%20regular%3A700%3Anormal&#8221;]L\u00edneas de investigaci\u00f3n<\/p>\n<div id=\"gtx-trans\" style=\"position: absolute; left: 0px; top: 38px;\">\n<div class=\"gtx-trans-icon\"><\/div>\n<\/div>\n[\/gt3_custom_text][gt3_spacing height=&#8221;24px&#8221;][vc_separator color=&#8221;custom&#8221; align=&#8221;align_left&#8221; el_width=&#8221;75px&#8221; accent_color=&#8221;#f39a00&#8243;][gt3_spacing height=&#8221;27px&#8221;][gt3_custom_text text_color=&#8221;#ffffff&#8221; font_size=&#8221;16&#8243; line_height=&#8221;215&#8243;]\n<ol>\n<li><span style=\"font-size: 12pt;\">Educaci\u00f3n, cultura, tecnolog\u00eda en innovaci\u00f3n para la sociedad<\/span><\/li>\n<li><span style=\"font-size: 12pt;\">Desarrollo local y empresarial<\/span><\/li>\n<li><span style=\"font-size: 12pt;\">Sociedad de la informaci\u00f3n: gesti\u00f3n, medios y tecnolog\u00eda<\/span><\/li>\n<\/ol>\n[\/gt3_custom_text][\/vc_column_inner][\/vc_row_inner][\/vc_column][\/vc_row][vc_row css=&#8221;.vc_custom_1486541332092{padding-bottom: 50px !important;}&#8221;][vc_column css=&#8221;.vc_custom_1488964949148{padding-top: 35px !important;}&#8221;][gt3_spacing height=&#8221;32px&#8221;][vc_column_text]\n<h1 style=\"text-align: left;\">Equipo investigador<\/h1>\n<div id=\"gtx-trans\" style=\"position: absolute; left: 162px; top: 64.4375px;\">\n<div class=\"gtx-trans-icon\"><\/div>\n<\/div>\n[\/vc_column_text][gt3_spacing height=&#8221;32px&#8221;][gt3_team use_filter=&#8221;&#8221; posts_per_line=&#8221;4&#8243; grid_gap=&#8221;20px&#8221; build_query=&#8221;size:12|order_by:title|order:ASC|tax_query:393&#8243;][\/vc_column][\/vc_row][vc_row][vc_column][\/vc_column][\/vc_row]\n","protected":false},"excerpt":{"rendered":"<p>[vc_row][vc_column][gt3_spacing height=&#8221;75px&#8221;][vc_column_text] SofTech: Investigaci\u00f3n en Software y Tecnolog\u00eda [\/vc_column_text][gt3_spacing height=&#8221;75px&#8221;][\/vc_column][\/vc_row][vc_row css=&#8221;.vc_custom_1488197409817{padding-bottom: 30px !important;}&#8221;][vc_column width=&#8221;1\/2&#8243;][vc_single_image image=&#8221;36499&#8243; img_size=&#8221;full&#8221; alignment=&#8221;center&#8221;][gt3_spacing height=&#8221;50px&#8221;][\/vc_column][vc_column width=&#8221;1\/2&#8243;][vc_column_text]El grupo de investigaci\u00f3n en Software y Tecnolog\u00eda \u201cSOFTECH\u201d est\u00e1 compuesto por [&hellip;]<\/p>\n","protected":false},"author":19,"featured_media":0,"parent":6584,"menu_order":0,"comment_status":"closed","ping_status":"closed","template":"","meta":{"_joinchat":[],"footnotes":""},"class_list":["post-36407","page","type-page","status-publish","hentry"],"_links":{"self":[{"href":"https:\/\/www.unemi.edu.ec\/index.php\/wp-json\/wp\/v2\/pages\/36407","targetHints":{"allow":["GET"]}}],"collection":[{"href":"https:\/\/www.unemi.edu.ec\/index.php\/wp-json\/wp\/v2\/pages"}],"about":[{"href":"https:\/\/www.unemi.edu.ec\/index.php\/wp-json\/wp\/v2\/types\/page"}],"author":[{"embeddable":true,"href":"https:\/\/www.unemi.edu.ec\/index.php\/wp-json\/wp\/v2\/users\/19"}],"replies":[{"embeddable":true,"href":"https:\/\/www.unemi.edu.ec\/index.php\/wp-json\/wp\/v2\/comments?post=36407"}],"version-history":[{"count":80,"href":"https:\/\/www.unemi.edu.ec\/index.php\/wp-json\/wp\/v2\/pages\/36407\/revisions"}],"predecessor-version":[{"id":36510,"href":"https:\/\/www.unemi.edu.ec\/index.php\/wp-json\/wp\/v2\/pages\/36407\/revisions\/36510"}],"up":[{"embeddable":true,"href":"https:\/\/www.unemi.edu.ec\/index.php\/wp-json\/wp\/v2\/pages\/6584"}],"wp:attachment":[{"href":"https:\/\/www.unemi.edu.ec\/index.php\/wp-json\/wp\/v2\/media?parent=36407"}],"curies":[{"name":"wp","href":"https:\/\/api.w.org\/{rel}","templated":true}]}}