{"id":34732,"date":"2023-03-13T17:28:33","date_gmt":"2023-03-13T22:28:33","guid":{"rendered":"https:\/\/www.unemi.edu.ec\/?page_id=34732"},"modified":"2023-03-14T12:41:06","modified_gmt":"2023-03-14T17:41:06","slug":"business-innovation-and-technology-management","status":"publish","type":"page","link":"https:\/\/www.unemi.edu.ec\/index.php\/grupos-de-investigacion\/business-innovation-and-technology-management\/","title":{"rendered":"Business innovation and technology management"},"content":{"rendered":"<p style=\"text-align: justify;\">El objetivo del grupo es realizar investigaci\u00f3n en el campo de la innovaci\u00f3n de las empresas y la gesti\u00f3n de la tecnolog\u00eda de la informaci\u00f3n y comunicaci\u00f3n (TIC) aplicando t\u00e9cnica de an\u00e1lisis multivariantes.<\/p>\n<h2>Director\/a<\/h2>\n<ul>\n<li>Richard Ram\u00edrez Anormaliza<\/li>\n<\/ul>\n<h2>Integrantes<\/h2>\n<ul>\n<li>Robert Ram\u00edrez Granda<\/li>\n<li>Omar Franco Arias<\/li>\n<\/ul>\n","protected":false},"excerpt":{"rendered":"<p>El objetivo del grupo es realizar investigaci\u00f3n en el campo de la innovaci\u00f3n de las empresas y la gesti\u00f3n de la tecnolog\u00eda de la informaci\u00f3n y comunicaci\u00f3n (TIC) aplicando t\u00e9cnica [&hellip;]<\/p>\n","protected":false},"author":35,"featured_media":0,"parent":6584,"menu_order":0,"comment_status":"closed","ping_status":"closed","template":"","meta":{"_joinchat":[],"footnotes":""},"class_list":["post-34732","page","type-page","status-publish","hentry"],"_links":{"self":[{"href":"https:\/\/www.unemi.edu.ec\/index.php\/wp-json\/wp\/v2\/pages\/34732","targetHints":{"allow":["GET"]}}],"collection":[{"href":"https:\/\/www.unemi.edu.ec\/index.php\/wp-json\/wp\/v2\/pages"}],"about":[{"href":"https:\/\/www.unemi.edu.ec\/index.php\/wp-json\/wp\/v2\/types\/page"}],"author":[{"embeddable":true,"href":"https:\/\/www.unemi.edu.ec\/index.php\/wp-json\/wp\/v2\/users\/35"}],"replies":[{"embeddable":true,"href":"https:\/\/www.unemi.edu.ec\/index.php\/wp-json\/wp\/v2\/comments?post=34732"}],"version-history":[{"count":1,"href":"https:\/\/www.unemi.edu.ec\/index.php\/wp-json\/wp\/v2\/pages\/34732\/revisions"}],"predecessor-version":[{"id":34733,"href":"https:\/\/www.unemi.edu.ec\/index.php\/wp-json\/wp\/v2\/pages\/34732\/revisions\/34733"}],"up":[{"embeddable":true,"href":"https:\/\/www.unemi.edu.ec\/index.php\/wp-json\/wp\/v2\/pages\/6584"}],"wp:attachment":[{"href":"https:\/\/www.unemi.edu.ec\/index.php\/wp-json\/wp\/v2\/media?parent=34732"}],"curies":[{"name":"wp","href":"https:\/\/api.w.org\/{rel}","templated":true}]}}