{"id":34729,"date":"2023-03-13T17:24:30","date_gmt":"2023-03-13T22:24:30","guid":{"rendered":"https:\/\/www.unemi.edu.ec\/?page_id=34729"},"modified":"2023-03-13T17:24:30","modified_gmt":"2023-03-13T22:24:30","slug":"biotecnologia-aplicada-e-ingenieria-ambiental","status":"publish","type":"page","link":"https:\/\/www.unemi.edu.ec\/index.php\/grupos-de-investigacion\/biotecnologia-aplicada-e-ingenieria-ambiental\/","title":{"rendered":"Biotecnolog\u00eda aplicada e ingenier\u00eda ambiental"},"content":{"rendered":"<p style=\"text-align: justify;\">El grupo abordar\u00e1 como l\u00edneas relacionadas con aplicaciones biotecnol\u00f3gicas en \u00e1mbitos agr\u00edcolas, ambientales y de la salud. Pretende agrupar a investigadores especialistas en el estudio de seres vivos a diferentes niveles de organizaci\u00f3n: mol\u00e9cula, microorganismo, algas, plantas, ecosistemas o paisajes; as\u00ed como de los efectos nocivos de la sociedad y sus procesos industriales en el ecosistema. Los \u00e1mbitos de inter\u00e9s de este grupo abarcan la agricultura, el ambiente y alimentaci\u00f3n. Un objetivo prioritario ser\u00e1 apalancar la investigaci\u00f3n en la FACI mediante la incorporaci\u00f3n en sus proyectos de docentes-investigadores n\u00f3veles, as\u00ed como de estudiantes. Entendemos la investigaci\u00f3n como un proceso de adquisici\u00f3n de conocimientos y habilidades, sostenido en el tiempo y transformador de las realidades no deseadas en el actual momento hist\u00f3rico.<\/p>\n<h2>Director\/a<\/h2>\n<ul>\n<li>Sim\u00f3n P\u00e9rez Mart\u00ednez<\/li>\n<\/ul>\n<h2>Integrantes<\/h2>\n<ul>\n<li>Manuel Fiallos C\u00e1rdenas<\/li>\n<li>Juan Diego Valenzuela<\/li>\n<li>M\u00f3nica Villamar Aveiga<\/li>\n<li>Daynet Sosa del Castillo<\/li>\n<\/ul>\n","protected":false},"excerpt":{"rendered":"<p>El grupo abordar\u00e1 como l\u00edneas relacionadas con aplicaciones biotecnol\u00f3gicas en \u00e1mbitos agr\u00edcolas, ambientales y de la salud. Pretende agrupar a investigadores especialistas en el estudio de seres vivos a diferentes [&hellip;]<\/p>\n","protected":false},"author":35,"featured_media":0,"parent":6584,"menu_order":0,"comment_status":"closed","ping_status":"closed","template":"","meta":{"_joinchat":[],"footnotes":""},"class_list":["post-34729","page","type-page","status-publish","hentry"],"_links":{"self":[{"href":"https:\/\/www.unemi.edu.ec\/index.php\/wp-json\/wp\/v2\/pages\/34729","targetHints":{"allow":["GET"]}}],"collection":[{"href":"https:\/\/www.unemi.edu.ec\/index.php\/wp-json\/wp\/v2\/pages"}],"about":[{"href":"https:\/\/www.unemi.edu.ec\/index.php\/wp-json\/wp\/v2\/types\/page"}],"author":[{"embeddable":true,"href":"https:\/\/www.unemi.edu.ec\/index.php\/wp-json\/wp\/v2\/users\/35"}],"replies":[{"embeddable":true,"href":"https:\/\/www.unemi.edu.ec\/index.php\/wp-json\/wp\/v2\/comments?post=34729"}],"version-history":[{"count":1,"href":"https:\/\/www.unemi.edu.ec\/index.php\/wp-json\/wp\/v2\/pages\/34729\/revisions"}],"predecessor-version":[{"id":34730,"href":"https:\/\/www.unemi.edu.ec\/index.php\/wp-json\/wp\/v2\/pages\/34729\/revisions\/34730"}],"up":[{"embeddable":true,"href":"https:\/\/www.unemi.edu.ec\/index.php\/wp-json\/wp\/v2\/pages\/6584"}],"wp:attachment":[{"href":"https:\/\/www.unemi.edu.ec\/index.php\/wp-json\/wp\/v2\/media?parent=34729"}],"curies":[{"name":"wp","href":"https:\/\/api.w.org\/{rel}","templated":true}]}}