{"id":34715,"date":"2023-03-13T15:20:53","date_gmt":"2023-03-13T20:20:53","guid":{"rendered":"https:\/\/www.unemi.edu.ec\/?page_id=34715"},"modified":"2023-03-13T15:20:53","modified_gmt":"2023-03-13T20:20:53","slug":"grupo-de-investigacion-de-automatizacion-y-control-industrial-giaci","status":"publish","type":"page","link":"https:\/\/www.unemi.edu.ec\/index.php\/grupos-de-investigacion\/grupo-de-investigacion-de-automatizacion-y-control-industrial-giaci\/","title":{"rendered":"Grupo de Investigaci\u00f3n de Automatizaci\u00f3n y Control Industrial (GIACI)"},"content":{"rendered":"<p style=\"text-align: justify;\">El objetivo de este proyecto es controlar de la mejor manera los procesos qu\u00edmicos industriales mediante el dise\u00f1o de controles optimales para optimizar los procesos en el empleo de recursos y materias primas para la industria y desarrollar algoritmos para optimizar los procesos de detecci\u00f3n autom\u00e1tica de plagas y de malezas para predecir la raz\u00f3n de fertilizaci\u00f3n y el empleo de fungicidas para los cultivos y del riego de precisi\u00f3n empleando t\u00e9cnicas de la inteligencia artificial de manera que estos algoritmos inteligentes permitan aumentar la productividad en instituciones agroindustriales peque\u00f1as o medianas.<\/p>\n<h3>L\u00edneas de investigaci\u00f3n<\/h3>\n<ul>\n<li>Desarrollo sostenible<\/li>\n<\/ul>\n<h3>Director\/a<\/h3>\n<ul>\n<li>Ar\u00edstides Reyes Bacard\u00ed<\/li>\n<\/ul>\n<h3>Integrantes<\/h3>\n<ul>\n<li>Byron Romero Romero<\/li>\n<li>Jhonny Ortiz Mata<\/li>\n<li>Alberto Le\u00f3n Batallas<\/li>\n<li>Kleber Sornoza<\/li>\n<li>Javier Alc\u00e1zar<\/li>\n<li>Luis Buchelli<\/li>\n<li>Johnny L\u00f3pez<\/li>\n<li>Pedro Noboa<\/li>\n<li>David D\u00e1ger<\/li>\n<li>Eugenio Cesar S\u00e1nchez<\/li>\n<\/ul>\n","protected":false},"excerpt":{"rendered":"<p>El objetivo de este proyecto es controlar de la mejor manera los procesos qu\u00edmicos industriales mediante el dise\u00f1o de controles optimales para optimizar los procesos en el empleo de recursos [&hellip;]<\/p>\n","protected":false},"author":35,"featured_media":0,"parent":6584,"menu_order":0,"comment_status":"closed","ping_status":"closed","template":"","meta":{"_joinchat":[],"footnotes":""},"class_list":["post-34715","page","type-page","status-publish","hentry"],"_links":{"self":[{"href":"https:\/\/www.unemi.edu.ec\/index.php\/wp-json\/wp\/v2\/pages\/34715","targetHints":{"allow":["GET"]}}],"collection":[{"href":"https:\/\/www.unemi.edu.ec\/index.php\/wp-json\/wp\/v2\/pages"}],"about":[{"href":"https:\/\/www.unemi.edu.ec\/index.php\/wp-json\/wp\/v2\/types\/page"}],"author":[{"embeddable":true,"href":"https:\/\/www.unemi.edu.ec\/index.php\/wp-json\/wp\/v2\/users\/35"}],"replies":[{"embeddable":true,"href":"https:\/\/www.unemi.edu.ec\/index.php\/wp-json\/wp\/v2\/comments?post=34715"}],"version-history":[{"count":1,"href":"https:\/\/www.unemi.edu.ec\/index.php\/wp-json\/wp\/v2\/pages\/34715\/revisions"}],"predecessor-version":[{"id":34721,"href":"https:\/\/www.unemi.edu.ec\/index.php\/wp-json\/wp\/v2\/pages\/34715\/revisions\/34721"}],"up":[{"embeddable":true,"href":"https:\/\/www.unemi.edu.ec\/index.php\/wp-json\/wp\/v2\/pages\/6584"}],"wp:attachment":[{"href":"https:\/\/www.unemi.edu.ec\/index.php\/wp-json\/wp\/v2\/media?parent=34715"}],"curies":[{"name":"wp","href":"https:\/\/api.w.org\/{rel}","templated":true}]}}